{"id":2972,"date":"2019-12-12T20:15:45","date_gmt":"2019-12-12T18:15:45","guid":{"rendered":"https:\/\/dralexandrostraianos.gr\/?page_id=2972"},"modified":"2023-05-23T12:41:02","modified_gmt":"2023-05-23T09:41:02","slug":"oroi-kai-proipotheseis","status":"publish","type":"page","link":"https:\/\/dralexandrostraianos.gr\/al\/oroi-kai-proipotheseis\/","title":{"rendered":"Termat dhe Kushtet"},"content":{"rendered":"<div data-elementor-type=\"wp-page\" data-elementor-id=\"2972\" class=\"elementor elementor-2972\" data-elementor-post-type=\"page\">\n\t\t\t\t\t\t<section class=\"elementor-section elementor-top-section elementor-element elementor-element-b0b17e9 elementor-section-full_width elementor-section-height-min-height elementor-section-items-bottom elementor-section-stretched elementor-section-height-default\" data-id=\"b0b17e9\" data-element_type=\"section\" data-e-type=\"section\" data-settings=\"{&quot;background_background&quot;:&quot;classic&quot;,&quot;stretch_section&quot;:&quot;section-stretched&quot;}\">\n\t\t\t\t\t\t<div class=\"elementor-container elementor-column-gap-no\">\n\t\t\t\t\t<div class=\"elementor-column elementor-col-100 elementor-top-column elementor-element elementor-element-71ee8909\" data-id=\"71ee8909\" data-element_type=\"column\" data-e-type=\"column\" data-settings=\"{&quot;background_background&quot;:&quot;classic&quot;}\">\n\t\t\t<div class=\"elementor-widget-wrap elementor-element-populated\">\n\t\t\t\t\t\t<section class=\"elementor-section elementor-inner-section elementor-element elementor-element-292d0444 elementor-section-full_width elementor-section-height-default elementor-section-height-default\" data-id=\"292d0444\" data-element_type=\"section\" data-e-type=\"section\">\n\t\t\t\t\t\t<div class=\"elementor-container elementor-column-gap-default\">\n\t\t\t\t\t<div class=\"elementor-column elementor-col-100 elementor-inner-column elementor-element elementor-element-4a027fa4\" data-id=\"4a027fa4\" data-element_type=\"column\" data-e-type=\"column\" data-settings=\"{&quot;background_background&quot;:&quot;classic&quot;}\">\n\t\t\t<div class=\"elementor-widget-wrap elementor-element-populated\">\n\t\t\t\t\t\t<div class=\"elementor-element elementor-element-11639e3b elementor-widget elementor-widget-heading\" data-id=\"11639e3b\" data-element_type=\"widget\" data-e-type=\"widget\" data-widget_type=\"heading.default\">\n\t\t\t\t<div class=\"elementor-widget-container\">\n\t\t\t\t\t<h1 class=\"elementor-heading-title elementor-size-default\">Termat dhe Kushtet<\/h1>\t\t\t\t<\/div>\n\t\t\t\t<\/div>\n\t\t\t\t\t<\/div>\n\t\t<\/div>\n\t\t\t\t\t<\/div>\n\t\t<\/section>\n\t\t\t\t<section class=\"elementor-section elementor-inner-section elementor-element elementor-element-2ba5bd61 elementor-section-full_width elementor-section-height-default elementor-section-height-default\" data-id=\"2ba5bd61\" data-element_type=\"section\" data-e-type=\"section\">\n\t\t\t\t\t\t<div class=\"elementor-container elementor-column-gap-default\">\n\t\t\t\t\t<div class=\"elementor-column elementor-col-100 elementor-inner-column elementor-element elementor-element-4057b018\" data-id=\"4057b018\" data-element_type=\"column\" data-e-type=\"column\" data-settings=\"{&quot;background_background&quot;:&quot;classic&quot;}\">\n\t\t\t<div class=\"elementor-widget-wrap elementor-element-populated\">\n\t\t\t\t\t\t<div class=\"elementor-element elementor-element-10d47f77 elementor-widget elementor-widget-heading\" data-id=\"10d47f77\" data-element_type=\"widget\" data-e-type=\"widget\" data-widget_type=\"heading.default\">\n\t\t\t\t<div class=\"elementor-widget-container\">\n\t\t\t\t\t<p class=\"elementor-heading-title elementor-size-default\">Qendra p\u00ebr Mjek\u00ebsin\u00eb Riprodhuese dhe Mjek\u00ebsi Fetale Alexandros V. Traianos <\/p>\t\t\t\t<\/div>\n\t\t\t\t<\/div>\n\t\t\t\t\t<\/div>\n\t\t<\/div>\n\t\t\t\t\t<\/div>\n\t\t<\/section>\n\t\t\t\t\t<\/div>\n\t\t<\/div>\n\t\t\t\t\t<\/div>\n\t\t<\/section>\n\t\t\t\t<section class=\"elementor-section elementor-top-section elementor-element elementor-element-4378cfcd elementor-section-full_width elementor-section-stretched elementor-section-height-default elementor-section-height-default\" data-id=\"4378cfcd\" data-element_type=\"section\" data-e-type=\"section\" data-settings=\"{&quot;stretch_section&quot;:&quot;section-stretched&quot;}\">\n\t\t\t\t\t\t<div class=\"elementor-container elementor-column-gap-default\">\n\t\t\t\t\t<div class=\"elementor-column elementor-col-66 elementor-top-column elementor-element elementor-element-1d9a3d39\" data-id=\"1d9a3d39\" data-element_type=\"column\" data-e-type=\"column\">\n\t\t\t<div class=\"elementor-widget-wrap elementor-element-populated\">\n\t\t\t\t\t\t<div class=\"elementor-element elementor-element-7dbf5e7 elementor-widget elementor-widget-text-editor\" data-id=\"7dbf5e7\" data-element_type=\"widget\" data-e-type=\"widget\" data-widget_type=\"text-editor.default\">\n\t\t\t\t<div class=\"elementor-widget-container\">\n\t\t\t\t\t\t\t\t\t<p>dralexandrostraianos.gr\/ p\u00ebrmes faqes s\u00eb saj t\u00eb internetit <a href=\"https:\/\/dralexandrostraianos.gr\/al\/\">https:\/\/dralexandrostraianos.gr\/<\/a>\u00a0informon p\u00ebrdoruesin\/vizitorin p\u00ebr q\u00ebllimin e kompanis\u00eb, sh\u00ebrbimet dhe produktet q\u00eb ofron.<\/p><p>Q\u00ebllimi i k\u00ebsaj \u00ebsht\u00eb t&#039;i siguroj\u00eb p\u00ebrdoruesit\/vizitorit informacionin e nevojsh\u00ebm n\u00eb lidhje me termat dhe kushtet q\u00eb rregullojn\u00eb p\u00ebrdorimin e faqes s\u00eb internetit\u00a0 <a href=\"https:\/\/dralexandrostraianos.gr\/al\/\">https:\/\/dralexandrostraianos.gr\/<\/a> (n\u00eb tekstin e m\u00ebtejm\u00eb &quot;faqja e internetit&quot;), t\u00eb cilat \u00e7do p\u00ebrdorues\/vizitor duhet t&#039;i studioj\u00eb me kujdes dhe n\u00eb rast mosmarr\u00ebveshjeje t\u00eb p\u00ebrmbahet nga \u00e7do p\u00ebrdorim i tyre.<br \/>P\u00ebrdorimi i faqes n\u00eb internet presupozon pranimin e shprehur, t\u00eb parezervuar dhe t\u00eb plot\u00eb t\u00eb kushteve t\u00eb deklaruara, t\u00eb cilat zbatohen p\u00ebr t\u00eb gjith\u00eb p\u00ebrmbajtjen e saj.<\/p><p>1. T\u00eb drejtat e pron\u00ebsis\u00eb intelektuale dhe industriale<br \/>E gjith\u00eb p\u00ebrmbajtja e faqes s\u00eb internetit dralexandrostraianos.gr dhe n\u00eb ve\u00e7anti informacioni dhe t\u00eb dh\u00ebnat e p\u00ebrfshira n\u00eb faqen zyrtare t\u00eb dralexandrostraianos.gr, duke p\u00ebrfshir\u00eb por pa u kufizuar n\u00eb markat tregtare, imazhet, fotot, tekstet, diagramet, sh\u00ebrbimet e ofruara, produktet dhe n\u00eb p\u00ebrgjith\u00ebsi t\u00eb gjitha llojet t\u00eb dosjeve n\u00eb lidhje me produktet e ofruara, jan\u00eb pron\u00eb intelektuale e dralexandrostraianos.gr dhe mbrohen nga dispozitat ligjore p\u00ebrkat\u00ebse t\u00eb ligjit komunitar dhe atij grek p\u00ebr pron\u00ebsin\u00eb intelektuale (ligji 2121\/1993), duke p\u00ebrjashtuar t\u00eb drejtat e mbrojtura t\u00eb pal\u00ebve t\u00eb treta. P\u00ebr m\u00eb tep\u00ebr, emrat q\u00eb u jepen produkteve t\u00eb dralexandrostraianos.gr, logot dhe ve\u00e7orit\u00eb dalluese t\u00eb p\u00ebrfshira n\u00eb t\u00eb, jan\u00eb ose marka t\u00eb regjistruara ose ve\u00e7ori t\u00eb ve\u00e7anta dalluese t\u00eb faqes s\u00eb internetit. Ato mbrohen nga legjislacioni p\u00ebrkat\u00ebs grek dhe komunitar p\u00ebr markat tregtare, pron\u00ebsin\u00eb industriale dhe intelektuale dhe konkurrenc\u00ebn e pandershme.<br \/>Prandaj, \u00ebsht\u00eb e ndaluar pa lejen paraprake me shkrim t\u00eb dralexandrostraianos.gr, t\u00ebr\u00ebsisht ose pjes\u00ebrisht modifikimi, publikimi, transmetimi, transferimi, riprodhimi, shp\u00ebrndarja, prezantimi ose p\u00ebrdorimi ndryshe i p\u00ebrmbajtjes s\u00eb faqes s\u00eb internetit t\u00eb dralexandrostraianos.gr, n\u00eb \u00e7far\u00ebdo m\u00ebnyre. ose mjete p\u00ebr q\u00ebllime komerciale ose t\u00eb tjera.<\/p><p>2. Detyrimet e p\u00ebrdoruesit\/vizitorit<br \/>P\u00ebrdoruesi\/vizitori \u00ebsht\u00eb i detyruar t\u00eb mos shkel\u00eb dhe t\u00eb respektoj\u00eb rregullat dhe dispozitat e s\u00eb drejt\u00ebs greke, evropiane dhe nd\u00ebrkomb\u00ebtare. Ai gjithashtu deklaron me p\u00ebrgjegj\u00ebsi, se nuk do t\u00eb p\u00ebrdor\u00eb faqen e internetit t\u00eb dralexandrostraianos.gr p\u00ebr t\u00eb publikuar dhe transmetuar ose v\u00ebn\u00eb n\u00eb dispozicion n\u00eb m\u00ebnyra t\u00eb tjera p\u00ebrmbajtje q\u00eb jan\u00eb t\u00eb paligjshme, k\u00ebrc\u00ebnuese ose p\u00ebr t\u00eb shprehur n\u00ebp\u00ebrmjet saj ndjeshm\u00ebri, diskriminim racor ose tjet\u00ebr, p\u00ebr t\u00eb cenuar ndonj\u00eb patent\u00eb, komerciale. marka tregtare, e drejta e autorit ose t\u00eb drejta t\u00eb tjera pron\u00ebsore t\u00eb pal\u00ebve t\u00eb treta, p\u00ebrmbajn\u00eb viruse softuer\u00ebsh ose \u00e7do kod tjet\u00ebr, skedar ose program t\u00eb krijuar p\u00ebr t\u00eb d\u00ebmtuar, shkat\u00ebrruar ose nd\u00ebrhyr\u00eb n\u00eb funksionimin e \u00e7do softueri ose hardueri kompjuterik.<br \/>dralexandrostraianos.gr dhe n\u00eb p\u00ebrgjith\u00ebsi te dralexandrostraianos.gr, duke iu referuar p\u00ebrdorimit t\u00eb keq ose t\u00eb padrejt\u00eb t\u00eb faqes s\u00eb internetit dhe sh\u00ebrbimeve q\u00eb ofrohen n\u00ebp\u00ebrmjet saj.<br \/>N\u00eb rast se dralexandrostraianos.gr p\u00ebrfshihet n\u00eb ndonj\u00eb mosmarr\u00ebveshje ose u k\u00ebrkohet t\u00eb paguaj\u00eb pal\u00ebve t\u00eb treta \u00e7do lloj kompensimi, p\u00ebr arsye t\u00eb shkeljes s\u00eb detyrimeve t\u00eb p\u00ebrdoruesit\/vizitorit, p\u00ebrdoruesi\/vizitori duhet t\u00eb kompensoj\u00eb dralexandrostraianos.gr p\u00ebr kjo arsye.<\/p><p>3. Deklarata e dralexandrostraianos.gr. Kufizimi i p\u00ebrgjegj\u00ebsis\u00eb<br \/>dralexandrostraianos.gr b\u00ebn \u00e7do p\u00ebrpjekje q\u00eb informacioni dhe e gjith\u00eb p\u00ebrmbajtja e faqes s\u00eb tij t\u00eb internetit t\u00eb rregullohen nga sakt\u00ebsia, vlefshm\u00ebria, qart\u00ebsia dhe korrekt\u00ebsia, n\u00eb m\u00ebnyr\u00eb q\u00eb p\u00ebrdoruesit\/vizitor\u00ebt t\u00eb krijojn\u00eb nj\u00eb pamje sa m\u00eb t\u00eb plot\u00eb t\u00eb produkteve dhe sh\u00ebrbimeve t\u00eb ofruara. t\u00eb dralexandrostraianos.gr.<br \/>P\u00ebrdoruesi \u00ebsht\u00eb i vetmi p\u00ebrgjegj\u00ebs p\u00ebr p\u00ebrdorimin, vler\u00ebsimin, vler\u00ebsimin dhe shfryt\u00ebzimin e informacionit t\u00eb dh\u00ebn\u00eb. Marrja e \u00e7do biznesi ose vendimi tjet\u00ebr bazuar n\u00eb k\u00ebt\u00eb informacion \u00ebsht\u00eb p\u00ebrgjegj\u00ebsi e vetme e p\u00ebrdoruesit dhe dralexandrostraianos.gr nuk \u00ebsht\u00eb i detyruar t\u00eb mbuloj\u00eb ose korrigjoj\u00eb humbjet ose diferencat nga p\u00ebrdorimi i informacionit t\u00eb dh\u00ebn\u00eb p\u00ebrmes faqes s\u00eb internetit.<br \/>dralexandrostraianos.gr nd\u00ebrmerr veprimet e nevojshme p\u00ebr funksionimin pa probleme dhe t\u00eb rregullt t\u00eb faqes s\u00eb saj t\u00eb internetit, por pa garantuar q\u00eb funksionimi i tij do t\u00eb jet\u00eb pa gabime apo probleme t\u00eb tjera teknike. dralexandrostraianos.gr nuk mban asnj\u00eb p\u00ebrgjegj\u00ebsi p\u00ebr d\u00ebmet q\u00eb mund t\u00eb shkaktohen nga qasja dhe p\u00ebrdorimi i faqes s\u00eb internetit t\u00eb kompanis\u00eb.<\/p><p>4. Mbrojtja e t\u00eb dh\u00ebnave personale t\u00eb p\u00ebrdoruesve<br \/>dralexandrostraianos.gran e kupton se sa e r\u00ebnd\u00ebsishme \u00ebsht\u00eb t\u00eb mbrosh t\u00eb dh\u00ebnat personale t\u00eb p\u00ebrdoruesve t\u00eb saj t\u00eb faqes s\u00eb internetit.<br \/>Informacione t\u00eb holl\u00ebsishme mbi mbrojtjen e t\u00eb dh\u00ebnave tuaja personale dhe t\u00eb drejtave tuaja jan\u00eb t\u00eb disponueshme n\u00eb Njoftimin e Privat\u00ebsis\u00eb <a href=\"https:\/\/dralexandrostraianos.gr\/al\/privacy-policy\/\">https:\/\/dralexandrostraianos.gr\/privacy-policy\/<\/a>.<\/p><p>5. Drejtimi n\u00eb faqet e pal\u00ebve t\u00eb treta<br \/>N\u00ebp\u00ebrmjet lidhjeve speciale (lidhje, hiperlidhje, banderola), p\u00ebrdoruesit\/vizitor\u00ebt mund t\u00eb drejtohen n\u00ebp\u00ebrmjet faqes s\u00eb internetit dralexandrostraianos.gr n\u00eb faqet e internetit t\u00eb pal\u00ebve t\u00eb treta. P\u00ebrmbajtja e k\u00ebtyre faqeve t\u00eb internetit \u00ebsht\u00eb krijuar n\u00ebn p\u00ebrgjegj\u00ebsin\u00eb ekskluzive t\u00eb pronar\u00ebve t\u00eb tyre.dralexandrostraianos.gr nuk \u00ebsht\u00eb n\u00eb asnj\u00eb m\u00ebnyr\u00eb p\u00ebrgjegj\u00ebse p\u00ebr p\u00ebrmbajtjen, korrekt\u00ebsin\u00eb, ligjshm\u00ebrin\u00eb, plot\u00ebsin\u00eb, koh\u00ebzgjatjen dhe sakt\u00ebsin\u00eb e informacionit n\u00eb faqet e m\u00ebsip\u00ebrme t\u00eb internetit.<\/p><p>6. P\u00ebrdorimi i Cookies<br \/>Cookies p\u00ebrkufizohen si skedar\u00eb t\u00eb vegj\u00ebl teksti, t\u00eb cil\u00ebt d\u00ebrgohen p\u00ebr t&#039;u ruajtur nga serveri i uebit i d\u00ebrguesit t\u00eb cookie-t n\u00eb pajisjen terminale t\u00eb p\u00ebrdoruesit dhe funksioni baz\u00eb i t\u00eb cil\u00ebve \u00ebsht\u00eb regjistrimi dhe d\u00ebrgimi i t\u00eb dh\u00ebnave t\u00eb ruajtura t\u00eb shfletuesit t\u00eb p\u00ebrdoruesit (&quot;shfletuesi i internetit&quot; ) p\u00ebr d\u00ebrguesin.<br \/>Informacioni i detajuar mbi p\u00ebrdorimin e Cookies nga faqet tona t\u00eb internetit dhe opsionet tuaja jan\u00eb t\u00eb disponueshme n\u00eb Politik\u00ebn e Cookies <a href=\"https:\/\/drathinatraianou.gr\/cookie-policy\" target=\"_blank\" rel=\"noopener\">https:\/\/dralexandrostraianos.gr\/cookie-policy<\/a>\/.<\/p><p>7. Ligji n\u00eb fuqi \u2013 Juridiksion<br \/>K\u00ebto kushte p\u00ebrdorimi rregullohen nga ligji grek. P\u00ebr zgjidhjen e \u00e7do mosmarr\u00ebveshjeje q\u00eb lind n\u00eb kuad\u00ebr t\u00eb zbatimit t\u00eb k\u00ebtyre kushteve, gjykatat kompetente jan\u00eb ato t\u00eb Athin\u00ebs.<\/p><p>8. Dispozita t\u00eb tjera<br \/>8.1. \u00c7do d\u00ebshtim apo vones\u00eb e dralexandrostraianos.gr p\u00ebr t\u00eb ushtruar t\u00eb drejtat e tij ligjore ose kontraktuale, q\u00eb rrjedhin nga k\u00ebto kushte p\u00ebrdorimi, nuk mund t\u00eb interpretohet si heqje dor\u00eb prej tyre dhe as t\u00eb drejtat e tij nuk mund t\u00eb konsiderohen t\u00eb dob\u00ebsuara.<br \/>8.2. T\u00eb gjitha kushtet e m\u00ebsip\u00ebrme jan\u00eb pranuar t\u00eb jen\u00eb thelb\u00ebsore. Ato mund t\u00eb modifikohen me shkrim.<br \/>8.3. Pavlefshm\u00ebria ose anulimi i nj\u00eb afati nuk cenon vlefshm\u00ebrin\u00eb e kushteve t\u00eb mbetura t\u00eb k\u00ebtij afati.<\/p><p>9. Modifikimi i Kushteve<br \/>K\u00ebto kushte p\u00ebrdorimi mund t\u00eb rinovohen dhe modifikohen nga dralexandrostraianos.gr t\u00ebr\u00ebsisht ose pjes\u00ebrisht, sa her\u00eb q\u00eb kjo konsiderohet e nevojshme.<br \/>P\u00ebrdoruesi\/vizitori, n\u00eb kuad\u00ebr t\u00eb mir\u00ebbesimit dhe etik\u00ebs s\u00eb biznesit, duhet t\u00eb kontrolloj\u00eb \u00e7do her\u00eb p\u00ebr modifikime t\u00eb mundshme, n\u00eb p\u00ebrputhje me k\u00ebt\u00eb.<\/p><p>10. Abonohuni n\u00eb buletinin dhe formularin e kontaktit<br \/>P\u00ebrmbajtja e komunikimit t\u00eb d\u00ebrguar p\u00ebrmes buletinit t\u00eb kompanis\u00eb dhe formularit t\u00eb kontaktit \u00ebsht\u00eb rrept\u00ebsisht konfidenciale. Mbledhja e t\u00eb dh\u00ebnave i ofron dralexandrostraianos.gr ekskluzivisht mund\u00ebsin\u00eb e komunikimit me p\u00ebrdoruesin\/vizitorin e faqes s\u00eb internetit. T\u00eb dh\u00ebnat personale t\u00eb dor\u00ebzuara p\u00ebrmes buletinit t\u00eb kompanis\u00eb dhe formularit t\u00eb kontaktit mblidhen dhe mbrohen n\u00eb p\u00ebrputhje me Politik\u00ebn e Privat\u00ebsis\u00eb <a href=\"https:\/\/dralexandrostraianos.gr\/al\/privacy-policy\/\">https:\/\/dralexandrostraianos.gr\/privacy-policy<\/a>.<\/p><p>.<\/p>\t\t\t\t\t\t\t\t<\/div>\n\t\t\t\t<\/div>\n\t\t\t\t\t<\/div>\n\t\t<\/div>\n\t\t\t\t<div class=\"elementor-column elementor-col-33 elementor-top-column elementor-element elementor-element-3fbd1e3c\" data-id=\"3fbd1e3c\" data-element_type=\"column\" data-e-type=\"column\">\n\t\t\t<div class=\"elementor-widget-wrap elementor-element-populated\">\n\t\t\t\t\t\t<div class=\"elementor-element elementor-element-693b629b elementor-widget elementor-widget-image\" data-id=\"693b629b\" data-element_type=\"widget\" data-e-type=\"widget\" data-settings=\"{&quot;sticky&quot;:&quot;top&quot;,&quot;sticky_offset&quot;:100,&quot;sticky_parent&quot;:&quot;yes&quot;,&quot;sticky_on&quot;:[&quot;desktop&quot;,&quot;tablet&quot;,&quot;mobile&quot;],&quot;sticky_effects_offset&quot;:0,&quot;sticky_anchor_link_offset&quot;:0}\" data-widget_type=\"image.default\">\n\t\t\t\t<div class=\"elementor-widget-container\">\n\t\t\t\t\t\t\t\t\t\t\t\t<figure class=\"wp-caption\">\n\t\t\t\t\t\t\t\t\t\t<img decoding=\"async\" width=\"800\" height=\"533\" src=\"https:\/\/dralexandrostraianos.gr\/wp-content\/uploads\/2023\/03\/artificial-insemination-fertilization-of-human-egg-cell-by-sper-1024x682.jpg\" class=\"attachment-large size-large wp-image-7292\" alt=\"\" srcset=\"https:\/\/dralexandrostraianos.gr\/wp-content\/uploads\/2023\/03\/artificial-insemination-fertilization-of-human-egg-cell-by-sper-1024x682.jpg 1024w, https:\/\/dralexandrostraianos.gr\/wp-content\/uploads\/2023\/03\/artificial-insemination-fertilization-of-human-egg-cell-by-sper-300x200.jpg 300w, https:\/\/dralexandrostraianos.gr\/wp-content\/uploads\/2023\/03\/artificial-insemination-fertilization-of-human-egg-cell-by-sper-768x512.jpg 768w, https:\/\/dralexandrostraianos.gr\/wp-content\/uploads\/2023\/03\/artificial-insemination-fertilization-of-human-egg-cell-by-sper-1536x1024.jpg 1536w, https:\/\/dralexandrostraianos.gr\/wp-content\/uploads\/2023\/03\/artificial-insemination-fertilization-of-human-egg-cell-by-sper-18x12.jpg 18w, https:\/\/dralexandrostraianos.gr\/wp-content\/uploads\/2023\/03\/artificial-insemination-fertilization-of-human-egg-cell-by-sper.jpg 2000w\" sizes=\"(max-width: 800px) 100vw, 800px\" \/>\t\t\t\t\t\t\t\t\t\t\t<figcaption class=\"widget-image-caption wp-caption-text\">dralexandrostraianos.gr<\/figcaption>\n\t\t\t\t\t\t\t\t\t\t<\/figure>\n\t\t\t\t\t\t\t\t\t<\/div>\n\t\t\t\t<\/div>\n\t\t\t\t\t<\/div>\n\t\t<\/div>\n\t\t\t\t\t<\/div>\n\t\t<\/section>\n\t\t\t\t<\/div>","protected":false},"excerpt":{"rendered":"<p>Qendra p\u00ebr Mjek\u00ebsi Riprodhuese dhe Embriologji Alexandros V. Traianos dralexandrostraianos.gr\/ p\u00ebrmes faqes s\u00eb saj t\u00eb internetit https:\/\/dralexandrostraianos.gr\/ informon p\u00ebrdoruesin\/vizitorin rreth q\u00ebllimit t\u00eb kompanis\u00eb, sh\u00ebrbimeve dhe produkteve q\u00eb ofron. Q\u00ebllimi i k\u00ebsaj \u00ebsht\u00eb t&#039;i ofroj\u00eb p\u00ebrdoruesit\/vizitorit informacionin e nevojsh\u00ebm n\u00eb lidhje me termat dhe kushtet q\u00eb rregullojn\u00eb p\u00ebrdorimin e [\u2026]<\/p>","protected":false},"author":9,"featured_media":2967,"parent":0,"menu_order":0,"comment_status":"closed","ping_status":"open","template":"","meta":{"footnotes":""},"class_list":["post-2972","page","type-page","status-publish","has-post-thumbnail","hentry"],"_links":{"self":[{"href":"https:\/\/dralexandrostraianos.gr\/al\/wp-json\/wp\/v2\/pages\/2972","targetHints":{"allow":["GET"]}}],"collection":[{"href":"https:\/\/dralexandrostraianos.gr\/al\/wp-json\/wp\/v2\/pages"}],"about":[{"href":"https:\/\/dralexandrostraianos.gr\/al\/wp-json\/wp\/v2\/types\/page"}],"author":[{"embeddable":true,"href":"https:\/\/dralexandrostraianos.gr\/al\/wp-json\/wp\/v2\/users\/9"}],"replies":[{"embeddable":true,"href":"https:\/\/dralexandrostraianos.gr\/al\/wp-json\/wp\/v2\/comments?post=2972"}],"version-history":[{"count":0,"href":"https:\/\/dralexandrostraianos.gr\/al\/wp-json\/wp\/v2\/pages\/2972\/revisions"}],"wp:featuredmedia":[{"embeddable":true,"href":"https:\/\/dralexandrostraianos.gr\/al\/wp-json\/wp\/v2\/media\/2967"}],"wp:attachment":[{"href":"https:\/\/dralexandrostraianos.gr\/al\/wp-json\/wp\/v2\/media?parent=2972"}],"curies":[{"name":"wp","href":"https:\/\/api.w.org\/{rel}","templated":true}]}}