{"id":2975,"date":"2019-12-12T20:13:19","date_gmt":"2019-12-12T18:13:19","guid":{"rendered":"https:\/\/dralexandrostraianos.gr\/?page_id=2975"},"modified":"2023-05-23T12:38:32","modified_gmt":"2023-05-23T09:38:32","slug":"cookie-policy","status":"publish","type":"page","link":"https:\/\/dralexandrostraianos.gr\/al\/cookie-policy\/","title":{"rendered":"POLITIKA E KOKIVE"},"content":{"rendered":"<div data-elementor-type=\"wp-page\" data-elementor-id=\"2975\" class=\"elementor elementor-2975\" data-elementor-post-type=\"page\">\n\t\t\t\t\t\t<section class=\"elementor-section elementor-top-section elementor-element elementor-element-38181dcf elementor-section-full_width elementor-section-height-min-height elementor-section-items-bottom elementor-section-stretched elementor-section-height-default\" data-id=\"38181dcf\" data-element_type=\"section\" data-e-type=\"section\" data-settings=\"{&quot;stretch_section&quot;:&quot;section-stretched&quot;,&quot;background_background&quot;:&quot;classic&quot;}\">\n\t\t\t\t\t\t<div class=\"elementor-container elementor-column-gap-no\">\n\t\t\t\t\t<div class=\"elementor-column elementor-col-100 elementor-top-column elementor-element elementor-element-e30d4e0\" data-id=\"e30d4e0\" data-element_type=\"column\" data-e-type=\"column\" data-settings=\"{&quot;background_background&quot;:&quot;classic&quot;}\">\n\t\t\t<div class=\"elementor-widget-wrap elementor-element-populated\">\n\t\t\t\t\t\t<section class=\"elementor-section elementor-inner-section elementor-element elementor-element-44b9b74b elementor-section-full_width elementor-section-height-default elementor-section-height-default\" data-id=\"44b9b74b\" data-element_type=\"section\" data-e-type=\"section\">\n\t\t\t\t\t\t<div class=\"elementor-container elementor-column-gap-default\">\n\t\t\t\t\t<div class=\"elementor-column elementor-col-100 elementor-inner-column elementor-element elementor-element-1e920814\" data-id=\"1e920814\" data-element_type=\"column\" data-e-type=\"column\" data-settings=\"{&quot;background_background&quot;:&quot;classic&quot;}\">\n\t\t\t<div class=\"elementor-widget-wrap elementor-element-populated\">\n\t\t\t\t\t\t<div class=\"elementor-element elementor-element-3213a1c8 elementor-widget elementor-widget-heading\" data-id=\"3213a1c8\" data-element_type=\"widget\" data-e-type=\"widget\" data-widget_type=\"heading.default\">\n\t\t\t\t<div class=\"elementor-widget-container\">\n\t\t\t\t\t<h1 class=\"elementor-heading-title elementor-size-default\">POLITIKA E KOKIVE<\/h1>\t\t\t\t<\/div>\n\t\t\t\t<\/div>\n\t\t\t\t\t<\/div>\n\t\t<\/div>\n\t\t\t\t\t<\/div>\n\t\t<\/section>\n\t\t\t\t<section class=\"elementor-section elementor-inner-section elementor-element elementor-element-11edad39 elementor-section-full_width elementor-section-height-default elementor-section-height-default\" data-id=\"11edad39\" data-element_type=\"section\" data-e-type=\"section\">\n\t\t\t\t\t\t<div class=\"elementor-container elementor-column-gap-default\">\n\t\t\t\t\t<div class=\"elementor-column elementor-col-100 elementor-inner-column elementor-element elementor-element-39cbf53a\" data-id=\"39cbf53a\" data-element_type=\"column\" data-e-type=\"column\" data-settings=\"{&quot;background_background&quot;:&quot;classic&quot;}\">\n\t\t\t<div class=\"elementor-widget-wrap elementor-element-populated\">\n\t\t\t\t\t\t<div class=\"elementor-element elementor-element-6664f6e8 elementor-widget elementor-widget-heading\" data-id=\"6664f6e8\" data-element_type=\"widget\" data-e-type=\"widget\" data-widget_type=\"heading.default\">\n\t\t\t\t<div class=\"elementor-widget-container\">\n\t\t\t\t\t<p class=\"elementor-heading-title elementor-size-default\">Qendra p\u00ebr Mjek\u00ebsin\u00eb Riprodhuese dhe Mjek\u00ebsi Fetale Alexandros V. Traianos <\/p>\t\t\t\t<\/div>\n\t\t\t\t<\/div>\n\t\t\t\t\t<\/div>\n\t\t<\/div>\n\t\t\t\t\t<\/div>\n\t\t<\/section>\n\t\t\t\t\t<\/div>\n\t\t<\/div>\n\t\t\t\t\t<\/div>\n\t\t<\/section>\n\t\t\t\t<section class=\"elementor-section elementor-top-section elementor-element elementor-element-433e35bb elementor-section-full_width elementor-section-stretched elementor-section-height-default elementor-section-height-default\" data-id=\"433e35bb\" data-element_type=\"section\" data-e-type=\"section\" data-settings=\"{&quot;stretch_section&quot;:&quot;section-stretched&quot;}\">\n\t\t\t\t\t\t<div class=\"elementor-container elementor-column-gap-default\">\n\t\t\t\t\t<div class=\"elementor-column elementor-col-66 elementor-top-column elementor-element elementor-element-13be7144\" data-id=\"13be7144\" data-element_type=\"column\" data-e-type=\"column\">\n\t\t\t<div class=\"elementor-widget-wrap elementor-element-populated\">\n\t\t\t\t\t\t<div class=\"elementor-element elementor-element-1ad900a7 elementor-widget elementor-widget-text-editor\" data-id=\"1ad900a7\" data-element_type=\"widget\" data-e-type=\"widget\" data-widget_type=\"text-editor.default\">\n\t\t\t\t<div class=\"elementor-widget-container\">\n\t\t\t\t\t\t\t\t\t<div><div><div><div><div><div><div><div><div><div><div><div><p>Cookies jan\u00eb skedar\u00eb t\u00eb vegj\u00ebl teksti q\u00eb ruhen nga nj\u00eb faqe interneti n\u00eb nj\u00eb shfletues (shfletues interneti) gjat\u00eb navigimit ton\u00eb dhe m\u00eb pas merren n\u00eb m\u00ebnyr\u00eb q\u00eb t\u00eb mund ta njoh\u00eb at\u00eb her\u00ebn tjet\u00ebr q\u00eb do t\u00eb vizitohet.<br \/>Por cookies nuk p\u00ebrmbajn\u00eb kurr\u00eb informacione personale, t\u00eb cilat mund t\u00eb lejojn\u00eb k\u00ebdo t\u00eb kontaktoj\u00eb vizitorin e faqes n\u00eb internet, si p.sh e-mail etj.<br \/>N\u00eb &quot;Deklarata e Privat\u00ebsis\u00eb Dralexandrostraianos.gr&quot;, e cila \u00ebsht\u00eb e disponueshme n\u00eb faqen e internetit\u00a0 <a href=\"https:\/\/dralexandrostraianos.gr\/al\/privacy-policy\/\">https:\/\/dralexandrostraianos.gr\/privacy-policy\/<\/a>\u00a0, mund t\u00eb m\u00ebsoni p\u00ebr t\u00eb dh\u00ebnat personale q\u00eb mbledhim p\u00ebr ju.<\/p><p>1. Llojet e biskotave<br \/>Kompania mund t\u00eb p\u00ebrdor\u00eb cookie t\u00eb llojeve t\u00eb m\u00ebposhtme p\u00ebr t\u00eb promovuar sh\u00ebrbim m\u00eb t\u00eb mir\u00eb p\u00ebr vizitor\u00ebt n\u00eb faqen e internetit, personalizimin e informacionit dhe preferencat e secilit shfletues.<\/p><p>1.1 Cookies t\u00eb nevojshme<br \/>Ato jan\u00eb cookies q\u00eb jan\u00eb t\u00eb nevojshme p\u00ebr funksionimin e nj\u00eb faqe interneti. Pa cookies, faqja e internetit nuk mund t\u00eb funksionoj\u00eb si\u00e7 duhet. Ne nuk k\u00ebrkojm\u00eb p\u00eblqimin tuaj specifik p\u00ebr k\u00ebt\u00eb kategori specifike t\u00eb cookie-ve. T\u00eb gjitha cookie-t e tjera k\u00ebrkojn\u00eb p\u00eblqimin tuaj.<\/p><p>1.2 Cookie funksionale<br \/>Ato jan\u00eb cookie q\u00eb p\u00ebrmir\u00ebsojn\u00eb funksionalitetin e faqes n\u00eb internet. Fal\u00eb p\u00ebrdorimit t\u00eb k\u00ebtyre cookies, shfletimi p\u00ebrshtatet me interesat tuaja dhe k\u00ebshtu ne mund t\u00eb kursejm\u00eb koh\u00ebn q\u00eb do t\u00eb humbisnit duke rifutur informacionin.<\/p><p>1.3 Kuki t\u00eb pal\u00ebve t\u00eb treta<br \/>1.3.1 Google Analytics: Faqja e internetit e Kompanis\u00eb p\u00ebrdor &quot;Karakteristikat e Rimarketimit dhe Reklamimit&quot; t\u00eb Google Analytics, n\u00ebp\u00ebrmjet t\u00eb cilave Kompania jon\u00eb mbledh informacion. Ky informacion ndihmon Kompanin\u00eb ton\u00eb t\u00eb p\u00ebrmir\u00ebsoj\u00eb faqen e saj t\u00eb internetit bazuar n\u00eb preferencat e vizitor\u00ebve t\u00eb saj. Informacioni i mbledhur d\u00ebrgohet dhe ruhet n\u00eb nj\u00eb server n\u00eb pron\u00ebsi t\u00eb Google n\u00eb SHBA. P\u00ebr m\u00eb shum\u00eb informacion rreth politik\u00ebs s\u00eb privat\u00ebsis\u00eb s\u00eb Google, ju lutemi vizitoni faqen e m\u00ebposhtme t\u00eb internetit\u00a0<a href=\"https:\/\/policies.google.com\/privacy?hl=en\" target=\"_blank\" rel=\"noopener noreferrer\">https:\/\/policies.google.com\/privacy?hl=en<\/a>\u00a0dhe ve\u00e7an\u00ebrisht lidhjen\u00a0<a href=\"https:\/\/support.google.com\/analytics\/answer\/6004245\" target=\"_blank\" rel=\"noopener noreferrer\">https:\/\/support.google.com\/analytics\/answer\/6004245<\/a>.<br \/>N\u00eb rast se nuk d\u00ebshironi q\u00eb t\u00eb dh\u00ebnat tuaja t\u00eb mblidhen nga Google Analytics, mund t\u00eb shkarkoni dhe instaloni programin e t\u00ebrheqjes nga Google Analytics n\u00eb shfletuesin tuaj n\u00eb lidhjen e m\u00ebposhtme:<br \/><a href=\"https:\/\/tools.google.com\/dlpage\/gaoptout\/\" target=\"_blank\" rel=\"noopener noreferrer\">https:\/\/tools.google.com\/dlpage\/gaoptout\/<\/a><br \/>1.3.2 Facebook: Faqja e internetit e Kompanis\u00eb ka butona p\u00ebr t\u00eb promovuar ose shp\u00ebrndar\u00eb faqet n\u00eb mediat sociale. K\u00ebta butona funksionojn\u00eb p\u00ebrmes nj\u00eb kodi t\u00eb v\u00ebn\u00eb n\u00eb dispozicion nga Facebook. Ky kod, nd\u00ebr t\u00eb tjera, vendos nj\u00eb cookie. Ju lutemi lexoni politik\u00ebn e privat\u00ebsis\u00eb s\u00eb Facebook (e cila mund t\u00eb ndryshoj\u00eb periodikisht) p\u00ebr t\u00eb par\u00eb se \u00e7far\u00eb b\u00ebn me t\u00eb dh\u00ebnat q\u00eb mbledh me k\u00ebt\u00eb kod. Kompania nuk ka asnj\u00eb ndikim n\u00eb k\u00ebt\u00eb.<br \/>1.3.3 YouTube: Faqja e internetit e kompanis\u00eb p\u00ebrdor skedar\u00eb video nga YouTube. K\u00ebta skedar\u00eb p\u00ebrmbajn\u00eb cookie. Ju lutemi, lexoni politik\u00ebn e privat\u00ebsis\u00eb s\u00eb YouTube (e cila mund t\u00eb ndryshoj\u00eb n\u00eb m\u00ebnyr\u00eb periodike) n\u00ebse d\u00ebshironi m\u00eb shum\u00eb informacion rreth kukit q\u00eb p\u00ebrdor dhe \u00e7far\u00eb b\u00ebn me t\u00eb dh\u00ebnat q\u00eb mbledh me k\u00ebto kuki. Kompania nuk ka asnj\u00eb ndikim n\u00eb k\u00ebt\u00eb.<\/p><p>2 Kontrolli i biskotave<br \/>Ju mund t\u00eb kontrolloni dhe\/ose t\u00eb fshini cookies sipas d\u00ebshir\u00ebs tuaj. Ju gjithashtu mund t\u00eb fshini t\u00eb gjitha kukit q\u00eb jan\u00eb tashm\u00eb n\u00eb kompjuterin tuaj (ose n\u00eb \u00e7do pajisje t\u00eb p\u00ebrdorur p\u00ebr t\u00eb shfletuar internetin), si dhe t\u00eb vendosni shumic\u00ebn e shfletuesve t\u00eb uebit p\u00ebr t\u00eb parandaluar skedar\u00ebt e instalimit.<br \/>Megjithat\u00eb, n\u00eb k\u00ebt\u00eb rast, mund t&#039;ju duhet t\u00eb rregulloni vet\u00eb disa preferenca sa her\u00eb q\u00eb vizitoni nj\u00eb faqe interneti (faqe interneti). Gjithashtu, duke fshir\u00eb cookie-t, disa sh\u00ebrbime mund t\u00eb mos funksionojn\u00eb.<\/p><p>3 Pranimi i instalimit t\u00eb cookies<br \/>Vizitori q\u00eb lundron n\u00eb faqen e internetit dralexandrostraianos.gr informohet q\u00eb her\u00ebn e par\u00eb q\u00eb hyn n\u00eb t\u00eb me nj\u00eb referenc\u00eb p\u00ebrkat\u00ebse n\u00eb fund t\u00eb faqes se ai pranon dhe kupton se p\u00ebrdorimi i cookies \u00ebsht\u00eb i nevojsh\u00ebm p\u00ebr funksionimin normal t\u00eb tij.<br \/>P\u00ebrndryshe, ai duhet t\u00eb ndaloj\u00eb shfletimin e faqes s\u00eb internetit ose t\u00eb \u00e7aktivizoj\u00eb p\u00ebrdorimin e cookies n\u00eb cil\u00ebsimet e shfletuesit. N\u00ebse cookie-t nuk instalohen, mund t\u00eb ket\u00eb nj\u00eb ndikim t\u00eb r\u00ebnd\u00ebsish\u00ebm si n\u00eb funksionalitetin e faqes n\u00eb internet ashtu edhe n\u00eb aft\u00ebsin\u00eb p\u00ebr t\u00eb marr\u00eb informacion ose sh\u00ebrbime nga dralexandrostraianos.gr<\/p><p>4 \u00c7aktivizimi\/aktivizimi i cookies specifike<br \/>Kompania po punon p\u00ebr t&#039;ju ofruar mund\u00ebsin\u00eb p\u00ebr t\u00eb menaxhuar instalimin e cookies q\u00eb ju preferoni n\u00eb faqen ton\u00eb t\u00eb internetit, por kjo ve\u00e7ori \u00ebsht\u00eb aktualisht n\u00eb zhvillim e sip\u00ebr. Si hap i p\u00ebrkohsh\u00ebm, m\u00eb posht\u00eb ne ofrojm\u00eb informacion t\u00eb detajuar n\u00eb lidhje me t\u00eb gjitha cookie-t e vendosura n\u00eb kompjuterin tuaj nga faqet tona t\u00eb internetit dhe dobin\u00eb e tyre, si dhe detaje se si mund t\u00eb \u00e7aktivizohen, ku ky opsion \u00ebsht\u00eb i disponuesh\u00ebm.<br \/>Tabela m\u00eb posht\u00eb tregon cookies q\u00eb p\u00ebrdorim dhe arsyet q\u00eb e b\u00ebjm\u00eb k\u00ebt\u00eb. Ky informacion p\u00ebrdit\u00ebsohet rregullisht, megjithat\u00eb, n\u00ebse v\u00ebreni ndonj\u00eb mosp\u00ebrputhje, ju lutemi na kontaktoni.<\/p><\/div><\/div><\/div><\/div><\/div><\/div><\/div><\/div><\/div><\/div><\/div><\/div>\t\t\t\t\t\t\t\t<\/div>\n\t\t\t\t<\/div>\n\t\t\t\t\t<\/div>\n\t\t<\/div>\n\t\t\t\t<div class=\"elementor-column elementor-col-33 elementor-top-column elementor-element elementor-element-7c00476\" data-id=\"7c00476\" data-element_type=\"column\" data-e-type=\"column\">\n\t\t\t<div class=\"elementor-widget-wrap elementor-element-populated\">\n\t\t\t\t\t\t<div class=\"elementor-element elementor-element-157cdebf elementor-widget elementor-widget-image\" data-id=\"157cdebf\" data-element_type=\"widget\" data-e-type=\"widget\" data-settings=\"{&quot;sticky&quot;:&quot;top&quot;,&quot;sticky_offset&quot;:100,&quot;sticky_parent&quot;:&quot;yes&quot;,&quot;sticky_on&quot;:[&quot;desktop&quot;,&quot;tablet&quot;,&quot;mobile&quot;],&quot;sticky_effects_offset&quot;:0,&quot;sticky_anchor_link_offset&quot;:0}\" data-widget_type=\"image.default\">\n\t\t\t\t<div class=\"elementor-widget-container\">\n\t\t\t\t\t\t\t\t\t\t\t\t<figure class=\"wp-caption\">\n\t\t\t\t\t\t\t\t\t\t<img decoding=\"async\" width=\"800\" height=\"533\" src=\"https:\/\/dralexandrostraianos.gr\/wp-content\/uploads\/2023\/03\/artificial-insemination-fertilization-of-human-egg-cell-by-sper-1024x682.jpg\" class=\"attachment-large size-large wp-image-7292\" alt=\"\" srcset=\"https:\/\/dralexandrostraianos.gr\/wp-content\/uploads\/2023\/03\/artificial-insemination-fertilization-of-human-egg-cell-by-sper-1024x682.jpg 1024w, https:\/\/dralexandrostraianos.gr\/wp-content\/uploads\/2023\/03\/artificial-insemination-fertilization-of-human-egg-cell-by-sper-300x200.jpg 300w, https:\/\/dralexandrostraianos.gr\/wp-content\/uploads\/2023\/03\/artificial-insemination-fertilization-of-human-egg-cell-by-sper-768x512.jpg 768w, https:\/\/dralexandrostraianos.gr\/wp-content\/uploads\/2023\/03\/artificial-insemination-fertilization-of-human-egg-cell-by-sper-1536x1024.jpg 1536w, https:\/\/dralexandrostraianos.gr\/wp-content\/uploads\/2023\/03\/artificial-insemination-fertilization-of-human-egg-cell-by-sper-18x12.jpg 18w, https:\/\/dralexandrostraianos.gr\/wp-content\/uploads\/2023\/03\/artificial-insemination-fertilization-of-human-egg-cell-by-sper.jpg 2000w\" sizes=\"(max-width: 800px) 100vw, 800px\" \/>\t\t\t\t\t\t\t\t\t\t\t<figcaption class=\"widget-image-caption wp-caption-text\">dralexandrostraianos.gr<\/figcaption>\n\t\t\t\t\t\t\t\t\t\t<\/figure>\n\t\t\t\t\t\t\t\t\t<\/div>\n\t\t\t\t<\/div>\n\t\t\t\t\t<\/div>\n\t\t<\/div>\n\t\t\t\t\t<\/div>\n\t\t<\/section>\n\t\t\t\t<\/div>","protected":false},"excerpt":{"rendered":"<p>Qendra p\u00ebr Mjek\u00ebsi Riprodhuese dhe Fetal Alexandros V. Traianos Cookies jan\u00eb skedar\u00eb t\u00eb vegj\u00ebl teksti q\u00eb ruhen nga nj\u00eb faqe interneti n\u00eb nj\u00eb shfletues interneti gjat\u00eb navigimit ton\u00eb dhe m\u00eb pas rikthehen n\u00eb m\u00ebnyr\u00eb q\u00eb ta njohin at\u00eb her\u00ebn tjet\u00ebr q\u00eb e vizitojm\u00eb. Megjithat\u00eb, cookie-t nuk p\u00ebrmbajn\u00eb kurr\u00eb informacione personale, [\u2026]<\/p>","protected":false},"author":9,"featured_media":2966,"parent":0,"menu_order":0,"comment_status":"closed","ping_status":"open","template":"elementor_header_footer","meta":{"footnotes":""},"class_list":["post-2975","page","type-page","status-publish","has-post-thumbnail","hentry"],"_links":{"self":[{"href":"https:\/\/dralexandrostraianos.gr\/al\/wp-json\/wp\/v2\/pages\/2975","targetHints":{"allow":["GET"]}}],"collection":[{"href":"https:\/\/dralexandrostraianos.gr\/al\/wp-json\/wp\/v2\/pages"}],"about":[{"href":"https:\/\/dralexandrostraianos.gr\/al\/wp-json\/wp\/v2\/types\/page"}],"author":[{"embeddable":true,"href":"https:\/\/dralexandrostraianos.gr\/al\/wp-json\/wp\/v2\/users\/9"}],"replies":[{"embeddable":true,"href":"https:\/\/dralexandrostraianos.gr\/al\/wp-json\/wp\/v2\/comments?post=2975"}],"version-history":[{"count":0,"href":"https:\/\/dralexandrostraianos.gr\/al\/wp-json\/wp\/v2\/pages\/2975\/revisions"}],"wp:featuredmedia":[{"embeddable":true,"href":"https:\/\/dralexandrostraianos.gr\/al\/wp-json\/wp\/v2\/media\/2966"}],"wp:attachment":[{"href":"https:\/\/dralexandrostraianos.gr\/al\/wp-json\/wp\/v2\/media?parent=2975"}],"curies":[{"name":"wp","href":"https:\/\/api.w.org\/{rel}","templated":true}]}}