{"id":3,"date":"2019-12-12T20:14:10","date_gmt":"2019-12-12T18:14:10","guid":{"rendered":"https:\/\/dralexandrostraianos.gr\/?page_id=3"},"modified":"2023-05-23T12:41:19","modified_gmt":"2023-05-23T09:41:19","slug":"privacy-policy","status":"publish","type":"page","link":"https:\/\/dralexandrostraianos.gr\/al\/privacy-policy\/","title":{"rendered":"DEKLARATA E MBROJTJES S\u00cb T\u00cb DH\u00cbNAVE PERSONALE"},"content":{"rendered":"<div data-elementor-type=\"wp-page\" data-elementor-id=\"3\" class=\"elementor elementor-3\" data-elementor-post-type=\"page\">\n\t\t\t\t\t\t<section class=\"elementor-section elementor-top-section elementor-element elementor-element-438764d0 elementor-section-full_width elementor-section-height-min-height elementor-section-items-bottom elementor-section-stretched elementor-section-height-default\" data-id=\"438764d0\" data-element_type=\"section\" data-e-type=\"section\" data-settings=\"{&quot;stretch_section&quot;:&quot;section-stretched&quot;,&quot;background_background&quot;:&quot;classic&quot;}\">\n\t\t\t\t\t\t<div class=\"elementor-container elementor-column-gap-no\">\n\t\t\t\t\t<div class=\"elementor-column elementor-col-100 elementor-top-column elementor-element elementor-element-1fe59b0\" data-id=\"1fe59b0\" data-element_type=\"column\" data-e-type=\"column\" data-settings=\"{&quot;background_background&quot;:&quot;classic&quot;}\">\n\t\t\t<div class=\"elementor-widget-wrap elementor-element-populated\">\n\t\t\t\t\t\t<section class=\"elementor-section elementor-inner-section elementor-element elementor-element-14ac4833 elementor-section-full_width elementor-section-height-default elementor-section-height-default\" data-id=\"14ac4833\" data-element_type=\"section\" data-e-type=\"section\">\n\t\t\t\t\t\t<div class=\"elementor-container elementor-column-gap-default\">\n\t\t\t\t\t<div class=\"elementor-column elementor-col-100 elementor-inner-column elementor-element elementor-element-2a0bde83\" data-id=\"2a0bde83\" data-element_type=\"column\" data-e-type=\"column\" data-settings=\"{&quot;background_background&quot;:&quot;classic&quot;}\">\n\t\t\t<div class=\"elementor-widget-wrap elementor-element-populated\">\n\t\t\t\t\t\t<div class=\"elementor-element elementor-element-59ccf466 elementor-widget elementor-widget-heading\" data-id=\"59ccf466\" data-element_type=\"widget\" data-e-type=\"widget\" data-widget_type=\"heading.default\">\n\t\t\t\t<div class=\"elementor-widget-container\">\n\t\t\t\t\t<h1 class=\"elementor-heading-title elementor-size-default\">DEKLARATA E MBROJTJES S\u00cb T\u00cb DH\u00cbNAVE PERSONALE<\/h1>\t\t\t\t<\/div>\n\t\t\t\t<\/div>\n\t\t\t\t\t<\/div>\n\t\t<\/div>\n\t\t\t\t\t<\/div>\n\t\t<\/section>\n\t\t\t\t<section class=\"elementor-section elementor-inner-section elementor-element elementor-element-4db6998d elementor-section-full_width elementor-section-height-default elementor-section-height-default\" data-id=\"4db6998d\" data-element_type=\"section\" data-e-type=\"section\">\n\t\t\t\t\t\t<div class=\"elementor-container elementor-column-gap-default\">\n\t\t\t\t\t<div class=\"elementor-column elementor-col-100 elementor-inner-column elementor-element elementor-element-13cb892a\" data-id=\"13cb892a\" data-element_type=\"column\" data-e-type=\"column\" data-settings=\"{&quot;background_background&quot;:&quot;classic&quot;}\">\n\t\t\t<div class=\"elementor-widget-wrap elementor-element-populated\">\n\t\t\t\t\t\t<div class=\"elementor-element elementor-element-20bbb5a1 elementor-widget elementor-widget-heading\" data-id=\"20bbb5a1\" data-element_type=\"widget\" data-e-type=\"widget\" data-widget_type=\"heading.default\">\n\t\t\t\t<div class=\"elementor-widget-container\">\n\t\t\t\t\t<p class=\"elementor-heading-title elementor-size-default\">Qendra p\u00ebr Mjek\u00ebsin\u00eb Riprodhuese dhe Mjek\u00ebsi Fetale Alexandros V. Traianos <\/p>\t\t\t\t<\/div>\n\t\t\t\t<\/div>\n\t\t\t\t\t<\/div>\n\t\t<\/div>\n\t\t\t\t\t<\/div>\n\t\t<\/section>\n\t\t\t\t\t<\/div>\n\t\t<\/div>\n\t\t\t\t\t<\/div>\n\t\t<\/section>\n\t\t\t\t<section class=\"elementor-section elementor-top-section elementor-element elementor-element-7ccce5eb elementor-section-full_width elementor-section-stretched elementor-section-height-default elementor-section-height-default\" data-id=\"7ccce5eb\" data-element_type=\"section\" data-e-type=\"section\" data-settings=\"{&quot;stretch_section&quot;:&quot;section-stretched&quot;}\">\n\t\t\t\t\t\t<div class=\"elementor-container elementor-column-gap-default\">\n\t\t\t\t\t<div class=\"elementor-column elementor-col-66 elementor-top-column elementor-element elementor-element-1dec46ae\" data-id=\"1dec46ae\" data-element_type=\"column\" data-e-type=\"column\">\n\t\t\t<div class=\"elementor-widget-wrap elementor-element-populated\">\n\t\t\t\t\t\t<div class=\"elementor-element elementor-element-50438814 elementor-widget elementor-widget-text-editor\" data-id=\"50438814\" data-element_type=\"widget\" data-e-type=\"widget\" data-widget_type=\"text-editor.default\">\n\t\t\t\t<div class=\"elementor-widget-container\">\n\t\t\t\t\t\t\t\t\t<div><p>Kjo Deklarat\u00eb Privat\u00ebsie p\u00ebrshkruan t\u00eb dh\u00ebnat personale q\u00eb mbledh dralexandrostraianos.gr p\u00ebr ju, m\u00ebnyr\u00ebn se si ne p\u00ebrdorim dhe mbrojm\u00eb t\u00eb dh\u00ebnat tuaja personale dhe zgjedhjet q\u00eb keni n\u00eb lidhje me m\u00ebnyr\u00ebn se si ne i p\u00ebrdorim k\u00ebto t\u00eb dh\u00ebna.<\/p><\/div><p>Ne e pranojm\u00eb se mbrojtja e t\u00eb dh\u00ebnave personale \u00ebsht\u00eb nj\u00eb p\u00ebrgjegj\u00ebsi e vazhdueshme, dhe p\u00ebr k\u00ebt\u00eb arsye ne do t\u00eb p\u00ebrdit\u00ebsojm\u00eb dhe ndryshojm\u00eb periodikisht k\u00ebt\u00eb Deklarat\u00eb. Ju lutemi vizitoni faqen ton\u00eb t\u00eb internetit her\u00eb pas here <a href=\"https:\/\/dralexandrostraianos.gr\/al\/\">https:\/\/dralexandrostraianos.gr\/<\/a>\u00a0p\u00ebr t&#039;u siguruar q\u00eb jeni t\u00eb vet\u00ebdijsh\u00ebm dhe t\u00eb k\u00ebnaqur me \u00e7do ndryshim.<\/p><p>1. Kush jemi ne<br \/>Ne jemi dralexandrostraianos.gr, nj\u00eb ordinanc\u00eb private n\u00eb rrug\u00ebn Patr. Joakim 2 Selanik ku pranon me termin. Ne jemi t\u00eb p\u00ebrkushtuar t\u00eb ofrojm\u00eb nj\u00eb mjedis t\u00eb sigurt, duke p\u00ebrmir\u00ebsuar kujdesin ndaj pacientit dhe duke ofruar cil\u00ebsi operacionale brenda kufizimeve kohore dhe buxhetore. N\u00eb Klinik\u00ebn ton\u00eb trajtojm\u00eb nj\u00eb s\u00ebr\u00eb s\u00ebmundjesh dhe investojm\u00eb vazhdimisht n\u00eb pajisje moderne teknologjike.<\/p><p>2. \u00c7far\u00eb t\u00eb dh\u00ebnash personale mbledhim p\u00ebr ju?<br \/>2.1. Emri i plot\u00eb \/ Emri i kompanis\u00eb. Ne mbledhim emrat dhe mbiemrat e klient\u00ebve tan\u00eb dhe emrat e personave t\u00eb kontaktit t\u00eb klient\u00ebve tan\u00eb kur ata shprehin interes p\u00ebr sh\u00ebrbimet tona ose regjistrohen n\u00eb buletinin ton\u00eb ose marrin pjes\u00eb n\u00eb konkurset dhe promovimet tona.<br \/>2.2. Adresa e emailit. Ne mbledhim adres\u00ebn e emailit t\u00eb klient\u00ebve tan\u00eb dhe kontakteve t\u00eb klient\u00ebve kur ata shprehin interes p\u00ebr sh\u00ebrbimet tona ose kur regjistrohen n\u00eb buletinin ton\u00eb ose marrin pjes\u00eb n\u00eb konkurset dhe promovimet tona.<br \/>2.3. Adresa postale. Ne mbledhim adres\u00ebn e sht\u00ebpis\u00eb ose t\u00eb biznesit t\u00eb klient\u00ebve tan\u00eb p\u00ebr q\u00ebllime faturimi dhe p\u00ebr t\u00eb d\u00ebrguar \u00e7do fatur\u00eb t\u00eb printuar me post\u00eb.<br \/>2.4. Informacione t\u00eb tjera kontakti. Ne mbledhim informacione t\u00eb tjera kontakti, si numrin e telefonit t\u00eb klient\u00ebve tan\u00eb ose personat e kontaktit me klient\u00ebt, p\u00ebr t\u00eb ofruar sh\u00ebrbimet tona m\u00eb mir\u00eb dhe m\u00eb shpejt.<br \/>2.5. Detajet e \u00e7mimit. Ne mbledhim informacionin e klient\u00ebve tan\u00eb q\u00eb \u00ebsht\u00eb i nevojsh\u00ebm p\u00ebr faturimin e sh\u00ebrbimeve tona, si p\u00ebr shembull A.F.M. dhe A.M.K.A.<br \/>2.6. Ne p\u00ebrpiqemi t\u00eb minimizojm\u00eb rrezikun p\u00ebr t\u00eb drejtat dhe lirit\u00eb tuaja duke mos mbledhur t\u00eb dh\u00ebnat tuaja personale t\u00eb ndjeshme.<\/p><p>3. Si i mbledhim t\u00eb dh\u00ebnat tuaja personale?<br \/>Ne mbledhim t\u00eb dh\u00ebnat tuaja personale kur ju shprehni interesin tuaj p\u00ebr sh\u00ebrbimet tona, kur hyjm\u00eb n\u00eb nj\u00eb marr\u00ebdh\u00ebnie kontraktuale p\u00ebr ofrimin e sh\u00ebrbimeve tona, kur vizitoni faqen ton\u00eb t\u00eb internetit ose kur abonoheni n\u00eb buletinin ton\u00eb. Ne nuk ia shesim t\u00eb dh\u00ebnat tuaja personale askujt dhe i ndajm\u00eb ato vet\u00ebm me pal\u00ebt e treta q\u00eb leht\u00ebsojn\u00eb ofrimin e sh\u00ebrbimeve tona p\u00ebr ju.<\/p><p>4. Si i p\u00ebrdorim (p\u00ebrpunojm\u00eb) t\u00eb dh\u00ebnat tuaja personale?<br \/>Ne p\u00ebrdorim t\u00eb dh\u00ebnat tuaja personale p\u00ebr q\u00ebllimet e m\u00ebposhtme:<br \/>4.1. Ofrimi i sh\u00ebrbimeve tona. Ofrimi i sh\u00ebrbimeve n\u00eb sektorin e sh\u00ebndet\u00ebsis\u00eb.<br \/>4.2. Veprime marketingu dhe\/ose promovuese, t\u00eb tilla si pjes\u00ebmarrja n\u00eb konkurse ose emailet q\u00eb ne u d\u00ebrgojm\u00eb periodikisht atyre q\u00eb jan\u00eb abonuar n\u00eb buletinin ton\u00eb. N\u00eb list\u00ebn e njer\u00ebzve t\u00eb cil\u00ebve u d\u00ebrgojm\u00eb buletinet, ne mund t\u00eb shtojm\u00eb edhe ata q\u00eb na japin adresat e tyre t\u00eb emailit gjat\u00eb komunikimit ton\u00eb dhe q\u00eb na thon\u00eb se d\u00ebshirojn\u00eb t\u00eb marrin buletine. N\u00eb \u00e7do buletin, marr\u00ebsit i jepet mund\u00ebsia t\u00eb deklaroj\u00eb se nuk d\u00ebshiron t\u00eb marr\u00eb m\u00eb gazeta nga ne.<\/p><p>5. Baza e ligjshme p\u00ebr p\u00ebrpunimin e t\u00eb dh\u00ebnave tuaja personale<br \/>5.1. P\u00ebrpunimi i t\u00eb dh\u00ebnave tuaja personale p\u00ebr ofrimin e sh\u00ebrbimeve tona p\u00ebr ju bazohet n\u00eb lidhjen dhe ekzekutimin e nj\u00eb kontrate ose - me k\u00ebrkes\u00ebn tuaj - n\u00eb veprimet p\u00ebrgatitore p\u00ebr lidhjen dhe ekzekutimin e nj\u00eb kontrate.<br \/>5.2. P\u00ebrpunimi i t\u00eb dh\u00ebnave tuaja personale p\u00ebr q\u00ebllime marketingu dhe\/ose promovuese bazohet n\u00eb p\u00eblqimin tuaj.<br \/>5.3. N\u00eb disa raste, p\u00ebrpunimi i t\u00eb dh\u00ebnave tuaja personale \u00ebsht\u00eb i nevojsh\u00ebm p\u00ebr q\u00ebllimet e interesave tona legjitime ose p\u00ebr q\u00ebllimet e p\u00ebrputhjes son\u00eb me legjislacionin komb\u00ebtar dhe\/ose evropian.<\/p><p>6. Koha e ruajtjes s\u00eb t\u00eb dh\u00ebnave tuaja personale<br \/>6.1. Ne i ruajm\u00eb t\u00eb dh\u00ebnat tuaja personale p\u00ebr aq koh\u00eb sa zgjat marr\u00ebdh\u00ebnia jon\u00eb e biznesit. Ne i ruajm\u00eb t\u00eb dh\u00ebnat personale t\u00eb klient\u00ebve dhe konsumator\u00ebve tan\u00eb p\u00ebr t\u00eb pakt\u00ebn pes\u00ebmb\u00ebdhjet\u00eb (15) vjet n\u00eb m\u00ebnyr\u00eb q\u00eb t\u00eb jemi n\u00eb gjendje t\u00eb p\u00ebrmbushim detyrimin ton\u00eb p\u00ebr t\u00eb mbajtur sh\u00ebnime t\u00eb sakta p\u00ebr autoritetet tatimore ose t\u00eb tjera administrative.<br \/>6.2. Ne i ruajm\u00eb t\u00eb dh\u00ebnat personale t\u00eb personave q\u00eb jan\u00eb regjistruar p\u00ebr buletinet tona (dhe\/ose veprimet promovuese) derisa k\u00ebta persona t\u00eb na deklarojn\u00eb se nuk d\u00ebshirojn\u00eb m\u00eb t\u00eb marrin buletine dhe\/ose materiale promovuese nga ne.<br \/>6.3. P\u00ebr m\u00eb shum\u00eb informacion se ku dhe p\u00ebr sa koh\u00eb ruhen t\u00eb dh\u00ebnat tuaja personale, ju lutemi kontaktoni alexandrostraianos@gmail.com.<\/p><p>7. Garancit\u00eb q\u00eb marrim p\u00ebr t\u00eb mbrojtur t\u00eb dh\u00ebnat tuaja<br \/>Kur na jepni t\u00eb dh\u00ebnat tuaja personale, ne marrim hapa p\u00ebr t&#039;u siguruar q\u00eb ato t\u00eb mbahen t\u00eb sigurta. P\u00ebr t\u00eb mbrojtur t\u00eb dh\u00ebnat tuaja personale, ne marrim masa fizike, teknike dhe organizative p\u00ebr t&#039;i mbrojtur ato. Ne p\u00ebrdit\u00ebsojm\u00eb dhe rishikojm\u00eb teknologjin\u00eb e siguris\u00eb q\u00eb p\u00ebrdorim n\u00eb m\u00ebnyr\u00eb t\u00eb vazhdueshme. Ne e kufizojm\u00eb aksesin n\u00eb t\u00eb dh\u00ebnat tuaja personale vet\u00ebm p\u00ebr ata punonj\u00ebs q\u00eb duhet t&#039;i din\u00eb ato t\u00eb dh\u00ebna p\u00ebr t&#039;ju ofruar p\u00ebrfitime ose sh\u00ebrbime. P\u00ebrve\u00e7 k\u00ebsaj, ne edukojm\u00eb punonj\u00ebsit p\u00ebr r\u00ebnd\u00ebsin\u00eb e konfidencialitetit dhe ruajtjen e privat\u00ebsis\u00eb dhe siguris\u00eb s\u00eb t\u00eb dh\u00ebnave tuaja personale. Nd\u00ebr t\u00eb tjera, ne kemi zbatuar masat dhe procedurat teknike dhe organizative t\u00eb m\u00ebposhtme p\u00ebr t\u00eb mbrojtur t\u00eb dh\u00ebnat tuaja personale nga \u00e7do humbje, ndryshim, p\u00ebrpunim ose ndryshim i paligjsh\u00ebm:<br \/>\u2013 enkriptimi;<br \/>\u2013 zbulimin dhe menaxhimin e shkeljeve t\u00eb siguris\u00eb;<br \/>\u2013 p\u00ebrdorimi i server\u00ebve t\u00eb vendosur n\u00eb dhoma me akses t\u00eb kufizuar dhe q\u00eb i n\u00ebnshtrohen kontrolleve t\u00eb rregullta;<br \/>\u2013 p\u00ebrdorimi i sistemeve t\u00eb informacionit dhe programeve kompjuterike t\u00eb instaluara n\u00eb nj\u00eb m\u00ebnyr\u00eb q\u00eb minimizon p\u00ebrdorimin e t\u00eb dh\u00ebnave personale dhe\/ose t\u00eb t\u00eb dh\u00ebnave t\u00eb v\u00ebrtetimit t\u00eb p\u00ebrdoruesit;<br \/>\u2013 miratimin e procedurave t\u00eb ve\u00e7anta p\u00ebr ruajtjen e t\u00eb dh\u00ebnave personale dhe fshirjen\/shkat\u00ebrrimin e sigurt t\u00eb tyre;<br \/>\u2013 akses n\u00eb sisteme dhe baza t\u00eb t\u00eb dh\u00ebnave mbi baz\u00ebn \u201cnevoja p\u00ebr t\u00eb ditur\u201d.<\/p><p>8. Kur dhe si i ndajm\u00eb t\u00eb dh\u00ebnat tuaja personale me t\u00eb tjer\u00ebt?<br \/>Si pjes\u00eb e aktiviteteve tona, ne p\u00ebrdorim ofrues t\u00eb pal\u00ebve t\u00eb treta q\u00eb ofrojn\u00eb sh\u00ebrbime n\u00eb emrin ton\u00eb. K\u00ebshtu, mund t\u00eb na duhet t\u00eb ndajm\u00eb t\u00eb dh\u00ebnat tuaja personale me ta. Megjithat\u00eb, ne ndajm\u00eb me ta vet\u00ebm t\u00eb dh\u00ebnat tuaja personale q\u00eb jan\u00eb t\u00eb nevojshme p\u00ebr t\u00eb ofruar sh\u00ebrbimet q\u00eb u k\u00ebrkojm\u00eb dhe ne k\u00ebrkojm\u00eb q\u00eb ata t\u00eb mbrojn\u00eb t\u00eb dh\u00ebnat tuaja dhe jo t&#039;i p\u00ebrdorin ato p\u00ebr q\u00ebllime t\u00eb tjera. T\u00eb dh\u00ebnat personale q\u00eb mbledhim nga ju ruhen n\u00eb nj\u00eb ose m\u00eb shum\u00eb baza t\u00eb dh\u00ebnash t\u00eb organizuara nga pal\u00eb t\u00eb treta t\u00eb vendosura brenda Bashkimit Evropian. K\u00ebto pal\u00eb t\u00eb treta nuk p\u00ebrdorin ose kan\u00eb qasje n\u00eb t\u00eb dh\u00ebnat tuaja personale p\u00ebr ndonj\u00eb q\u00ebllim tjet\u00ebr p\u00ebrve\u00e7 ruajtjes dhe marrjes s\u00eb tyre p\u00ebr Kompanin\u00eb ton\u00eb.<\/p><p>9. T\u00eb drejtat tuaja<br \/>Ju keni t\u00eb drejt\u00eb t\u00eb k\u00ebrkoni qasje n\u00eb t\u00eb dh\u00ebnat tuaja personale, t\u00eb cilat ne i p\u00ebrpunojm\u00eb. P\u00ebrve\u00e7 k\u00ebsaj, ju keni t\u00eb drejtat e m\u00ebposhtme:<br \/>9.1. E drejta p\u00ebr korrigjimin ose fshirjen (n\u00eb raste t\u00eb caktuara) t\u00eb t\u00eb dh\u00ebnave tuaja personale.<br \/>9.2. E drejta p\u00ebr t\u00eb kufizuar p\u00ebrpunimin ose p\u00ebr t\u00eb kund\u00ebrshtuar p\u00ebrpunimin e t\u00eb dh\u00ebnave tuaja personale.<br \/>9.3. E drejta (sipas kushteve) p\u00ebr t\u00eb marr\u00eb t\u00eb dh\u00ebnat tuaja personale p\u00ebr t&#039;u p\u00ebrdorur diku tjet\u00ebr.<br \/>9.4. N\u00eb rastet kur ne p\u00ebrpunojm\u00eb t\u00eb dh\u00ebnat tuaja personale bazuar n\u00eb p\u00eblqimin tuaj, ju gjithashtu keni t\u00eb drejt\u00eb t\u00eb t\u00ebrhiqni p\u00eblqimin tuaj n\u00eb \u00e7do koh\u00eb, pa ndikuar kjo n\u00eb ligjshm\u00ebrin\u00eb e p\u00ebrpunimit p\u00ebr periudh\u00ebn p\u00ebrpara t\u00ebrheqjes s\u00eb p\u00eblqimit tuaj.<br \/>P\u00ebr t\u00eb ushtruar t\u00eb drejtat tuaja, ju lutemi plot\u00ebsoni Formularin e K\u00ebrkes\u00ebs \u2013 Ushtrimi i t\u00eb Drejtave t\u00eb Subjektit t\u00eb t\u00eb Dh\u00ebnave.<br \/>S\u00eb fundi, ju keni t\u00eb drejt\u00eb t\u00eb paraqisni nj\u00eb ankes\u00eb pran\u00eb autoritetit kompetent t\u00eb pavarur grek, q\u00eb \u00ebsht\u00eb Autoriteti i Mbrojtjes s\u00eb t\u00eb Dh\u00ebnave Personale (<a href=\"http:\/\/www.dpa.gr\/\" target=\"_blank\" rel=\"noopener noreferrer\">http:\/\/www.dpa.gr\/<\/a>).<\/p><p>10. Transferimi i t\u00eb dh\u00ebnave personale jasht\u00eb BE-s\u00eb<br \/>T\u00eb dh\u00ebnat personale q\u00eb mbledhim nga ju nuk transferohen ose p\u00ebrpunohen jasht\u00eb Bashkimit Evropian.<\/p><p>11. P\u00ebrdorimi i cookies<br \/>Ne p\u00ebrdorim cookies (skedar\u00eb t\u00eb vegj\u00ebl teksti q\u00eb ruhen n\u00eb pajisjen tuaj kur shfletoni internetin) p\u00ebr t\u00eb mb\u00ebshtetur faqen ton\u00eb t\u00eb internetit, p\u00ebr t\u00eb ofruar sh\u00ebrbimet tona n\u00eb internet dhe p\u00ebr t\u00eb mbledhur informacion. Cookies na lejojn\u00eb, nd\u00ebr t\u00eb tjera, t\u00eb ruajm\u00eb preferencat dhe cil\u00ebsimet tuaja, t\u00eb ofrojm\u00eb reklama bazuar n\u00eb interesat tuaja dhe t\u00eb analizojm\u00eb se si funksionojn\u00eb uebsajti yn\u00eb dhe sh\u00ebrbimet n\u00eb internet.<\/p><p>12. Si t\u00eb na kontaktoni?<br \/>Ju mund t\u00eb na kontaktoni p\u00ebr \u00e7do pyetje n\u00eb lidhje me p\u00ebrpunimin e t\u00eb dh\u00ebnave tuaja personale ose p\u00ebrdorimin ton\u00eb t\u00eb cookies ose p\u00ebr t\u00eb ushtruar t\u00eb drejtat tuaja, d\u00ebrgoni nj\u00eb email n\u00eb alexandrostraianos@gmail.com.<\/p><p>13. Informacioni i publikimit \u2013 Ndryshimet dhe p\u00ebrdit\u00ebsimet<br \/>Kjo Deklarat\u00eb \u00ebsht\u00eb p\u00ebrdit\u00ebsuar p\u00ebr her\u00eb t\u00eb fundit m\u00eb 16.11.2019.<br \/>Ne rezervojm\u00eb t\u00eb drejt\u00ebn p\u00ebr t\u00eb modifikuar dhe p\u00ebrdit\u00ebsuar k\u00ebt\u00eb Deklarat\u00eb n\u00eb \u00e7do koh\u00eb, p\u00ebr \u00e7far\u00ebdo arsye, pa paralajm\u00ebrim p\u00ebr ju, p\u00ebrve\u00e7 postimit t\u00eb Deklarat\u00ebs s\u00eb p\u00ebrdit\u00ebsuar n\u00eb faqen ton\u00eb t\u00eb internetit. Ne mund t\u00eb d\u00ebrgojm\u00eb email periodik p\u00ebr t&#039;ju kujtuar ndryshimet dhe p\u00ebrdit\u00ebsimet n\u00eb k\u00ebt\u00eb Deklarat\u00eb, por ju duhet t\u00eb kontrolloni shpesh faqen ton\u00eb t\u00eb internetit p\u00ebr t&#039;u informuar p\u00ebr deklarat\u00ebn aktuale dhe t\u00eb zbatueshme t\u00eb privat\u00ebsis\u00eb<\/p>\t\t\t\t\t\t\t\t<\/div>\n\t\t\t\t<\/div>\n\t\t\t\t\t<\/div>\n\t\t<\/div>\n\t\t\t\t<div class=\"elementor-column elementor-col-33 elementor-top-column elementor-element elementor-element-236618de\" data-id=\"236618de\" data-element_type=\"column\" data-e-type=\"column\">\n\t\t\t<div class=\"elementor-widget-wrap elementor-element-populated\">\n\t\t\t\t\t\t<div class=\"elementor-element elementor-element-521beded elementor-widget elementor-widget-image\" data-id=\"521beded\" data-element_type=\"widget\" data-e-type=\"widget\" data-settings=\"{&quot;sticky&quot;:&quot;top&quot;,&quot;sticky_offset&quot;:100,&quot;sticky_parent&quot;:&quot;yes&quot;,&quot;sticky_on&quot;:[&quot;desktop&quot;,&quot;tablet&quot;,&quot;mobile&quot;],&quot;sticky_effects_offset&quot;:0,&quot;sticky_anchor_link_offset&quot;:0}\" data-widget_type=\"image.default\">\n\t\t\t\t<div class=\"elementor-widget-container\">\n\t\t\t\t\t\t\t\t\t\t\t\t<figure class=\"wp-caption\">\n\t\t\t\t\t\t\t\t\t\t<img decoding=\"async\" width=\"800\" height=\"533\" src=\"https:\/\/dralexandrostraianos.gr\/wp-content\/uploads\/2023\/03\/artificial-insemination-fertilization-of-human-egg-cell-by-sper-1024x682.jpg\" class=\"attachment-large size-large wp-image-7292\" alt=\"\" srcset=\"https:\/\/dralexandrostraianos.gr\/wp-content\/uploads\/2023\/03\/artificial-insemination-fertilization-of-human-egg-cell-by-sper-1024x682.jpg 1024w, https:\/\/dralexandrostraianos.gr\/wp-content\/uploads\/2023\/03\/artificial-insemination-fertilization-of-human-egg-cell-by-sper-300x200.jpg 300w, https:\/\/dralexandrostraianos.gr\/wp-content\/uploads\/2023\/03\/artificial-insemination-fertilization-of-human-egg-cell-by-sper-768x512.jpg 768w, https:\/\/dralexandrostraianos.gr\/wp-content\/uploads\/2023\/03\/artificial-insemination-fertilization-of-human-egg-cell-by-sper-1536x1024.jpg 1536w, https:\/\/dralexandrostraianos.gr\/wp-content\/uploads\/2023\/03\/artificial-insemination-fertilization-of-human-egg-cell-by-sper-18x12.jpg 18w, https:\/\/dralexandrostraianos.gr\/wp-content\/uploads\/2023\/03\/artificial-insemination-fertilization-of-human-egg-cell-by-sper.jpg 2000w\" sizes=\"(max-width: 800px) 100vw, 800px\" \/>\t\t\t\t\t\t\t\t\t\t\t<figcaption class=\"widget-image-caption wp-caption-text\">dralexandrostraianos.gr<\/figcaption>\n\t\t\t\t\t\t\t\t\t\t<\/figure>\n\t\t\t\t\t\t\t\t\t<\/div>\n\t\t\t\t<\/div>\n\t\t\t\t\t<\/div>\n\t\t<\/div>\n\t\t\t\t\t<\/div>\n\t\t<\/section>\n\t\t\t\t<\/div>","protected":false},"excerpt":{"rendered":"<p>Qendra p\u00ebr Mjek\u00ebsi Riprodhuese dhe Fetal Alexandros V. Traianos Kjo Deklarat\u00eb Privat\u00ebsie p\u00ebrshkruan t\u00eb dh\u00ebnat personale q\u00eb dralexandrostraianos.gr mbledh rreth jush, m\u00ebnyr\u00ebn se si i p\u00ebrdorim dhe i mbrojm\u00eb t\u00eb dh\u00ebnat tuaja personale dhe zgjedhjet q\u00eb keni n\u00eb lidhje me m\u00ebnyr\u00ebn se si i p\u00ebrdorim k\u00ebto t\u00eb dh\u00ebna. Ne e pranojm\u00eb se mbrojtja e t\u00eb dh\u00ebnave personale \u00ebsht\u00eb [\u2026]<\/p>","protected":false},"author":9,"featured_media":2967,"parent":0,"menu_order":0,"comment_status":"closed","ping_status":"open","template":"","meta":{"footnotes":""},"class_list":["post-3","page","type-page","status-publish","has-post-thumbnail","hentry"],"_links":{"self":[{"href":"https:\/\/dralexandrostraianos.gr\/al\/wp-json\/wp\/v2\/pages\/3","targetHints":{"allow":["GET"]}}],"collection":[{"href":"https:\/\/dralexandrostraianos.gr\/al\/wp-json\/wp\/v2\/pages"}],"about":[{"href":"https:\/\/dralexandrostraianos.gr\/al\/wp-json\/wp\/v2\/types\/page"}],"author":[{"embeddable":true,"href":"https:\/\/dralexandrostraianos.gr\/al\/wp-json\/wp\/v2\/users\/9"}],"replies":[{"embeddable":true,"href":"https:\/\/dralexandrostraianos.gr\/al\/wp-json\/wp\/v2\/comments?post=3"}],"version-history":[{"count":0,"href":"https:\/\/dralexandrostraianos.gr\/al\/wp-json\/wp\/v2\/pages\/3\/revisions"}],"wp:featuredmedia":[{"embeddable":true,"href":"https:\/\/dralexandrostraianos.gr\/al\/wp-json\/wp\/v2\/media\/2967"}],"wp:attachment":[{"href":"https:\/\/dralexandrostraianos.gr\/al\/wp-json\/wp\/v2\/media?parent=3"}],"curies":[{"name":"wp","href":"https:\/\/api.w.org\/{rel}","templated":true}]}}