{"id":561,"date":"2019-12-12T20:13:01","date_gmt":"2019-12-12T18:13:01","guid":{"rendered":"http:\/\/plethorathemes.com\/healthx\/?page_id=561"},"modified":"2025-11-26T14:17:11","modified_gmt":"2025-11-26T12:17:11","slug":"sixnes-erotisis","status":"publish","type":"page","link":"https:\/\/dralexandrostraianos.gr\/al\/sixnes-erotisis\/","title":{"rendered":"PYETJE T\u00cb SHPESHTA"},"content":{"rendered":"<div data-elementor-type=\"wp-page\" data-elementor-id=\"561\" class=\"elementor elementor-561\" data-elementor-post-type=\"page\">\n\t\t\t\t<div class=\"elementor-element elementor-element-3a17a60 e-flex e-con-boxed e-con e-parent\" data-id=\"3a17a60\" data-element_type=\"container\" data-e-type=\"container\" data-settings=\"{&quot;background_background&quot;:&quot;classic&quot;,&quot;shape_divider_bottom&quot;:&quot;triangle&quot;}\">\n\t\t\t\t\t<div class=\"e-con-inner\">\n\t\t\t\t<div class=\"elementor-shape elementor-shape-bottom\" aria-hidden=\"true\" data-negative=\"false\">\n\t\t\t<svg xmlns=\"http:\/\/www.w3.org\/2000\/svg\" viewbox=\"0 0 1000 100\" preserveaspectratio=\"none\">\n\t<path class=\"elementor-shape-fill\" d=\"M500,98.9L0,6.1V0h1000v6.1L500,98.9z\"\/>\n<\/svg>\t\t<\/div>\n\t\t<div class=\"elementor-element elementor-element-087238e e-con-full e-flex e-con e-child\" data-id=\"087238e\" data-element_type=\"container\" data-e-type=\"container\">\n\t\t\t\t<div class=\"elementor-element elementor-element-e69d4da elementor-widget elementor-widget-heading\" data-id=\"e69d4da\" data-element_type=\"widget\" data-e-type=\"widget\" data-widget_type=\"heading.default\">\n\t\t\t\t<div class=\"elementor-widget-container\">\n\t\t\t\t\t<h1 class=\"elementor-heading-title elementor-size-default\">PYETJE T\u00cb SHPESHTA<\/h1>\t\t\t\t<\/div>\n\t\t\t\t<\/div>\n\t\t\t\t<div class=\"elementor-element elementor-element-2e0f6d8 elementor-widget elementor-widget-heading\" data-id=\"2e0f6d8\" data-element_type=\"widget\" data-e-type=\"widget\" data-widget_type=\"heading.default\">\n\t\t\t\t<div class=\"elementor-widget-container\">\n\t\t\t\t\t<h3 class=\"elementor-heading-title elementor-size-default\">Dr. ALEXANDROS TRAIANOS<\/h3>\t\t\t\t<\/div>\n\t\t\t\t<\/div>\n\t\t\t\t<div class=\"elementor-element elementor-element-88d3d68 elementor-widget elementor-widget-text-editor\" data-id=\"88d3d68\" data-element_type=\"widget\" data-e-type=\"widget\" data-widget_type=\"text-editor.default\">\n\t\t\t\t<div class=\"elementor-widget-container\">\n\t\t\t\t\t\t\t\t\tQENDRA P\u00cbR MJEK\u00cbSIN\u00cb RIPRODUKTIVE DHE MJEK\u00cbSIN\u00cb EMBRIONEVE\t\t\t\t\t\t\t\t<\/div>\n\t\t\t\t<\/div>\n\t\t\t\t<\/div>\n\t\t\t\t\t<\/div>\n\t\t\t\t<\/div>\n\t\t<div class=\"elementor-element elementor-element-066f983 e-flex e-con-boxed e-con e-parent\" data-id=\"066f983\" data-element_type=\"container\" data-e-type=\"container\" data-settings=\"{&quot;background_background&quot;:&quot;classic&quot;}\">\n\t\t\t\t\t<div class=\"e-con-inner\">\n\t\t<div class=\"elementor-element elementor-element-92c653b e-con-full e-flex e-con e-child\" data-id=\"92c653b\" data-element_type=\"container\" data-e-type=\"container\" data-settings=\"{&quot;background_background&quot;:&quot;classic&quot;}\">\n\t\t\t\t<div class=\"elementor-element elementor-element-117d3d0 elementor-widget elementor-widget-heading\" data-id=\"117d3d0\" data-element_type=\"widget\" data-e-type=\"widget\" data-widget_type=\"heading.default\">\n\t\t\t\t<div class=\"elementor-widget-container\">\n\t\t\t\t\t<h2 class=\"elementor-heading-title elementor-size-default\">Pyetje t\u00eb shpeshta<\/h2>\t\t\t\t<\/div>\n\t\t\t\t<\/div>\n\t\t\t\t<div class=\"elementor-element elementor-element-acbbd45 elementor-invisible elementor-widget elementor-widget-heading\" data-id=\"acbbd45\" data-element_type=\"widget\" data-e-type=\"widget\" data-settings=\"{&quot;_animation&quot;:&quot;fadeIn&quot;,&quot;_animation_delay&quot;:150}\" data-widget_type=\"heading.default\">\n\t\t\t\t<div class=\"elementor-widget-container\">\n\t\t\t\t\t<h2 class=\"elementor-heading-title elementor-size-default\">QENDRA P\u00cbR MJEK\u00cbSIN\u00cb RIPRODUKTIVE DHE MJEK\u00cbSIN\u00cb EMBRIONEVE<\/h2>\t\t\t\t<\/div>\n\t\t\t\t<\/div>\n\t\t\t\t<div class=\"elementor-element elementor-element-6809eda elementor-widget elementor-widget-jet-accordion\" data-id=\"6809eda\" data-element_type=\"widget\" data-e-type=\"widget\" data-widget_type=\"jet-accordion.default\">\n\t\t\t\t<div class=\"elementor-widget-container\">\n\t\t\t\t\t\t\t\t\t<div class=\"jet-accordion\" data-settings=\"{&quot;collapsible&quot;:true,&quot;ajaxTemplate&quot;:false,&quot;switchScrolling&quot;:true,&quot;switchScrollingOffset&quot;:{&quot;unit&quot;:&quot;px&quot;,&quot;size&quot;:100,&quot;sizes&quot;:[]},&quot;switchScrollingDelay&quot;:500}\">\n\t\t\t<div class=\"jet-accordion__inner\">\n\t\t\t\t<div class=\"jet-accordion__item jet-toggle jet-toggle-fall-perspective-effect\">\n\t\t\t\t\t\t\t<div id=\"jet-toggle-control-1091\" class=\"jet-toggle__control elementor-menu-anchor\" data-toggle=\"1\" role=\"button\" tabindex=\"0\" aria-controls=\"jet-toggle-content-1091\" aria-expanded=\"false\" data-template-id=\"false\">\n\t\t\t\t\t\t\t\t<div class=\"jet-toggle__label-icon jet-toggle-icon-position-left\"><span class=\"jet-toggle__icon icon-normal jet-tabs-icon\"><i class=\"fas fa-plus\"><\/i><\/span><span class=\"jet-toggle__icon icon-active jet-tabs-icon\"><i class=\"fas fa-minus\"><\/i><\/span><\/div><div class=\"jet-toggle__label-text\">A \u00cbSHT\u00cb E DHIMBSHME MBLEDHJA E VEZ\u00cbVE?<\/div>\t\t\t\t\t\t\t<\/div>\n\t\t\t\t\t\t\t<div id=\"jet-toggle-content-1091\" class=\"jet-toggle__content\" data-toggle=\"1\" role=\"region\" data-template-id=\"false\">\n\t\t\t\t\t\t\t\t<div class=\"jet-toggle__content-inner\"><p>Mbledhja e vez\u00ebve zgjat 10-15 minuta, nuk \u00ebsht\u00eb e dhimbshme, b\u00ebhet n\u00eb gjendje t\u00eb dehur dhe pas p\u00ebrfundimit t\u00eb procedur\u00ebs ju ktheheni n\u00eb aktivitetet tuaja.<\/p><\/div>\n\t\t\t\t\t\t\t<\/div>\n\t\t\t\t\t\t<\/div><div class=\"jet-accordion__item jet-toggle jet-toggle-fall-perspective-effect\">\n\t\t\t\t\t\t\t<div id=\"jet-toggle-control-1092\" class=\"jet-toggle__control elementor-menu-anchor\" data-toggle=\"2\" role=\"button\" tabindex=\"0\" aria-controls=\"jet-toggle-content-1092\" aria-expanded=\"false\" data-template-id=\"false\">\n\t\t\t\t\t\t\t\t<div class=\"jet-toggle__label-icon jet-toggle-icon-position-left\"><span class=\"jet-toggle__icon icon-normal jet-tabs-icon\"><i class=\"fas fa-plus\"><\/i><\/span><span class=\"jet-toggle__icon icon-active jet-tabs-icon\"><i class=\"fas fa-minus\"><\/i><\/span><\/div><div class=\"jet-toggle__label-text\">TASHM KAM KAM NJ\u00cb F\u00cbMIJ\u00cb, TANI SI PO MUND T\u00cb MBETEM SHTATZAN\u00cb S\u00ebrish NUK MUND. A MUND T\u00cb KEMI PROBLEM ME PARTNERI IM DHE UN\u00cb MIDIS TYRE?<\/div>\t\t\t\t\t\t\t<\/div>\n\t\t\t\t\t\t\t<div id=\"jet-toggle-content-1092\" class=\"jet-toggle__content\" data-toggle=\"2\" role=\"region\" data-template-id=\"false\">\n\t\t\t\t\t\t\t\t<div class=\"jet-toggle__content-inner\"><p>N\u00eb p\u00ebrgjith\u00ebsi, ekspert\u00ebt bien dakord se fakti q\u00eb nj\u00eb \u00e7ift tashm\u00eb ka nj\u00eb f\u00ebmij\u00eb mund t\u00eb konsiderohet si prov\u00eb q\u00eb n\u00eb radh\u00eb t\u00eb par\u00eb nuk ka problem infertiliteti. \u00cbsht\u00eb si nj\u00eb prov\u00eb e vog\u00ebl q\u00eb \u00ebsht\u00eb b\u00ebr\u00eb dhe d\u00ebshmon se e kan\u00eb \u201cia dal\u00eb\u201d t\u00eb pakt\u00ebn nj\u00eb her\u00eb. Nga ana tjet\u00ebr, megjithat\u00eb, duhet t\u00eb jemi t\u00eb vet\u00ebdijsh\u00ebm se nd\u00ebrkoh\u00eb gj\u00ebrat mund t\u00eb ken\u00eb ndryshuar dhe mund t\u00eb ket\u00eb lindur ndonj\u00eb problem (p.sh. mashkulli mund t\u00eb ket\u00eb pasur nj\u00eb lloj inflamacioni, i cili ndikon n\u00eb cil\u00ebsin\u00eb e sperm\u00ebs ose ka nd\u00ebrhyr\u00eb n\u00eb di\u00e7ka q\u00eb ndikon fertiliteti fem\u00ebror: nj\u00eb inflamacion, nj\u00eb operacion gjinekologjik, nj\u00eb abort, etj.). N\u00eb \u00e7do rast, n\u00ebse kalon nj\u00eb periudh\u00eb e arsyeshme kohore (nj\u00eb vit) dhe nj\u00eb \u00e7ift nuk mund t\u00eb arrij\u00eb shtatz\u00ebnin\u00eb, at\u00ebher\u00eb ata duhet me ndihm\u00ebn e mjekut t\u00eb hetojn\u00eb n\u00ebse ka pasur ndonj\u00eb problem q\u00eb shkakton infertilitet.<\/p><\/div>\n\t\t\t\t\t\t\t<\/div>\n\t\t\t\t\t\t<\/div><div class=\"jet-accordion__item jet-toggle jet-toggle-fall-perspective-effect\">\n\t\t\t\t\t\t\t<div id=\"jet-toggle-control-1093\" class=\"jet-toggle__control elementor-menu-anchor\" data-toggle=\"3\" role=\"button\" tabindex=\"0\" aria-controls=\"jet-toggle-content-1093\" aria-expanded=\"false\" data-template-id=\"false\">\n\t\t\t\t\t\t\t\t<div class=\"jet-toggle__label-icon jet-toggle-icon-position-left\"><span class=\"jet-toggle__icon icon-normal jet-tabs-icon\"><i class=\"fas fa-plus\"><\/i><\/span><span class=\"jet-toggle__icon icon-active jet-tabs-icon\"><i class=\"fas fa-minus\"><\/i><\/span><\/div><div class=\"jet-toggle__label-text\">A \u00cbSHT\u00cb STERPILITET VET\u00cbM PROBLEM I GRAVE?<\/div>\t\t\t\t\t\t\t<\/div>\n\t\t\t\t\t\t\t<div id=\"jet-toggle-content-1093\" class=\"jet-toggle__content\" data-toggle=\"3\" role=\"region\" data-template-id=\"false\">\n\t\t\t\t\t\t\t\t<div class=\"jet-toggle__content-inner\"><p>Sigurisht q\u00eb jo. N\u00eb af\u00ebrsisht nj\u00eb t\u00eb tret\u00ebn e rasteve, infertiliteti \u00ebsht\u00eb p\u00ebr shkak t\u00eb gruas (faktori fem\u00ebror), nd\u00ebrsa n\u00eb nj\u00eb t\u00eb tret\u00ebn e rasteve, nga burri (faktori mashkullor). N\u00eb nj\u00eb t\u00eb tret\u00ebn e mbetur \u00ebsht\u00eb p\u00ebr shkak t\u00eb t\u00eb dy faktor\u00ebve (si mashkull ashtu edhe fem\u00ebr) apo edhe t\u00eb panjohur.<\/p><\/div>\n\t\t\t\t\t\t\t<\/div>\n\t\t\t\t\t\t<\/div><div class=\"jet-accordion__item jet-toggle jet-toggle-fall-perspective-effect\">\n\t\t\t\t\t\t\t<div id=\"jet-toggle-control-1094\" class=\"jet-toggle__control elementor-menu-anchor\" data-toggle=\"4\" role=\"button\" tabindex=\"0\" aria-controls=\"jet-toggle-content-1094\" aria-expanded=\"false\" data-template-id=\"false\">\n\t\t\t\t\t\t\t\t<div class=\"jet-toggle__label-icon jet-toggle-icon-position-left\"><span class=\"jet-toggle__icon icon-normal jet-tabs-icon\"><i class=\"fas fa-plus\"><\/i><\/span><span class=\"jet-toggle__icon icon-active jet-tabs-icon\"><i class=\"fas fa-minus\"><\/i><\/span><\/div><div class=\"jet-toggle__label-text\">A MUND TA RUAJ OVA\/SPERM\u00cb IM?<\/div>\t\t\t\t\t\t\t<\/div>\n\t\t\t\t\t\t\t<div id=\"jet-toggle-content-1094\" class=\"jet-toggle__content\" data-toggle=\"4\" role=\"region\" data-template-id=\"false\">\n\t\t\t\t\t\t\t\t<div class=\"jet-toggle__content-inner\"><p>N\u00eb Qendr\u00ebn p\u00ebr Mjek\u00ebsin\u00eb Riprodhuese Dr. Traianos, ne ofrojm\u00eb sh\u00ebrbime t\u00eb kriopruajtjes s\u00eb vez\u00ebve\/sperm\u00ebs p\u00ebr ata q\u00eb kan\u00eb nevoj\u00eb p\u00ebr k\u00ebt\u00eb sh\u00ebrbim p\u00ebr arsye personale ose mjek\u00ebsore. Ne p\u00ebrdorim teknik\u00ebn m\u00eb moderne t\u00eb vitrifikimit n\u00eb ngrirjen e sperm\u00ebs dhe vez\u00ebve.<\/p><\/div>\n\t\t\t\t\t\t\t<\/div>\n\t\t\t\t\t\t<\/div><div class=\"jet-accordion__item jet-toggle jet-toggle-fall-perspective-effect\">\n\t\t\t\t\t\t\t<div id=\"jet-toggle-control-1095\" class=\"jet-toggle__control elementor-menu-anchor\" data-toggle=\"5\" role=\"button\" tabindex=\"0\" aria-controls=\"jet-toggle-content-1095\" aria-expanded=\"false\" data-template-id=\"false\">\n\t\t\t\t\t\t\t\t<div class=\"jet-toggle__label-icon jet-toggle-icon-position-left\"><span class=\"jet-toggle__icon icon-normal jet-tabs-icon\"><i class=\"fas fa-plus\"><\/i><\/span><span class=\"jet-toggle__icon icon-active jet-tabs-icon\"><i class=\"fas fa-minus\"><\/i><\/span><\/div><div class=\"jet-toggle__label-text\">CILA \u00cbSHT\u00cb SHKALLA E SUKSESIT T\u00cb IVF?<\/div>\t\t\t\t\t\t\t<\/div>\n\t\t\t\t\t\t\t<div id=\"jet-toggle-content-1095\" class=\"jet-toggle__content\" data-toggle=\"5\" role=\"region\" data-template-id=\"false\">\n\t\t\t\t\t\t\t\t<div class=\"jet-toggle__content-inner\"><p>Normat e suksesit ndryshojn\u00eb n\u00eb \u00e7do qend\u00ebr ekstrakorporale. Faktor\u00eb shum\u00eb t\u00eb r\u00ebnd\u00ebsish\u00ebm jan\u00eb edhe mosha e gruas, niveli i hormoneve dhe sigurisht sperma e burrit. N\u00eb p\u00ebrgjith\u00ebsi, tarifat variojn\u00eb nga 45% ose pak m\u00eb shum\u00eb p\u00ebr grat\u00eb deri n\u00eb 35 vje\u00e7.<\/p><\/div>\n\t\t\t\t\t\t\t<\/div>\n\t\t\t\t\t\t<\/div><div class=\"jet-accordion__item jet-toggle jet-toggle-fall-perspective-effect\">\n\t\t\t\t\t\t\t<div id=\"jet-toggle-control-1096\" class=\"jet-toggle__control elementor-menu-anchor\" data-toggle=\"6\" role=\"button\" tabindex=\"0\" aria-controls=\"jet-toggle-content-1096\" aria-expanded=\"false\" data-template-id=\"false\">\n\t\t\t\t\t\t\t\t<div class=\"jet-toggle__label-icon jet-toggle-icon-position-left\"><span class=\"jet-toggle__icon icon-normal jet-tabs-icon\"><i class=\"fas fa-plus\"><\/i><\/span><span class=\"jet-toggle__icon icon-active jet-tabs-icon\"><i class=\"fas fa-minus\"><\/i><\/span><\/div><div class=\"jet-toggle__label-text\">SA HER\u00cb MUND T&#039;I N\u00cbNSHTOJET TRAJTIMIT IVF NJ\u00cb GRUA?<\/div>\t\t\t\t\t\t\t<\/div>\n\t\t\t\t\t\t\t<div id=\"jet-toggle-content-1096\" class=\"jet-toggle__content\" data-toggle=\"6\" role=\"region\" data-template-id=\"false\">\n\t\t\t\t\t\t\t\t<div class=\"jet-toggle__content-inner\"><p>Numri i cikleve t\u00eb trajtimit q\u00eb nj\u00eb grua mund t&#039;i n\u00ebnshtrohet nuk \u00ebsht\u00eb fiks. \u00cbsht\u00eb e sigurt q\u00eb n\u00eb vendin ton\u00eb ka mjek\u00eb obstet\u00ebr-gjinekolog\u00eb t\u00eb nivelit t\u00eb lart\u00eb dhe qendra t\u00eb organizuara t\u00eb trajtimit t\u00eb infertilitetit q\u00eb ofrojn\u00eb sh\u00ebrbime t\u00eb shk\u00eblqyera mjek\u00ebsore n\u00eb k\u00ebt\u00eb nivel. P\u00ebr sa koh\u00eb q\u00eb ka indikacione t\u00eb sakta (p.sh. vezoret q\u00eb i p\u00ebrgjigjen terapis\u00eb stimuluese, endometrium me cil\u00ebsi t\u00eb mir\u00eb, etj.) shkalla e suksesit - ve\u00e7an\u00ebrisht me p\u00ebrdorimin e teknikave m\u00eb t\u00eb reja dhe barnave bioteknologjike, t\u00eb cilat tregojn\u00eb rritje t\u00eb bioaktivitetit n\u00eb krahasim me barnat konvencionale nga urina - n\u00eb total p\u00ebraf\u00ebrsisht 65%-70% pas 4 cikleve t\u00eb trajtimit.<\/p><\/div>\n\t\t\t\t\t\t\t<\/div>\n\t\t\t\t\t\t<\/div><div class=\"jet-accordion__item jet-toggle jet-toggle-fall-perspective-effect\">\n\t\t\t\t\t\t\t<div id=\"jet-toggle-control-1097\" class=\"jet-toggle__control elementor-menu-anchor\" data-toggle=\"7\" role=\"button\" tabindex=\"0\" aria-controls=\"jet-toggle-content-1097\" aria-expanded=\"false\" data-template-id=\"false\">\n\t\t\t\t\t\t\t\t<div class=\"jet-toggle__label-icon jet-toggle-icon-position-left\"><span class=\"jet-toggle__icon icon-normal jet-tabs-icon\"><i class=\"fas fa-plus\"><\/i><\/span><span class=\"jet-toggle__icon icon-active jet-tabs-icon\"><i class=\"fas fa-minus\"><\/i><\/span><\/div><div class=\"jet-toggle__label-text\">KUR KONSIDEROHET INFERTILITETI NJ\u00cb \u00c7IFT?<\/div>\t\t\t\t\t\t\t<\/div>\n\t\t\t\t\t\t\t<div id=\"jet-toggle-content-1097\" class=\"jet-toggle__content\" data-toggle=\"7\" role=\"region\" data-template-id=\"false\">\n\t\t\t\t\t\t\t\t<div class=\"jet-toggle__content-inner\"><p>Steriliteti p\u00ebrkufizohet si d\u00ebshtimi p\u00ebr t\u00eb mbetur shtatz\u00ebn\u00eb pas nj\u00eb viti (ose 6 muajsh n\u00ebse nj\u00eb grua \u00ebsht\u00eb mbi 35 vje\u00e7) t\u00eb marr\u00ebdh\u00ebnieve seksuale normale dhe t\u00eb rregullta. Me fjal\u00eb t\u00eb tjera, kur t\u00eb ket\u00eb kaluar nj\u00eb vit pa mbetur shtatz\u00ebn\u00eb gruaja, \u00e7ifti duhet t\u00eb kontaktoj\u00eb mjekun e tyre kurues p\u00ebr t\u00eb p\u00ebrcaktuar shkakun e d\u00ebshtimit p\u00ebr t\u00eb mbetur shtatz\u00ebn\u00eb dhe m\u00eb pas ta trajtoj\u00eb at\u00eb. Megjithat\u00eb, t\u00eb gjith\u00eb duhet t\u00eb jemi t\u00eb nd\u00ebrgjegjsh\u00ebm dhe t\u00eb mos harrojm\u00eb se faktori i mosh\u00ebs \u00ebsht\u00eb m\u00eb i r\u00ebnd\u00ebsishmi p\u00ebr fertilitetin fem\u00ebror dhe se qasja e individualizuar e \u00e7do \u00e7ifti \u00ebsht\u00eb \u201c\u00e7el\u00ebsi i art\u00eb\u201d q\u00eb zgjidh problemin.<\/p><\/div>\n\t\t\t\t\t\t\t<\/div>\n\t\t\t\t\t\t<\/div><div class=\"jet-accordion__item jet-toggle jet-toggle-fall-perspective-effect\">\n\t\t\t\t\t\t\t<div id=\"jet-toggle-control-1098\" class=\"jet-toggle__control elementor-menu-anchor\" data-toggle=\"8\" role=\"button\" tabindex=\"0\" aria-controls=\"jet-toggle-content-1098\" aria-expanded=\"false\" data-template-id=\"false\">\n\t\t\t\t\t\t\t\t<div class=\"jet-toggle__label-icon jet-toggle-icon-position-left\"><span class=\"jet-toggle__icon icon-normal jet-tabs-icon\"><i class=\"fas fa-plus\"><\/i><\/span><span class=\"jet-toggle__icon icon-active jet-tabs-icon\"><i class=\"fas fa-minus\"><\/i><\/span><\/div><div class=\"jet-toggle__label-text\">A MUND T\u00cb MUND T\u00cb M\u00cb SHP\u00cbN\u00cb KAN\u00c7ER BARNAT EKZOSOMALE?<\/div>\t\t\t\t\t\t\t<\/div>\n\t\t\t\t\t\t\t<div id=\"jet-toggle-content-1098\" class=\"jet-toggle__content\" data-toggle=\"8\" role=\"region\" data-template-id=\"false\">\n\t\t\t\t\t\t\t\t<div class=\"jet-toggle__content-inner\"><p>Lidhja e barnave IVF me rrezikun e kancerit \u00ebsht\u00eb shqet\u00ebsimi m\u00eb i madh i grave q\u00eb i bashkohen k\u00ebtyre programeve. Por referencat e shumta t\u00eb literatur\u00ebs t\u00eb mbledhura nga studime t\u00eb besueshme shkencore dhe t\u00eb botuara n\u00eb revista mjek\u00ebsore autoritare n\u00eb mbar\u00eb bot\u00ebn jan\u00eb qet\u00ebsuese dhe nuk e konfirmojn\u00eb k\u00ebt\u00eb shqet\u00ebsim.<\/p><\/div>\n\t\t\t\t\t\t\t<\/div>\n\t\t\t\t\t\t<\/div><div class=\"jet-accordion__item jet-toggle jet-toggle-fall-perspective-effect\">\n\t\t\t\t\t\t\t<div id=\"jet-toggle-control-1099\" class=\"jet-toggle__control elementor-menu-anchor\" data-toggle=\"9\" role=\"button\" tabindex=\"0\" aria-controls=\"jet-toggle-content-1099\" aria-expanded=\"false\" data-template-id=\"false\">\n\t\t\t\t\t\t\t\t<div class=\"jet-toggle__label-icon jet-toggle-icon-position-left\"><span class=\"jet-toggle__icon icon-normal jet-tabs-icon\"><i class=\"fas fa-plus\"><\/i><\/span><span class=\"jet-toggle__icon icon-active jet-tabs-icon\"><i class=\"fas fa-minus\"><\/i><\/span><\/div><div class=\"jet-toggle__label-text\">\u00c7FAR\u00cb RRITIN RREZIKUN E STERILITETIT MESHKULLOR?<\/div>\t\t\t\t\t\t\t<\/div>\n\t\t\t\t\t\t\t<div id=\"jet-toggle-content-1099\" class=\"jet-toggle__content\" data-toggle=\"9\" role=\"region\" data-template-id=\"false\">\n\t\t\t\t\t\t\t\t<div class=\"jet-toggle__content-inner\"><ul><li>alkoolin<\/li><li>substancave narkotike<\/li><li>toksina mjedisore, duke p\u00ebrfshir\u00eb pesticidet dhe plumbin;<\/li><li>pirja e duhanit<\/li><li>problemet e sh\u00ebndetit<\/li><li>barna<\/li><li>radioterapia dhe kimioterapia<\/li><li>Mosha<\/li><\/ul><\/div>\n\t\t\t\t\t\t\t<\/div>\n\t\t\t\t\t\t<\/div>\t\t\t<\/div>\n\t\t<\/div>\n\t\t\t\t\t\t<\/div>\n\t\t\t\t<\/div>\n\t\t\t\t<\/div>\n\t\t\t\t\t<\/div>\n\t\t\t\t<\/div>\n\t\t<div class=\"elementor-element elementor-element-212bd36 e-flex e-con-boxed e-con e-parent\" data-id=\"212bd36\" data-element_type=\"container\" data-e-type=\"container\" data-settings=\"{&quot;background_background&quot;:&quot;classic&quot;,&quot;shape_divider_top&quot;:&quot;triangle&quot;,&quot;shape_divider_bottom&quot;:&quot;triangle&quot;}\">\n\t\t\t\t\t<div class=\"e-con-inner\">\n\t\t\t\t<div class=\"elementor-shape elementor-shape-top\" aria-hidden=\"true\" data-negative=\"false\">\n\t\t\t<svg xmlns=\"http:\/\/www.w3.org\/2000\/svg\" viewbox=\"0 0 1000 100\" preserveaspectratio=\"none\">\n\t<path class=\"elementor-shape-fill\" d=\"M500,98.9L0,6.1V0h1000v6.1L500,98.9z\"\/>\n<\/svg>\t\t<\/div>\n\t\t\t\t<div class=\"elementor-shape elementor-shape-bottom\" aria-hidden=\"true\" data-negative=\"false\">\n\t\t\t<svg xmlns=\"http:\/\/www.w3.org\/2000\/svg\" viewbox=\"0 0 1000 100\" preserveaspectratio=\"none\">\n\t<path class=\"elementor-shape-fill\" d=\"M500,98.9L0,6.1V0h1000v6.1L500,98.9z\"\/>\n<\/svg>\t\t<\/div>\n\t\t<div class=\"elementor-element elementor-element-19a6e9d e-con-full e-flex e-con e-child\" data-id=\"19a6e9d\" data-element_type=\"container\" data-e-type=\"container\">\n\t\t\t\t<div class=\"elementor-element elementor-element-9090c55 elementor-widget elementor-widget-heading\" data-id=\"9090c55\" data-element_type=\"widget\" data-e-type=\"widget\" data-settings=\"{&quot;_animation&quot;:&quot;none&quot;}\" data-widget_type=\"heading.default\">\n\t\t\t\t<div class=\"elementor-widget-container\">\n\t\t\t\t\t<h2 class=\"elementor-heading-title elementor-size-default\">L\u00cbRNI TANIMIN<\/h2>\t\t\t\t<\/div>\n\t\t\t\t<\/div>\n\t\t\t\t<div class=\"elementor-element elementor-element-d46bf4b elementor-widget elementor-widget-heading\" data-id=\"d46bf4b\" data-element_type=\"widget\" data-e-type=\"widget\" data-widget_type=\"heading.default\">\n\t\t\t\t<div class=\"elementor-widget-container\">\n\t\t\t\t\t<h3 class=\"elementor-heading-title elementor-size-default\">Dr. ALEXANDROS TRAIANOS<\/h3>\t\t\t\t<\/div>\n\t\t\t\t<\/div>\n\t\t\t\t<div class=\"elementor-element elementor-element-0b5cfa9 elementor-widget elementor-widget-text-editor\" data-id=\"0b5cfa9\" data-element_type=\"widget\" data-e-type=\"widget\" data-widget_type=\"text-editor.default\">\n\t\t\t\t<div class=\"elementor-widget-container\">\n\t\t\t\t\t\t\t\t\tQENDRA P\u00cbR MJEK\u00cbSIN\u00cb RIPRODUKTIVE DHE MJEK\u00cbSIN\u00cb EMBRIONEVE\t\t\t\t\t\t\t\t<\/div>\n\t\t\t\t<\/div>\n\t\t\t\t<div class=\"jet-popup-target elementor-element elementor-element-e0a7647 elementor-align-center elementor-widget elementor-widget-button\" data-jet-popup=\"{&quot;attached-popup&quot;:&quot;jet-popup-6463&quot;,&quot;trigger-type&quot;:&quot;click-self&quot;,&quot;trigger-custom-selector&quot;:&quot;&quot;}\" data-id=\"e0a7647\" data-element_type=\"widget\" data-e-type=\"widget\" data-widget_type=\"button.default\">\n\t\t\t\t<div class=\"elementor-widget-container\">\n\t\t\t\t\t\t\t\t\t<div class=\"elementor-button-wrapper\">\n\t\t\t\t\t<a class=\"elementor-button elementor-size-xs elementor-animation-grow\" role=\"button\">\n\t\t\t\t\t\t<span class=\"elementor-button-content-wrapper\">\n\t\t\t\t\t\t<span class=\"elementor-button-icon\">\n\t\t\t\t<i aria-hidden=\"true\" class=\"far fa-calendar-alt\"><\/i>\t\t\t<\/span>\n\t\t\t\t\t\t\t\t\t<span class=\"elementor-button-text\">REZERVO TANIMIN<\/span>\n\t\t\t\t\t<\/span>\n\t\t\t\t\t<\/a>\n\t\t\t\t<\/div>\n\t\t\t\t\t\t\t\t<\/div>\n\t\t\t\t<\/div>\n\t\t\t\t<\/div>\n\t\t\t\t\t<\/div>\n\t\t\t\t<\/div>\n\t\t\t\t<\/div>","protected":false},"excerpt":{"rendered":"<p>PYETJE T\u00cb B\u00cbRA SHPESH Pyetje t\u00eb B\u00ebra Shpesh A \u00cbSHT\u00cb E V\u00cbSHTIR\u00cb MBLEDHJA E VEZ\u00cbVE? Mbledhja e vez\u00ebve zgjat 10-15 minuta, nuk \u00ebsht\u00eb e dhimbshme, b\u00ebhet n\u00ebn anestezi dhe pasi t\u00eb ket\u00eb mbaruar procedura mund t\u00eb ktheheni n\u00eb aktivitetet tuaja. UN\u00cb KAM LINDUR NJ\u00cb F\u00cbMIJ\u00cb, POR TANI KUR PO P\u00cbRPIQEM T\u00cb MBETEM S\u00cbRISH SHTATZ\u00cbN\u00cb NUK MUNDEM. A A MUND TA KINIM UN\u00cb OSE PARTNERI IM [\u2026]<\/p>","protected":false},"author":9,"featured_media":0,"parent":0,"menu_order":0,"comment_status":"closed","ping_status":"closed","template":"","meta":{"footnotes":""},"class_list":["post-561","page","type-page","status-publish","hentry"],"_links":{"self":[{"href":"https:\/\/dralexandrostraianos.gr\/al\/wp-json\/wp\/v2\/pages\/561","targetHints":{"allow":["GET"]}}],"collection":[{"href":"https:\/\/dralexandrostraianos.gr\/al\/wp-json\/wp\/v2\/pages"}],"about":[{"href":"https:\/\/dralexandrostraianos.gr\/al\/wp-json\/wp\/v2\/types\/page"}],"author":[{"embeddable":true,"href":"https:\/\/dralexandrostraianos.gr\/al\/wp-json\/wp\/v2\/users\/9"}],"replies":[{"embeddable":true,"href":"https:\/\/dralexandrostraianos.gr\/al\/wp-json\/wp\/v2\/comments?post=561"}],"version-history":[{"count":0,"href":"https:\/\/dralexandrostraianos.gr\/al\/wp-json\/wp\/v2\/pages\/561\/revisions"}],"wp:attachment":[{"href":"https:\/\/dralexandrostraianos.gr\/al\/wp-json\/wp\/v2\/media?parent=561"}],"curies":[{"name":"wp","href":"https:\/\/api.w.org\/{rel}","templated":true}]}}