{"id":2972,"date":"2019-12-12T20:15:45","date_gmt":"2019-12-12T18:15:45","guid":{"rendered":"https:\/\/dralexandrostraianos.gr\/?page_id=2972"},"modified":"2023-05-23T12:41:02","modified_gmt":"2023-05-23T09:41:02","slug":"oroi-kai-proipotheseis","status":"publish","type":"page","link":"https:\/\/dralexandrostraianos.gr\/de\/oroi-kai-proipotheseis\/","title":{"rendered":"Gesch\u00e4ftsbedingungen"},"content":{"rendered":"<div data-elementor-type=\"wp-page\" data-elementor-id=\"2972\" class=\"elementor elementor-2972\" data-elementor-post-type=\"page\">\n\t\t\t\t\t\t<section class=\"elementor-section elementor-top-section elementor-element elementor-element-b0b17e9 elementor-section-full_width elementor-section-height-min-height elementor-section-items-bottom elementor-section-stretched elementor-section-height-default\" data-id=\"b0b17e9\" data-element_type=\"section\" data-e-type=\"section\" data-settings=\"{&quot;background_background&quot;:&quot;classic&quot;,&quot;stretch_section&quot;:&quot;section-stretched&quot;}\">\n\t\t\t\t\t\t<div class=\"elementor-container elementor-column-gap-no\">\n\t\t\t\t\t<div class=\"elementor-column elementor-col-100 elementor-top-column elementor-element elementor-element-71ee8909\" data-id=\"71ee8909\" data-element_type=\"column\" data-e-type=\"column\" data-settings=\"{&quot;background_background&quot;:&quot;classic&quot;}\">\n\t\t\t<div class=\"elementor-widget-wrap elementor-element-populated\">\n\t\t\t\t\t\t<section class=\"elementor-section elementor-inner-section elementor-element elementor-element-292d0444 elementor-section-full_width elementor-section-height-default elementor-section-height-default\" data-id=\"292d0444\" data-element_type=\"section\" data-e-type=\"section\">\n\t\t\t\t\t\t<div class=\"elementor-container elementor-column-gap-default\">\n\t\t\t\t\t<div class=\"elementor-column elementor-col-100 elementor-inner-column elementor-element elementor-element-4a027fa4\" data-id=\"4a027fa4\" data-element_type=\"column\" data-e-type=\"column\" data-settings=\"{&quot;background_background&quot;:&quot;classic&quot;}\">\n\t\t\t<div class=\"elementor-widget-wrap elementor-element-populated\">\n\t\t\t\t\t\t<div class=\"elementor-element elementor-element-11639e3b elementor-widget elementor-widget-heading\" data-id=\"11639e3b\" data-element_type=\"widget\" data-e-type=\"widget\" data-widget_type=\"heading.default\">\n\t\t\t\t<div class=\"elementor-widget-container\">\n\t\t\t\t\t<h1 class=\"elementor-heading-title elementor-size-default\">Gesch\u00e4ftsbedingungen<\/h1>\t\t\t\t<\/div>\n\t\t\t\t<\/div>\n\t\t\t\t\t<\/div>\n\t\t<\/div>\n\t\t\t\t\t<\/div>\n\t\t<\/section>\n\t\t\t\t<section class=\"elementor-section elementor-inner-section elementor-element elementor-element-2ba5bd61 elementor-section-full_width elementor-section-height-default elementor-section-height-default\" data-id=\"2ba5bd61\" data-element_type=\"section\" data-e-type=\"section\">\n\t\t\t\t\t\t<div class=\"elementor-container elementor-column-gap-default\">\n\t\t\t\t\t<div class=\"elementor-column elementor-col-100 elementor-inner-column elementor-element elementor-element-4057b018\" data-id=\"4057b018\" data-element_type=\"column\" data-e-type=\"column\" data-settings=\"{&quot;background_background&quot;:&quot;classic&quot;}\">\n\t\t\t<div class=\"elementor-widget-wrap elementor-element-populated\">\n\t\t\t\t\t\t<div class=\"elementor-element elementor-element-10d47f77 elementor-widget elementor-widget-heading\" data-id=\"10d47f77\" data-element_type=\"widget\" data-e-type=\"widget\" data-widget_type=\"heading.default\">\n\t\t\t\t<div class=\"elementor-widget-container\">\n\t\t\t\t\t<p class=\"elementor-heading-title elementor-size-default\">Zentrum f\u00fcr Reproduktionsmedizin und Fetalmedizin Alexandros V. Traianos <\/p>\t\t\t\t<\/div>\n\t\t\t\t<\/div>\n\t\t\t\t\t<\/div>\n\t\t<\/div>\n\t\t\t\t\t<\/div>\n\t\t<\/section>\n\t\t\t\t\t<\/div>\n\t\t<\/div>\n\t\t\t\t\t<\/div>\n\t\t<\/section>\n\t\t\t\t<section class=\"elementor-section elementor-top-section elementor-element elementor-element-4378cfcd elementor-section-full_width elementor-section-stretched elementor-section-height-default elementor-section-height-default\" data-id=\"4378cfcd\" data-element_type=\"section\" data-e-type=\"section\" data-settings=\"{&quot;stretch_section&quot;:&quot;section-stretched&quot;}\">\n\t\t\t\t\t\t<div class=\"elementor-container elementor-column-gap-default\">\n\t\t\t\t\t<div class=\"elementor-column elementor-col-66 elementor-top-column elementor-element elementor-element-1d9a3d39\" data-id=\"1d9a3d39\" data-element_type=\"column\" data-e-type=\"column\">\n\t\t\t<div class=\"elementor-widget-wrap elementor-element-populated\">\n\t\t\t\t\t\t<div class=\"elementor-element elementor-element-7dbf5e7 elementor-widget elementor-widget-text-editor\" data-id=\"7dbf5e7\" data-element_type=\"widget\" data-e-type=\"widget\" data-widget_type=\"text-editor.default\">\n\t\t\t\t<div class=\"elementor-widget-container\">\n\t\t\t\t\t\t\t\t\t<p>dralexandrostraianos.gr\/ \u00fcber seine Website <a href=\"https:\/\/dralexandrostraianos.gr\/de\/\">https:\/\/dralexandrostraianos.gr\/<\/a>\u00a0informiert den Nutzer\/Besucher \u00fcber den Zweck des Unternehmens, die angebotenen Dienstleistungen und Produkte.<\/p><p>Der Zweck besteht darin, dem Nutzer\/Besucher die notwendigen Informationen \u00fcber die Nutzungsbedingungen der Website zukommen zu lassen\u00a0 <a href=\"https:\/\/dralexandrostraianos.gr\/de\/\">https:\/\/dralexandrostraianos.gr\/<\/a> (im Folgenden die \u201eWebsite\u201c), die jeder Benutzer\/Besucher sorgf\u00e4ltig studieren und im Falle von Meinungsverschiedenheiten von deren Verwendung absehen muss.<br \/>Die Nutzung der Website setzt die ausdr\u00fcckliche, vorbehaltlose und vollst\u00e4ndige Annahme der genannten Bedingungen voraus, die f\u00fcr alle Inhalte gelten.<\/p><p>1. Geistige und gewerbliche Eigentumsrechte<br \/>Der gesamte Inhalt der Website dralexandrostraianos.gr und insbesondere die auf der offiziellen Website von dralexandrostraianos.gr enthaltenen Informationen und Daten, einschlie\u00dflich, aber nicht beschr\u00e4nkt auf Marken, Bilder, Fotos, Texte, Diagramme, bereitgestellte Dienstleistungen, Produkte und allgemein alle Arten von Dateien in Bezug auf die angebotenen Produkte sind geistiges Eigentum von dralexandrostraianos.gr und werden durch die einschl\u00e4gigen Rechtsvorschriften der Gemeinschaft und des griechischen Gesetzes \u00fcber geistiges Eigentum (Nr. 2121\/1993) gesch\u00fctzt, unter Ausschluss der gesch\u00fctzten Rechte Dritter. Dar\u00fcber hinaus sind die Namen der Produkte von dralexandrostraianos.gr, die darin enthaltenen Logos und Unterscheidungsmerkmale entweder eingetragene Marken oder besondere Unterscheidungsmerkmale der Website. Sie sind durch die einschl\u00e4gigen griechischen und gemeinschaftlichen Rechtsvorschriften zu Marken, gewerblichem und geistigem Eigentum sowie unlauterem Wettbewerb gesch\u00fctzt.<br \/>Daher ist es ohne die vorherige schriftliche Genehmigung von dralexandrostraianos.gr untersagt, den Inhalt der Website von dralexandrostraianos.gr ganz oder teilweise in irgendeiner Weise zu \u00e4ndern, zu ver\u00f6ffentlichen, zu \u00fcbertragen, zu \u00fcbertragen, zu reproduzieren, zu verteilen, zu pr\u00e4sentieren oder anderweitig zu nutzen oder Mittel f\u00fcr kommerzielle oder andere Zwecke.<\/p><p>2. Pflichten des Nutzers\/Besuchers<br \/>Der Benutzer\/Besucher ist verpflichtet, die Regeln und Bestimmungen des griechischen, europ\u00e4ischen und internationalen Rechts nicht zu verletzen und einzuhalten. Er erkl\u00e4rt au\u00dferdem verantwortungsbewusst, dass er die Website von dralexandrostraianos.gr nicht dazu nutzen wird, Inhalte zu ver\u00f6ffentlichen, zu \u00fcbertragen oder auf andere Weise verf\u00fcgbar zu machen, die rechtswidrig oder bedrohlich sind, oder um dadurch Empathie, Rassen- oder andere Diskriminierung zum Ausdruck zu bringen oder Patente oder kommerzielle Zwecke zu verletzen Marken-, Urheberrechts- oder andere Eigentumsrechte Dritter enthalten Softwareviren oder andere Codes, Dateien oder Programme, die darauf abzielen, Computersoftware oder -hardware zu besch\u00e4digen, zu zerst\u00f6ren oder den Betrieb zu beeintr\u00e4chtigen.<br \/>dralexandrostraianos.gr und im Allgemeinen an dralexandrostraianos.gr, bezogen auf die schlechte oder unfaire Nutzung der Website und der \u00fcber sie angebotenen Dienste.<br \/>F\u00fcr den Fall, dass dralexandrostraianos.gr in einen Rechtsstreit verwickelt wird oder aufgefordert wird, Dritten irgendeinen Schadenersatz zu zahlen, und zwar aus Gr\u00fcnden, die auf die Verletzung der Pflichten des Benutzers\/Besuchers zur\u00fcckzuf\u00fchren sind, muss der Benutzer\/Besucher dralexandrostraianos.gr entsch\u00e4digen dieser Grund.<\/p><p>3. Erkl\u00e4rung von dralexandrostraianos.gr. Haftungsbeschr\u00e4nkung<br \/>dralexandrostraianos.gr bem\u00fcht sich, sicherzustellen, dass die Informationen und der gesamte Inhalt seiner Website der Genauigkeit, G\u00fcltigkeit, Klarheit und Richtigkeit unterliegen, damit sich Benutzer\/Besucher ein m\u00f6glichst vollst\u00e4ndiges Bild der angebotenen Produkte und Dienstleistungen machen k\u00f6nnen von dralexandrostraianos.gr.<br \/>F\u00fcr die Nutzung, Auswertung, Bewertung und Verwertung der bereitgestellten Informationen ist allein der Nutzer verantwortlich. Das Treffen von gesch\u00e4ftlichen oder anderen Entscheidungen auf der Grundlage dieser Informationen liegt in der alleinigen Verantwortung des Benutzers und dralexandrostraianos.gr ist nicht verpflichtet, Verluste oder Unterschiede aus der Nutzung der \u00fcber die Website bereitgestellten Informationen zu decken oder zu korrigieren.<br \/>dralexandrostraianos.gr ergreift die notwendigen Ma\u00dfnahmen f\u00fcr den reibungslosen und ordnungsgem\u00e4\u00dfen Betrieb seiner Website, garantiert jedoch nicht, dass der Betrieb frei von Fehlern oder anderen technischen Problemen ist. dralexandrostraianos.gr \u00fcbernimmt keine Verantwortung f\u00fcr Sch\u00e4den, die durch den Zugriff auf und die Nutzung der Website des Unternehmens entstehen k\u00f6nnen.<\/p><p>4. Schutz der personenbezogenen Daten der Nutzer<br \/>dralexandrostraianos.gran ist sich bewusst, wie wichtig es ist, die pers\u00f6nlichen Daten seiner Website-Benutzer zu sch\u00fctzen.<br \/>Ausf\u00fchrliche Informationen zum Schutz Ihrer personenbezogenen Daten und Ihren Rechten finden Sie in der Datenschutzerkl\u00e4rung <a href=\"https:\/\/dralexandrostraianos.gr\/de\/privacy-policy\/\">https:\/\/dralexandrostraianos.gr\/privacy-policy\/<\/a>.<\/p><p>5. Weiterleitung an Websites Dritter<br \/>Durch spezielle Links (Links, Hyperlinks, Banner) k\u00f6nnen Benutzer\/Besucher \u00fcber die Website dralexandrostraianos.gr auf Websites Dritter weitergeleitet werden. Der Inhalt dieser Websites wird unter der alleinigen Verantwortung ihrer Eigent\u00fcmer erstellt. dralexandrostraianos.gr ist in keiner Weise f\u00fcr den Inhalt, die Richtigkeit, die Rechtm\u00e4\u00dfigkeit, die Vollst\u00e4ndigkeit, die Aktualit\u00e4t und die Genauigkeit der Informationen auf den oben genannten Websites verantwortlich.<\/p><p>6. Verwendung von Cookies<br \/>Unter Cookies versteht man kleine Textdateien, die vom Webserver des Cookie-Absenders auf dem Endger\u00e4t des Nutzers gespeichert werden und deren Grundfunktion darin besteht, gespeicherte Daten des Browsers (\u201eWebbrowser\u201c) des Nutzers aufzuzeichnen und zu versenden. ) an den Absender .<br \/>Detaillierte Informationen zur Verwendung von Cookies auf unseren Websites und zu Ihren Optionen finden Sie in der Cookie-Richtlinie <a href=\"https:\/\/drathinatraianou.gr\/cookie-policy\" target=\"_blank\" rel=\"noopener\">https:\/\/dralexandrostraianos.gr\/cookie-policy<\/a>\/.<\/p><p>7. Anwendbares Recht \u2013 Gerichtsstand<br \/>Diese Nutzungsbedingungen unterliegen griechischem Recht. F\u00fcr die Beilegung von Streitigkeiten, die im Zusammenhang mit der Anwendung dieser Bedingungen entstehen, sind die Gerichte von Athen zust\u00e4ndig.<\/p><p>8. Sonstige Bestimmungen<br \/>8.1. Jegliche Nichtaus\u00fcbung oder Verz\u00f6gerung seitens dralexandrostraianos.gr bei der Aus\u00fcbung seiner gesetzlichen oder vertraglichen Rechte, die sich aus diesen Nutzungsbedingungen ergeben, kann weder als Verzicht auf diese ausgelegt werden, noch k\u00f6nnen seine Rechte als geschw\u00e4cht angesehen werden.<br \/>8.2. Es wird vereinbart, dass alle oben genannten Bedingungen wesentlich sind. Sie k\u00f6nnen schriftlich ge\u00e4ndert werden.<br \/>8.3. Die Ung\u00fcltigkeit oder Aufhebung einer Bestimmung ber\u00fchrt nicht die G\u00fcltigkeit der \u00fcbrigen Bestimmungen dieser Vereinbarung.<\/p><p>9. \u00c4nderung der Bedingungen<br \/>Diese Nutzungsbedingungen k\u00f6nnen von dralexandrostraianos.gr ganz oder teilweise erneuert und ge\u00e4ndert werden, wann immer dies f\u00fcr notwendig erachtet wird.<br \/>Der Benutzer\/Besucher muss im Rahmen von Treu und Glauben und Gesch\u00e4ftsethik jedes Mal pr\u00fcfen, ob eventuelle \u00c4nderungen entsprechend vorgenommen werden.<\/p><p>10. Abonnieren Sie den Newsletter und das Kontaktformular<br \/>Der Inhalt der \u00fcber den Unternehmensnewsletter und das Kontaktformular \u00fcbermittelten Kommunikation unterliegt strenger Vertraulichkeit. Die Erhebung der Daten bietet dralexandrostraianos.gr ausschlie\u00dflich die M\u00f6glichkeit, mit dem Nutzer\/Besucher der Website zu kommunizieren. Die \u00fcber den Firmennewsletter und das Kontaktformular \u00fcbermittelten personenbezogenen Daten werden gem\u00e4\u00df der Datenschutzerkl\u00e4rung erhoben und gesch\u00fctzt <a href=\"https:\/\/dralexandrostraianos.gr\/de\/privacy-policy\/\">https:\/\/dralexandrostraianos.gr\/privacy-policy<\/a>.<\/p><p>.<\/p>\t\t\t\t\t\t\t\t<\/div>\n\t\t\t\t<\/div>\n\t\t\t\t\t<\/div>\n\t\t<\/div>\n\t\t\t\t<div class=\"elementor-column elementor-col-33 elementor-top-column elementor-element elementor-element-3fbd1e3c\" data-id=\"3fbd1e3c\" data-element_type=\"column\" data-e-type=\"column\">\n\t\t\t<div class=\"elementor-widget-wrap elementor-element-populated\">\n\t\t\t\t\t\t<div class=\"elementor-element elementor-element-693b629b elementor-widget elementor-widget-image\" data-id=\"693b629b\" data-element_type=\"widget\" data-e-type=\"widget\" data-settings=\"{&quot;sticky&quot;:&quot;top&quot;,&quot;sticky_offset&quot;:100,&quot;sticky_parent&quot;:&quot;yes&quot;,&quot;sticky_on&quot;:[&quot;desktop&quot;,&quot;tablet&quot;,&quot;mobile&quot;],&quot;sticky_effects_offset&quot;:0,&quot;sticky_anchor_link_offset&quot;:0}\" data-widget_type=\"image.default\">\n\t\t\t\t<div class=\"elementor-widget-container\">\n\t\t\t\t\t\t\t\t\t\t\t\t<figure class=\"wp-caption\">\n\t\t\t\t\t\t\t\t\t\t<img decoding=\"async\" width=\"800\" height=\"533\" src=\"https:\/\/dralexandrostraianos.gr\/wp-content\/uploads\/2023\/03\/artificial-insemination-fertilization-of-human-egg-cell-by-sper-1024x682.jpg\" class=\"attachment-large size-large wp-image-7292\" alt=\"\" srcset=\"https:\/\/dralexandrostraianos.gr\/wp-content\/uploads\/2023\/03\/artificial-insemination-fertilization-of-human-egg-cell-by-sper-1024x682.jpg 1024w, https:\/\/dralexandrostraianos.gr\/wp-content\/uploads\/2023\/03\/artificial-insemination-fertilization-of-human-egg-cell-by-sper-300x200.jpg 300w, https:\/\/dralexandrostraianos.gr\/wp-content\/uploads\/2023\/03\/artificial-insemination-fertilization-of-human-egg-cell-by-sper-768x512.jpg 768w, https:\/\/dralexandrostraianos.gr\/wp-content\/uploads\/2023\/03\/artificial-insemination-fertilization-of-human-egg-cell-by-sper-1536x1024.jpg 1536w, https:\/\/dralexandrostraianos.gr\/wp-content\/uploads\/2023\/03\/artificial-insemination-fertilization-of-human-egg-cell-by-sper-18x12.jpg 18w, https:\/\/dralexandrostraianos.gr\/wp-content\/uploads\/2023\/03\/artificial-insemination-fertilization-of-human-egg-cell-by-sper.jpg 2000w\" sizes=\"(max-width: 800px) 100vw, 800px\" \/>\t\t\t\t\t\t\t\t\t\t\t<figcaption class=\"widget-image-caption wp-caption-text\">dralexandrostraianos.gr<\/figcaption>\n\t\t\t\t\t\t\t\t\t\t<\/figure>\n\t\t\t\t\t\t\t\t\t<\/div>\n\t\t\t\t<\/div>\n\t\t\t\t\t<\/div>\n\t\t<\/div>\n\t\t\t\t\t<\/div>\n\t\t<\/section>\n\t\t\t\t<\/div>","protected":false},"excerpt":{"rendered":"<p>Das Zentrum f\u00fcr Reproduktionsmedizin und Embryologie Alexandros V. Traianos dralexandrostraianos.gr\/ informiert den Benutzer\/Besucher \u00fcber seine Website https:\/\/dralexandrostraianos.gr\/ \u00fcber den Zweck des Unternehmens sowie die angebotenen Dienstleistungen und Produkte. Ziel ist es, dem Benutzer\/Besucher die notwendigen Informationen zu den Nutzungsbedingungen von [\u2026] bereitzustellen.<\/p>","protected":false},"author":9,"featured_media":2967,"parent":0,"menu_order":0,"comment_status":"closed","ping_status":"open","template":"","meta":{"footnotes":""},"class_list":["post-2972","page","type-page","status-publish","has-post-thumbnail","hentry"],"_links":{"self":[{"href":"https:\/\/dralexandrostraianos.gr\/de\/wp-json\/wp\/v2\/pages\/2972","targetHints":{"allow":["GET"]}}],"collection":[{"href":"https:\/\/dralexandrostraianos.gr\/de\/wp-json\/wp\/v2\/pages"}],"about":[{"href":"https:\/\/dralexandrostraianos.gr\/de\/wp-json\/wp\/v2\/types\/page"}],"author":[{"embeddable":true,"href":"https:\/\/dralexandrostraianos.gr\/de\/wp-json\/wp\/v2\/users\/9"}],"replies":[{"embeddable":true,"href":"https:\/\/dralexandrostraianos.gr\/de\/wp-json\/wp\/v2\/comments?post=2972"}],"version-history":[{"count":0,"href":"https:\/\/dralexandrostraianos.gr\/de\/wp-json\/wp\/v2\/pages\/2972\/revisions"}],"wp:featuredmedia":[{"embeddable":true,"href":"https:\/\/dralexandrostraianos.gr\/de\/wp-json\/wp\/v2\/media\/2967"}],"wp:attachment":[{"href":"https:\/\/dralexandrostraianos.gr\/de\/wp-json\/wp\/v2\/media?parent=2972"}],"curies":[{"name":"wp","href":"https:\/\/api.w.org\/{rel}","templated":true}]}}