{"id":2972,"date":"2019-12-12T20:15:45","date_gmt":"2019-12-12T18:15:45","guid":{"rendered":"https:\/\/dralexandrostraianos.gr\/?page_id=2972"},"modified":"2023-05-23T12:41:02","modified_gmt":"2023-05-23T09:41:02","slug":"oroi-kai-proipotheseis","status":"publish","type":"page","link":"https:\/\/dralexandrostraianos.gr\/es\/oroi-kai-proipotheseis\/","title":{"rendered":"T\u00e9rminos y condiciones"},"content":{"rendered":"<div data-elementor-type=\"wp-page\" data-elementor-id=\"2972\" class=\"elementor elementor-2972\" data-elementor-post-type=\"page\">\n\t\t\t\t\t\t<section class=\"elementor-section elementor-top-section elementor-element elementor-element-b0b17e9 elementor-section-full_width elementor-section-height-min-height elementor-section-items-bottom elementor-section-stretched elementor-section-height-default\" data-id=\"b0b17e9\" data-element_type=\"section\" data-e-type=\"section\" data-settings=\"{&quot;background_background&quot;:&quot;classic&quot;,&quot;stretch_section&quot;:&quot;section-stretched&quot;}\">\n\t\t\t\t\t\t<div class=\"elementor-container elementor-column-gap-no\">\n\t\t\t\t\t<div class=\"elementor-column elementor-col-100 elementor-top-column elementor-element elementor-element-71ee8909\" data-id=\"71ee8909\" data-element_type=\"column\" data-e-type=\"column\" data-settings=\"{&quot;background_background&quot;:&quot;classic&quot;}\">\n\t\t\t<div class=\"elementor-widget-wrap elementor-element-populated\">\n\t\t\t\t\t\t<section class=\"elementor-section elementor-inner-section elementor-element elementor-element-292d0444 elementor-section-full_width elementor-section-height-default elementor-section-height-default\" data-id=\"292d0444\" data-element_type=\"section\" data-e-type=\"section\">\n\t\t\t\t\t\t<div class=\"elementor-container elementor-column-gap-default\">\n\t\t\t\t\t<div class=\"elementor-column elementor-col-100 elementor-inner-column elementor-element elementor-element-4a027fa4\" data-id=\"4a027fa4\" data-element_type=\"column\" data-e-type=\"column\" data-settings=\"{&quot;background_background&quot;:&quot;classic&quot;}\">\n\t\t\t<div class=\"elementor-widget-wrap elementor-element-populated\">\n\t\t\t\t\t\t<div class=\"elementor-element elementor-element-11639e3b elementor-widget elementor-widget-heading\" data-id=\"11639e3b\" data-element_type=\"widget\" data-e-type=\"widget\" data-widget_type=\"heading.default\">\n\t\t\t\t<div class=\"elementor-widget-container\">\n\t\t\t\t\t<h1 class=\"elementor-heading-title elementor-size-default\">T\u00e9rminos y condiciones<\/h1>\t\t\t\t<\/div>\n\t\t\t\t<\/div>\n\t\t\t\t\t<\/div>\n\t\t<\/div>\n\t\t\t\t\t<\/div>\n\t\t<\/section>\n\t\t\t\t<section class=\"elementor-section elementor-inner-section elementor-element elementor-element-2ba5bd61 elementor-section-full_width elementor-section-height-default elementor-section-height-default\" data-id=\"2ba5bd61\" data-element_type=\"section\" data-e-type=\"section\">\n\t\t\t\t\t\t<div class=\"elementor-container elementor-column-gap-default\">\n\t\t\t\t\t<div class=\"elementor-column elementor-col-100 elementor-inner-column elementor-element elementor-element-4057b018\" data-id=\"4057b018\" data-element_type=\"column\" data-e-type=\"column\" data-settings=\"{&quot;background_background&quot;:&quot;classic&quot;}\">\n\t\t\t<div class=\"elementor-widget-wrap elementor-element-populated\">\n\t\t\t\t\t\t<div class=\"elementor-element elementor-element-10d47f77 elementor-widget elementor-widget-heading\" data-id=\"10d47f77\" data-element_type=\"widget\" data-e-type=\"widget\" data-widget_type=\"heading.default\">\n\t\t\t\t<div class=\"elementor-widget-container\">\n\t\t\t\t\t<p class=\"elementor-heading-title elementor-size-default\">Centro de Medicina Reproductiva y Medicina Fetal Alexandros V. Traianos <\/p>\t\t\t\t<\/div>\n\t\t\t\t<\/div>\n\t\t\t\t\t<\/div>\n\t\t<\/div>\n\t\t\t\t\t<\/div>\n\t\t<\/section>\n\t\t\t\t\t<\/div>\n\t\t<\/div>\n\t\t\t\t\t<\/div>\n\t\t<\/section>\n\t\t\t\t<section class=\"elementor-section elementor-top-section elementor-element elementor-element-4378cfcd elementor-section-full_width elementor-section-stretched elementor-section-height-default elementor-section-height-default\" data-id=\"4378cfcd\" data-element_type=\"section\" data-e-type=\"section\" data-settings=\"{&quot;stretch_section&quot;:&quot;section-stretched&quot;}\">\n\t\t\t\t\t\t<div class=\"elementor-container elementor-column-gap-default\">\n\t\t\t\t\t<div class=\"elementor-column elementor-col-66 elementor-top-column elementor-element elementor-element-1d9a3d39\" data-id=\"1d9a3d39\" data-element_type=\"column\" data-e-type=\"column\">\n\t\t\t<div class=\"elementor-widget-wrap elementor-element-populated\">\n\t\t\t\t\t\t<div class=\"elementor-element elementor-element-7dbf5e7 elementor-widget elementor-widget-text-editor\" data-id=\"7dbf5e7\" data-element_type=\"widget\" data-e-type=\"widget\" data-widget_type=\"text-editor.default\">\n\t\t\t\t<div class=\"elementor-widget-container\">\n\t\t\t\t\t\t\t\t\t<p>dralexandrostraianos.gr\/ a trav\u00e9s de su sitio web <a href=\"https:\/\/dralexandrostraianos.gr\/es\/\">https:\/\/dralexandrostraianos.gr\/<\/a>\u00a0informa al usuario\/visitante sobre la finalidad de la empresa, los servicios y productos que ofrece.<\/p><p>El prop\u00f3sito de esto es proporcionar al usuario\/visitante la informaci\u00f3n necesaria sobre los t\u00e9rminos y condiciones que rigen el uso del sitio web.\u00a0 <a href=\"https:\/\/dralexandrostraianos.gr\/es\/\">https:\/\/dralexandrostraianos.gr\/<\/a> (en adelante el \u201csitio web\u201d), los cuales cada usuario\/visitante deber\u00e1 estudiar atentamente y en caso de desacuerdo abstenerse de cualquier uso de los mismos.<br \/>La utilizaci\u00f3n del sitio web presupone la aceptaci\u00f3n expresa, sin reservas y plena de los t\u00e9rminos indicados, que se aplican a todo su contenido.<\/p><p>1. Derechos de propiedad intelectual e industrial<br \/>Todo el contenido del sitio web dralexandrostraianos.gr y, en particular, la informaci\u00f3n y los datos incluidos en el sitio web oficial de dralexandrostraianos.gr, incluidos, entre otros, marcas comerciales, im\u00e1genes, fotograf\u00edas, textos, diagramas, servicios prestados, productos y en general cualquier tipo de Los archivos en relaci\u00f3n con los productos ofrecidos, son propiedad intelectual de dralexandrostraianos.gr y est\u00e1n protegidos por las disposiciones legislativas pertinentes de la legislaci\u00f3n comunitaria y griega sobre propiedad intelectual (n.2121\/1993), excluyendo los derechos protegidos de terceros. Adem\u00e1s, los nombres dados a los productos de dralexandrostraianos.gr, los logotipos y las caracter\u00edsticas distintivas incluidas en ellos son marcas registradas o caracter\u00edsticas distintivas especiales del sitio web. Est\u00e1n protegidos por la legislaci\u00f3n griega y comunitaria pertinente sobre marcas, propiedad industrial e intelectual y competencia desleal.<br \/>Por lo tanto, est\u00e1 prohibido sin el permiso previo por escrito de dralexandrostraianos.gr, total o parcialmente, modificar, publicar, transmitir, transferir, reproducir, distribuir, presentar o utilizar de otro modo el contenido del sitio web de dralexandrostraianos.gr, de cualquier forma. o medios para fines comerciales o de otro tipo.<\/p><p>2. Obligaciones del usuario\/visitante<br \/>El usuario\/visitante est\u00e1 obligado a no violar y cumplir las normas y disposiciones del derecho griego, europeo e internacional. Tambi\u00e9n declara responsablemente que no utilizar\u00e1 el sitio web dralexandrostraianos.gr para publicar, transmitir o poner a disposici\u00f3n de otras maneras contenidos ilegales, amenazantes o para expresar a trav\u00e9s de ellos empat\u00eda, discriminaci\u00f3n racial o de otro tipo, infringir cualquier patente, marca comercial, derechos de autor o otros derechos de propiedad de terceros, contienen virus de software o cualquier otro c\u00f3digo, archivo o programa dise\u00f1ado para da\u00f1ar, destruir o interferir con el funcionamiento de cualquier software o hardware de computadora.<br \/>dralexandrostraianos.gr y en general a dralexandrostraianos.gr, refiri\u00e9ndose al mal o desleal uso del sitio web y de los servicios ofrecidos a trav\u00e9s del mismo.<br \/>En el caso de que dralexandrostraianos.gr se vea involucrado en cualquier disputa o sea llamado a pagar a terceros cualquier tipo de compensaci\u00f3n, por motivos debidos a la violaci\u00f3n de las obligaciones del usuario\/visitante, el usuario\/visitante deber\u00e1 compensar a dralexandrostraianos.gr por esta raz\u00f3n.<\/p><p>3. Declaraci\u00f3n de dralexandrostraianos.gr. Limitaci\u00f3n de responsabilidad<br \/>dralexandrostraianos.gr hace todo lo posible para garantizar que la informaci\u00f3n y todo el contenido de su sitio web se rijan por la exactitud, validez, claridad y correcci\u00f3n, para que los usuarios\/visitantes se formen una imagen lo m\u00e1s completa posible de los productos y servicios ofrecidos. de dralexandrostraianos.gr.<br \/>El usuario es el \u00fanico responsable del uso, valoraci\u00f3n, valoraci\u00f3n y explotaci\u00f3n de la informaci\u00f3n facilitada. La toma de cualquier decisi\u00f3n comercial o de otro tipo basada en esta informaci\u00f3n es responsabilidad exclusiva del usuario y dralexandrostraianos.gr no est\u00e1 obligado a cubrir o corregir p\u00e9rdidas o diferencias derivadas del uso de la informaci\u00f3n proporcionada a trav\u00e9s del sitio web.<br \/>dralexandrostraianos.gr toma las acciones necesarias para el buen y ordenado funcionamiento de su sitio web, pero sin garantizar que su funcionamiento estar\u00e1 libre de errores u otros problemas t\u00e9cnicos. dralexandrostraianos.gr no se hace responsable de los da\u00f1os que puedan producirse por el acceso y uso del sitio web de la empresa.<\/p><p>4. Protecci\u00f3n de Datos Personales de los Usuarios<br \/>dralexandrostraianos.gran reconoce la importancia de proteger los datos personales de los usuarios de su sitio web.<br \/>Informaci\u00f3n detallada sobre la protecci\u00f3n de sus datos personales y sus derechos est\u00e1 disponible en el Aviso de Privacidad <a href=\"https:\/\/dralexandrostraianos.gr\/es\/privacy-policy\/\">https:\/\/dralexandrostraianos.gr\/privacy-policy\/<\/a>.<\/p><p>5. Enrutamiento a sitios de terceros<br \/>A trav\u00e9s de enlaces especiales (enlaces, hiperv\u00ednculos, banners), los usuarios\/visitantes pueden ser dirigidos a trav\u00e9s del sitio web dralexandrostraianos.gr a sitios web de terceros. El contenido de estos sitios web se crea bajo la exclusiva responsabilidad de sus propietarios. dralexandrostraianos.gr no es de ninguna manera responsable del contenido, la correcci\u00f3n, la legalidad, la integridad, la actualidad y la exactitud de la informaci\u00f3n en los sitios web mencionados anteriormente.<\/p><p>6. Uso de cookies<br \/>Las cookies se definen como peque\u00f1os archivos de texto, que se env\u00edan para ser almacenados por el servidor web del emisor de la cookie en el equipo terminal del usuario, y cuya funci\u00f3n b\u00e1sica es registrar y enviar los datos almacenados en el navegador del usuario (&quot;navegador web&quot; ) al remitente .<br \/>La informaci\u00f3n detallada sobre el uso de Cookies por parte de nuestros sitios web y sus opciones est\u00e1 disponible en la Pol\u00edtica de Cookies <a href=\"https:\/\/drathinatraianou.gr\/cookie-policy\" target=\"_blank\" rel=\"noopener\">https:\/\/dralexandrostraianos.gr\/cookie-policy<\/a>\/.<\/p><p>7. Ley aplicable \u2013 Jurisdicci\u00f3n<br \/>Estas condiciones de uso se rigen por la ley griega. Para la resoluci\u00f3n de cualquier disputa que surja en el contexto de la aplicaci\u00f3n de estos t\u00e9rminos, los tribunales competentes son los de Atenas.<\/p><p>8. Otras disposiciones<br \/>8.1. Cualquier falla o retraso por parte de dralexandrostraianos.gr en el ejercicio de sus derechos legales o contractuales, derivados de estos t\u00e9rminos de uso, no puede interpretarse como una renuncia a los mismos ni sus derechos pueden considerarse debilitados.<br \/>8.2. Todos los t\u00e9rminos anteriores se acuerdan como esenciales. Podr\u00e1n modificarse por escrito.<br \/>8.3. La invalidez o anulaci\u00f3n de un t\u00e9rmino no afecta la validez de los t\u00e9rminos restantes del presente.<\/p><p>9. Modificaci\u00f3n de T\u00e9rminos<br \/>Estas condiciones de uso podr\u00e1n ser renovadas y modificadas por dralexandrostraianos.gr total o parcialmente, siempre que lo considere necesario.<br \/>El usuario\/visitante, en el marco de la buena fe y la \u00e9tica empresarial, deber\u00e1 comprobar en cada momento posibles modificaciones, de conformidad con el presente.<\/p><p>10. Suscr\u00edbase al bolet\u00edn y al formulario de contacto<br \/>El contenido de la comunicaci\u00f3n enviada a trav\u00e9s del newsletter de la empresa y del formulario de contacto es estrictamente confidencial. La recopilaci\u00f3n de datos proporciona a dralexandrostraianos.gr exclusivamente la posibilidad de comunicarse con el usuario\/visitante del sitio web. Los datos personales enviados a trav\u00e9s del bolet\u00edn de la empresa y el formulario de contacto son recogidos y protegidos de acuerdo con la Pol\u00edtica de Privacidad. <a href=\"https:\/\/dralexandrostraianos.gr\/es\/privacy-policy\/\">https:\/\/dralexandrostraianos.gr\/privacy-policy<\/a>.<\/p><p>.<\/p>\t\t\t\t\t\t\t\t<\/div>\n\t\t\t\t<\/div>\n\t\t\t\t\t<\/div>\n\t\t<\/div>\n\t\t\t\t<div class=\"elementor-column elementor-col-33 elementor-top-column elementor-element elementor-element-3fbd1e3c\" data-id=\"3fbd1e3c\" data-element_type=\"column\" data-e-type=\"column\">\n\t\t\t<div class=\"elementor-widget-wrap elementor-element-populated\">\n\t\t\t\t\t\t<div class=\"elementor-element elementor-element-693b629b elementor-widget elementor-widget-image\" data-id=\"693b629b\" data-element_type=\"widget\" data-e-type=\"widget\" data-settings=\"{&quot;sticky&quot;:&quot;top&quot;,&quot;sticky_offset&quot;:100,&quot;sticky_parent&quot;:&quot;yes&quot;,&quot;sticky_on&quot;:[&quot;desktop&quot;,&quot;tablet&quot;,&quot;mobile&quot;],&quot;sticky_effects_offset&quot;:0,&quot;sticky_anchor_link_offset&quot;:0}\" data-widget_type=\"image.default\">\n\t\t\t\t<div class=\"elementor-widget-container\">\n\t\t\t\t\t\t\t\t\t\t\t\t<figure class=\"wp-caption\">\n\t\t\t\t\t\t\t\t\t\t<img decoding=\"async\" width=\"800\" height=\"533\" src=\"https:\/\/dralexandrostraianos.gr\/wp-content\/uploads\/2023\/03\/artificial-insemination-fertilization-of-human-egg-cell-by-sper-1024x682.jpg\" class=\"attachment-large size-large wp-image-7292\" alt=\"\" srcset=\"https:\/\/dralexandrostraianos.gr\/wp-content\/uploads\/2023\/03\/artificial-insemination-fertilization-of-human-egg-cell-by-sper-1024x682.jpg 1024w, https:\/\/dralexandrostraianos.gr\/wp-content\/uploads\/2023\/03\/artificial-insemination-fertilization-of-human-egg-cell-by-sper-300x200.jpg 300w, https:\/\/dralexandrostraianos.gr\/wp-content\/uploads\/2023\/03\/artificial-insemination-fertilization-of-human-egg-cell-by-sper-768x512.jpg 768w, https:\/\/dralexandrostraianos.gr\/wp-content\/uploads\/2023\/03\/artificial-insemination-fertilization-of-human-egg-cell-by-sper-1536x1024.jpg 1536w, https:\/\/dralexandrostraianos.gr\/wp-content\/uploads\/2023\/03\/artificial-insemination-fertilization-of-human-egg-cell-by-sper-18x12.jpg 18w, https:\/\/dralexandrostraianos.gr\/wp-content\/uploads\/2023\/03\/artificial-insemination-fertilization-of-human-egg-cell-by-sper.jpg 2000w\" sizes=\"(max-width: 800px) 100vw, 800px\" \/>\t\t\t\t\t\t\t\t\t\t\t<figcaption class=\"widget-image-caption wp-caption-text\">dralexandrostraianos.gr<\/figcaption>\n\t\t\t\t\t\t\t\t\t\t<\/figure>\n\t\t\t\t\t\t\t\t\t<\/div>\n\t\t\t\t<\/div>\n\t\t\t\t\t<\/div>\n\t\t<\/div>\n\t\t\t\t\t<\/div>\n\t\t<\/section>\n\t\t\t\t<\/div>","protected":false},"excerpt":{"rendered":"<p>El Centro de Medicina Reproductiva y Embriolog\u00eda Alexandros V. Traianos dralexandrostraianos.gr\/, a trav\u00e9s de su sitio web https:\/\/dralexandrostraianos.gr\/, informa al usuario\/visitante sobre el prop\u00f3sito de la empresa, los servicios y productos que ofrece. El objetivo es proporcionar al usuario\/visitante la informaci\u00f3n necesaria sobre los t\u00e9rminos y condiciones que rigen el uso de [\u2026]<\/p>","protected":false},"author":9,"featured_media":2967,"parent":0,"menu_order":0,"comment_status":"closed","ping_status":"open","template":"","meta":{"footnotes":""},"class_list":["post-2972","page","type-page","status-publish","has-post-thumbnail","hentry"],"_links":{"self":[{"href":"https:\/\/dralexandrostraianos.gr\/es\/wp-json\/wp\/v2\/pages\/2972","targetHints":{"allow":["GET"]}}],"collection":[{"href":"https:\/\/dralexandrostraianos.gr\/es\/wp-json\/wp\/v2\/pages"}],"about":[{"href":"https:\/\/dralexandrostraianos.gr\/es\/wp-json\/wp\/v2\/types\/page"}],"author":[{"embeddable":true,"href":"https:\/\/dralexandrostraianos.gr\/es\/wp-json\/wp\/v2\/users\/9"}],"replies":[{"embeddable":true,"href":"https:\/\/dralexandrostraianos.gr\/es\/wp-json\/wp\/v2\/comments?post=2972"}],"version-history":[{"count":0,"href":"https:\/\/dralexandrostraianos.gr\/es\/wp-json\/wp\/v2\/pages\/2972\/revisions"}],"wp:featuredmedia":[{"embeddable":true,"href":"https:\/\/dralexandrostraianos.gr\/es\/wp-json\/wp\/v2\/media\/2967"}],"wp:attachment":[{"href":"https:\/\/dralexandrostraianos.gr\/es\/wp-json\/wp\/v2\/media?parent=2972"}],"curies":[{"name":"gracias","href":"https:\/\/api.w.org\/{rel}","templated":true}]}}