{"id":2975,"date":"2019-12-12T20:13:19","date_gmt":"2019-12-12T18:13:19","guid":{"rendered":"https:\/\/dralexandrostraianos.gr\/?page_id=2975"},"modified":"2023-05-23T12:38:32","modified_gmt":"2023-05-23T09:38:32","slug":"cookie-policy","status":"publish","type":"page","link":"https:\/\/dralexandrostraianos.gr\/es\/cookie-policy\/","title":{"rendered":"POL\u00cdTICA DE COOKIES"},"content":{"rendered":"<div data-elementor-type=\"wp-page\" data-elementor-id=\"2975\" class=\"elementor elementor-2975\" data-elementor-post-type=\"page\">\n\t\t\t\t\t\t<section class=\"elementor-section elementor-top-section elementor-element elementor-element-38181dcf elementor-section-full_width elementor-section-height-min-height elementor-section-items-bottom elementor-section-stretched elementor-section-height-default\" data-id=\"38181dcf\" data-element_type=\"section\" data-e-type=\"section\" data-settings=\"{&quot;stretch_section&quot;:&quot;section-stretched&quot;,&quot;background_background&quot;:&quot;classic&quot;}\">\n\t\t\t\t\t\t<div class=\"elementor-container elementor-column-gap-no\">\n\t\t\t\t\t<div class=\"elementor-column elementor-col-100 elementor-top-column elementor-element elementor-element-e30d4e0\" data-id=\"e30d4e0\" data-element_type=\"column\" data-e-type=\"column\" data-settings=\"{&quot;background_background&quot;:&quot;classic&quot;}\">\n\t\t\t<div class=\"elementor-widget-wrap elementor-element-populated\">\n\t\t\t\t\t\t<section class=\"elementor-section elementor-inner-section elementor-element elementor-element-44b9b74b elementor-section-full_width elementor-section-height-default elementor-section-height-default\" data-id=\"44b9b74b\" data-element_type=\"section\" data-e-type=\"section\">\n\t\t\t\t\t\t<div class=\"elementor-container elementor-column-gap-default\">\n\t\t\t\t\t<div class=\"elementor-column elementor-col-100 elementor-inner-column elementor-element elementor-element-1e920814\" data-id=\"1e920814\" data-element_type=\"column\" data-e-type=\"column\" data-settings=\"{&quot;background_background&quot;:&quot;classic&quot;}\">\n\t\t\t<div class=\"elementor-widget-wrap elementor-element-populated\">\n\t\t\t\t\t\t<div class=\"elementor-element elementor-element-3213a1c8 elementor-widget elementor-widget-heading\" data-id=\"3213a1c8\" data-element_type=\"widget\" data-e-type=\"widget\" data-widget_type=\"heading.default\">\n\t\t\t\t<div class=\"elementor-widget-container\">\n\t\t\t\t\t<h1 class=\"elementor-heading-title elementor-size-default\">POL\u00cdTICA DE COOKIES<\/h1>\t\t\t\t<\/div>\n\t\t\t\t<\/div>\n\t\t\t\t\t<\/div>\n\t\t<\/div>\n\t\t\t\t\t<\/div>\n\t\t<\/section>\n\t\t\t\t<section class=\"elementor-section elementor-inner-section elementor-element elementor-element-11edad39 elementor-section-full_width elementor-section-height-default elementor-section-height-default\" data-id=\"11edad39\" data-element_type=\"section\" data-e-type=\"section\">\n\t\t\t\t\t\t<div class=\"elementor-container elementor-column-gap-default\">\n\t\t\t\t\t<div class=\"elementor-column elementor-col-100 elementor-inner-column elementor-element elementor-element-39cbf53a\" data-id=\"39cbf53a\" data-element_type=\"column\" data-e-type=\"column\" data-settings=\"{&quot;background_background&quot;:&quot;classic&quot;}\">\n\t\t\t<div class=\"elementor-widget-wrap elementor-element-populated\">\n\t\t\t\t\t\t<div class=\"elementor-element elementor-element-6664f6e8 elementor-widget elementor-widget-heading\" data-id=\"6664f6e8\" data-element_type=\"widget\" data-e-type=\"widget\" data-widget_type=\"heading.default\">\n\t\t\t\t<div class=\"elementor-widget-container\">\n\t\t\t\t\t<p class=\"elementor-heading-title elementor-size-default\">Centro de Medicina Reproductiva y Medicina Fetal Alexandros V. Traianos <\/p>\t\t\t\t<\/div>\n\t\t\t\t<\/div>\n\t\t\t\t\t<\/div>\n\t\t<\/div>\n\t\t\t\t\t<\/div>\n\t\t<\/section>\n\t\t\t\t\t<\/div>\n\t\t<\/div>\n\t\t\t\t\t<\/div>\n\t\t<\/section>\n\t\t\t\t<section class=\"elementor-section elementor-top-section elementor-element elementor-element-433e35bb elementor-section-full_width elementor-section-stretched elementor-section-height-default elementor-section-height-default\" data-id=\"433e35bb\" data-element_type=\"section\" data-e-type=\"section\" data-settings=\"{&quot;stretch_section&quot;:&quot;section-stretched&quot;}\">\n\t\t\t\t\t\t<div class=\"elementor-container elementor-column-gap-default\">\n\t\t\t\t\t<div class=\"elementor-column elementor-col-66 elementor-top-column elementor-element elementor-element-13be7144\" data-id=\"13be7144\" data-element_type=\"column\" data-e-type=\"column\">\n\t\t\t<div class=\"elementor-widget-wrap elementor-element-populated\">\n\t\t\t\t\t\t<div class=\"elementor-element elementor-element-1ad900a7 elementor-widget elementor-widget-text-editor\" data-id=\"1ad900a7\" data-element_type=\"widget\" data-e-type=\"widget\" data-widget_type=\"text-editor.default\">\n\t\t\t\t<div class=\"elementor-widget-container\">\n\t\t\t\t\t\t\t\t\t<div><div><div><div><div><div><div><div><div><div><div><div><p>Las cookies son peque\u00f1os archivos de texto que un sitio web almacena en un navegador (navegador de Internet) durante nuestra navegaci\u00f3n y luego se recuperan para que pueda reconocerlo la pr\u00f3xima vez que se visite.<br \/>Pero las cookies nunca contienen informaci\u00f3n personal que pueda permitir que cualquier persona se ponga en contacto con el visitante del sitio web, como por ejemplo correo electr\u00f3nico, etc<br \/>En la &quot;Declaraci\u00f3n de Privacidad de Dralexandrostraianos.gr&quot;, que est\u00e1 disponible en el sitio web\u00a0 <a href=\"https:\/\/dralexandrostraianos.gr\/es\/privacy-policy\/\">https:\/\/dralexandrostraianos.gr\/privacy-policy\/<\/a>\u00a0, podr\u00e1 conocer los datos personales que recopilamos sobre usted.<\/p><p>1. Tipos de cookies<br \/>La Empresa podr\u00e1 utilizar cookies de los siguientes tipos para promover un mejor servicio a los visitantes del sitio web, la personalizaci\u00f3n de la informaci\u00f3n y las preferencias de cada navegador.<\/p><p>1.1 Cookies necesarias<br \/>Son las cookies que son necesarias para el funcionamiento de un sitio web. Sin cookies el sitio web no puede funcionar correctamente. No solicitamos su consentimiento espec\u00edfico para esta categor\u00eda espec\u00edfica de cookies. Todas las dem\u00e1s cookies requieren su consentimiento.<\/p><p>1.2 Cookies de funcionalidad<br \/>Son cookies que mejoran la funcionalidad del sitio web. Gracias al uso de estas cookies la navegaci\u00f3n se adapta a tus intereses y as\u00ed podemos ahorrarte el tiempo que perder\u00edas reintroduciendo informaci\u00f3n.<\/p><p>1.3 Cookies de terceros<br \/>1.3.1 Google Analytics: El sitio web de la Compa\u00f1\u00eda utiliza las \u201cFunciones de publicidad y remarketing\u201d de Google Analytics, a trav\u00e9s del cual nuestra Compa\u00f1\u00eda recopila informaci\u00f3n. Esta informaci\u00f3n ayuda a nuestra Compa\u00f1\u00eda a mejorar su sitio web en funci\u00f3n de las preferencias de sus visitantes. La informaci\u00f3n recopilada se env\u00eda y se almacena en un servidor propiedad de Google en EE. UU. Para obtener m\u00e1s informaci\u00f3n sobre la Pol\u00edtica de Privacidad de Google, visite el siguiente sitio web\u00a0<a href=\"https:\/\/policies.google.com\/privacy?hl=en\" target=\"_blank\" rel=\"noopener noreferrer\">https:\/\/policies.google.com\/privacy?hl=en<\/a>\u00a0y especialmente el enlace\u00a0<a href=\"https:\/\/support.google.com\/analytics\/answer\/6004245\" target=\"_blank\" rel=\"noopener noreferrer\">https:\/\/support.google.com\/analytics\/answer\/6004245<\/a>.<br \/>En caso de que no desee que Google Analytics recopile sus datos, puede descargar e instalar el programa de exclusi\u00f3n voluntaria de Google Analytics en su navegador en el siguiente enlace:<br \/><a href=\"https:\/\/tools.google.com\/dlpage\/gaoptout\/\" target=\"_blank\" rel=\"noopener noreferrer\">https:\/\/tools.google.com\/dlpage\/gaoptout\/<\/a><br \/>1.3.2 Facebook: El sitio web de la Compa\u00f1\u00eda tiene botones para promocionar o compartir p\u00e1ginas en las redes sociales. Estos botones funcionan mediante un c\u00f3digo puesto a disposici\u00f3n por Facebook. Este c\u00f3digo, entre otras cosas, coloca una cookie. Lea la pol\u00edtica de privacidad de Facebook (que puede cambiar peri\u00f3dicamente) para ver qu\u00e9 hace con los datos que recopila con este c\u00f3digo. La empresa no tiene ninguna influencia al respecto.<br \/>1.3.3 YouTube: El sitio web de la Compa\u00f1\u00eda utiliza archivos de video de YouTube. Estos archivos contienen cookies. Lea la pol\u00edtica de privacidad de YouTube (que puede cambiar peri\u00f3dicamente) si desea obtener m\u00e1s informaci\u00f3n sobre las cookies que utiliza y qu\u00e9 hace con los datos que recopila con estas cookies. La empresa no tiene ninguna influencia al respecto.<\/p><p>2 Control de cookies<br \/>Puedes controlar y\/o eliminar las cookies seg\u00fan tus deseos. Tambi\u00e9n puede eliminar todas las cookies que ya est\u00e1n en su computadora (o cualquier dispositivo utilizado para navegar por Internet), as\u00ed como configurar la mayor\u00eda de los navegadores web para evitar la instalaci\u00f3n de cookies.<br \/>Sin embargo, en este caso, es posible que usted mismo necesite ajustar ciertas preferencias cada vez que visite un sitio web (Sitio web). Adem\u00e1s, al eliminar las cookies es posible que algunos servicios no funcionen.<\/p><p>3 Aceptar la instalaci\u00f3n de cookies<br \/>El visitante que navega por el sitio web dralexandrostraianos.gr es informado la primera vez que ingresa con una referencia relevante en la parte inferior de la p\u00e1gina que acepta y comprende que el uso de cookies es necesario para su buen funcionamiento.<br \/>En caso contrario deber\u00e1 dejar de navegar por el sitio web o deshabilitar el uso de cookies en la configuraci\u00f3n del navegador. Si no se instalan cookies, puede haber un impacto significativo tanto en la funcionalidad del sitio web como en la capacidad de recibir informaci\u00f3n o servicios de dralexandrostraianos.gr<\/p><p>4 Desactivaci\u00f3n\/activaci\u00f3n de cookies espec\u00edficas<br \/>La empresa est\u00e1 trabajando para brindarle la posibilidad de administrar la instalaci\u00f3n de las cookies que prefiera en nuestro sitio web, pero esta caracter\u00edstica est\u00e1 actualmente en desarrollo. Como paso intermedio, a continuaci\u00f3n proporcionamos informaci\u00f3n detallada sobre todas las cookies colocadas en su computadora por nuestros sitios web y su utilidad, as\u00ed como detalles sobre c\u00f3mo se pueden desactivar, donde esta opci\u00f3n est\u00e1 disponible.<br \/>La siguiente tabla muestra las cookies que utilizamos y los motivos por los que lo hacemos. Esta informaci\u00f3n se actualiza peri\u00f3dicamente; sin embargo, si detecta alguna inconsistencia, comun\u00edquese con nosotros.<\/p><\/div><\/div><\/div><\/div><\/div><\/div><\/div><\/div><\/div><\/div><\/div><\/div>\t\t\t\t\t\t\t\t<\/div>\n\t\t\t\t<\/div>\n\t\t\t\t\t<\/div>\n\t\t<\/div>\n\t\t\t\t<div class=\"elementor-column elementor-col-33 elementor-top-column elementor-element elementor-element-7c00476\" data-id=\"7c00476\" data-element_type=\"column\" data-e-type=\"column\">\n\t\t\t<div class=\"elementor-widget-wrap elementor-element-populated\">\n\t\t\t\t\t\t<div class=\"elementor-element elementor-element-157cdebf elementor-widget elementor-widget-image\" data-id=\"157cdebf\" data-element_type=\"widget\" data-e-type=\"widget\" data-settings=\"{&quot;sticky&quot;:&quot;top&quot;,&quot;sticky_offset&quot;:100,&quot;sticky_parent&quot;:&quot;yes&quot;,&quot;sticky_on&quot;:[&quot;desktop&quot;,&quot;tablet&quot;,&quot;mobile&quot;],&quot;sticky_effects_offset&quot;:0,&quot;sticky_anchor_link_offset&quot;:0}\" data-widget_type=\"image.default\">\n\t\t\t\t<div class=\"elementor-widget-container\">\n\t\t\t\t\t\t\t\t\t\t\t\t<figure class=\"wp-caption\">\n\t\t\t\t\t\t\t\t\t\t<img decoding=\"async\" width=\"800\" height=\"533\" src=\"https:\/\/dralexandrostraianos.gr\/wp-content\/uploads\/2023\/03\/artificial-insemination-fertilization-of-human-egg-cell-by-sper-1024x682.jpg\" class=\"attachment-large size-large wp-image-7292\" alt=\"\" srcset=\"https:\/\/dralexandrostraianos.gr\/wp-content\/uploads\/2023\/03\/artificial-insemination-fertilization-of-human-egg-cell-by-sper-1024x682.jpg 1024w, https:\/\/dralexandrostraianos.gr\/wp-content\/uploads\/2023\/03\/artificial-insemination-fertilization-of-human-egg-cell-by-sper-300x200.jpg 300w, https:\/\/dralexandrostraianos.gr\/wp-content\/uploads\/2023\/03\/artificial-insemination-fertilization-of-human-egg-cell-by-sper-768x512.jpg 768w, https:\/\/dralexandrostraianos.gr\/wp-content\/uploads\/2023\/03\/artificial-insemination-fertilization-of-human-egg-cell-by-sper-1536x1024.jpg 1536w, https:\/\/dralexandrostraianos.gr\/wp-content\/uploads\/2023\/03\/artificial-insemination-fertilization-of-human-egg-cell-by-sper-18x12.jpg 18w, https:\/\/dralexandrostraianos.gr\/wp-content\/uploads\/2023\/03\/artificial-insemination-fertilization-of-human-egg-cell-by-sper.jpg 2000w\" sizes=\"(max-width: 800px) 100vw, 800px\" \/>\t\t\t\t\t\t\t\t\t\t\t<figcaption class=\"widget-image-caption wp-caption-text\">dralexandrostraianos.gr<\/figcaption>\n\t\t\t\t\t\t\t\t\t\t<\/figure>\n\t\t\t\t\t\t\t\t\t<\/div>\n\t\t\t\t<\/div>\n\t\t\t\t\t<\/div>\n\t\t<\/div>\n\t\t\t\t\t<\/div>\n\t\t<\/section>\n\t\t\t\t<\/div>","protected":false},"excerpt":{"rendered":"<p>Centro de Medicina Reproductiva y Fetal Alexandros V. Traianos. Las cookies son peque\u00f1os archivos de texto que un sitio web almacena en un navegador durante nuestra navegaci\u00f3n y que luego se recuperan para reconocerlo la pr\u00f3xima vez que lo visitamos. Sin embargo, las cookies nunca contienen informaci\u00f3n personal, [\u2026]<\/p>","protected":false},"author":9,"featured_media":2966,"parent":0,"menu_order":0,"comment_status":"closed","ping_status":"open","template":"elementor_header_footer","meta":{"footnotes":""},"class_list":["post-2975","page","type-page","status-publish","has-post-thumbnail","hentry"],"_links":{"self":[{"href":"https:\/\/dralexandrostraianos.gr\/es\/wp-json\/wp\/v2\/pages\/2975","targetHints":{"allow":["GET"]}}],"collection":[{"href":"https:\/\/dralexandrostraianos.gr\/es\/wp-json\/wp\/v2\/pages"}],"about":[{"href":"https:\/\/dralexandrostraianos.gr\/es\/wp-json\/wp\/v2\/types\/page"}],"author":[{"embeddable":true,"href":"https:\/\/dralexandrostraianos.gr\/es\/wp-json\/wp\/v2\/users\/9"}],"replies":[{"embeddable":true,"href":"https:\/\/dralexandrostraianos.gr\/es\/wp-json\/wp\/v2\/comments?post=2975"}],"version-history":[{"count":0,"href":"https:\/\/dralexandrostraianos.gr\/es\/wp-json\/wp\/v2\/pages\/2975\/revisions"}],"wp:featuredmedia":[{"embeddable":true,"href":"https:\/\/dralexandrostraianos.gr\/es\/wp-json\/wp\/v2\/media\/2966"}],"wp:attachment":[{"href":"https:\/\/dralexandrostraianos.gr\/es\/wp-json\/wp\/v2\/media?parent=2975"}],"curies":[{"name":"gracias","href":"https:\/\/api.w.org\/{rel}","templated":true}]}}