{"id":561,"date":"2019-12-12T20:13:01","date_gmt":"2019-12-12T18:13:01","guid":{"rendered":"http:\/\/plethorathemes.com\/healthx\/?page_id=561"},"modified":"2025-11-26T14:17:11","modified_gmt":"2025-11-26T12:17:11","slug":"sixnes-erotisis","status":"publish","type":"page","link":"https:\/\/dralexandrostraianos.gr\/es\/sixnes-erotisis\/","title":{"rendered":"PREGUNTAS FRECUENTES"},"content":{"rendered":"<div data-elementor-type=\"wp-page\" data-elementor-id=\"561\" class=\"elementor elementor-561\" data-elementor-post-type=\"page\">\n\t\t\t\t<div class=\"elementor-element elementor-element-3a17a60 e-flex e-con-boxed e-con e-parent\" data-id=\"3a17a60\" data-element_type=\"container\" data-e-type=\"container\" data-settings=\"{&quot;background_background&quot;:&quot;classic&quot;,&quot;shape_divider_bottom&quot;:&quot;triangle&quot;}\">\n\t\t\t\t\t<div class=\"e-con-inner\">\n\t\t\t\t<div class=\"elementor-shape elementor-shape-bottom\" aria-hidden=\"true\" data-negative=\"false\">\n\t\t\t<svg xmlns=\"http:\/\/www.w3.org\/2000\/svg\" viewbox=\"0 0 1000 100\" preserveaspectratio=\"none\">\n\t<path class=\"elementor-shape-fill\" d=\"M500,98.9L0,6.1V0h1000v6.1L500,98.9z\"\/>\n<\/svg>\t\t<\/div>\n\t\t<div class=\"elementor-element elementor-element-087238e e-con-full e-flex e-con e-child\" data-id=\"087238e\" data-element_type=\"container\" data-e-type=\"container\">\n\t\t\t\t<div class=\"elementor-element elementor-element-e69d4da elementor-widget elementor-widget-heading\" data-id=\"e69d4da\" data-element_type=\"widget\" data-e-type=\"widget\" data-widget_type=\"heading.default\">\n\t\t\t\t<div class=\"elementor-widget-container\">\n\t\t\t\t\t<h1 class=\"elementor-heading-title elementor-size-default\">PREGUNTAS FRECUENTES<\/h1>\t\t\t\t<\/div>\n\t\t\t\t<\/div>\n\t\t\t\t<div class=\"elementor-element elementor-element-2e0f6d8 elementor-widget elementor-widget-heading\" data-id=\"2e0f6d8\" data-element_type=\"widget\" data-e-type=\"widget\" data-widget_type=\"heading.default\">\n\t\t\t\t<div class=\"elementor-widget-container\">\n\t\t\t\t\t<h3 class=\"elementor-heading-title elementor-size-default\">Dr. ALEXANDROS TRAIANOS<\/h3>\t\t\t\t<\/div>\n\t\t\t\t<\/div>\n\t\t\t\t<div class=\"elementor-element elementor-element-88d3d68 elementor-widget elementor-widget-text-editor\" data-id=\"88d3d68\" data-element_type=\"widget\" data-e-type=\"widget\" data-widget_type=\"text-editor.default\">\n\t\t\t\t<div class=\"elementor-widget-container\">\n\t\t\t\t\t\t\t\t\tCENTRO DE MEDICINA REPRODUCTIVA Y MEDICINA EMBRIONARIA\t\t\t\t\t\t\t\t<\/div>\n\t\t\t\t<\/div>\n\t\t\t\t<\/div>\n\t\t\t\t\t<\/div>\n\t\t\t\t<\/div>\n\t\t<div class=\"elementor-element elementor-element-066f983 e-flex e-con-boxed e-con e-parent\" data-id=\"066f983\" data-element_type=\"container\" data-e-type=\"container\" data-settings=\"{&quot;background_background&quot;:&quot;classic&quot;}\">\n\t\t\t\t\t<div class=\"e-con-inner\">\n\t\t<div class=\"elementor-element elementor-element-92c653b e-con-full e-flex e-con e-child\" data-id=\"92c653b\" data-element_type=\"container\" data-e-type=\"container\" data-settings=\"{&quot;background_background&quot;:&quot;classic&quot;}\">\n\t\t\t\t<div class=\"elementor-element elementor-element-117d3d0 elementor-widget elementor-widget-heading\" data-id=\"117d3d0\" data-element_type=\"widget\" data-e-type=\"widget\" data-widget_type=\"heading.default\">\n\t\t\t\t<div class=\"elementor-widget-container\">\n\t\t\t\t\t<h2 class=\"elementor-heading-title elementor-size-default\">Preguntas frecuentes<\/h2>\t\t\t\t<\/div>\n\t\t\t\t<\/div>\n\t\t\t\t<div class=\"elementor-element elementor-element-acbbd45 elementor-invisible elementor-widget elementor-widget-heading\" data-id=\"acbbd45\" data-element_type=\"widget\" data-e-type=\"widget\" data-settings=\"{&quot;_animation&quot;:&quot;fadeIn&quot;,&quot;_animation_delay&quot;:150}\" data-widget_type=\"heading.default\">\n\t\t\t\t<div class=\"elementor-widget-container\">\n\t\t\t\t\t<h2 class=\"elementor-heading-title elementor-size-default\">CENTRO DE MEDICINA REPRODUCTIVA Y MEDICINA EMBRIONARIA<\/h2>\t\t\t\t<\/div>\n\t\t\t\t<\/div>\n\t\t\t\t<div class=\"elementor-element elementor-element-6809eda elementor-widget elementor-widget-jet-accordion\" data-id=\"6809eda\" data-element_type=\"widget\" data-e-type=\"widget\" data-widget_type=\"jet-accordion.default\">\n\t\t\t\t<div class=\"elementor-widget-container\">\n\t\t\t\t\t\t\t\t\t<div class=\"jet-accordion\" data-settings=\"{&quot;collapsible&quot;:true,&quot;ajaxTemplate&quot;:false,&quot;switchScrolling&quot;:true,&quot;switchScrollingOffset&quot;:{&quot;unit&quot;:&quot;px&quot;,&quot;size&quot;:100,&quot;sizes&quot;:[]},&quot;switchScrollingDelay&quot;:500}\">\n\t\t\t<div class=\"jet-accordion__inner\">\n\t\t\t\t<div class=\"jet-accordion__item jet-toggle jet-toggle-fall-perspective-effect\">\n\t\t\t\t\t\t\t<div id=\"jet-toggle-control-1091\" class=\"jet-toggle__control elementor-menu-anchor\" data-toggle=\"1\" role=\"button\" tabindex=\"0\" aria-controls=\"jet-toggle-content-1091\" aria-expanded=\"false\" data-template-id=\"false\">\n\t\t\t\t\t\t\t\t<div class=\"jet-toggle__label-icon jet-toggle-icon-position-left\"><span class=\"jet-toggle__icon icon-normal jet-tabs-icon\"><i class=\"fas fa-plus\"><\/i><\/span><span class=\"jet-toggle__icon icon-active jet-tabs-icon\"><i class=\"fas fa-minus\"><\/i><\/span><\/div><div class=\"jet-toggle__label-text\">\u00bfES DOLOROSO RECOGER LOS HUEVOS?<\/div>\t\t\t\t\t\t\t<\/div>\n\t\t\t\t\t\t\t<div id=\"jet-toggle-content-1091\" class=\"jet-toggle__content\" data-toggle=\"1\" role=\"region\" data-template-id=\"false\">\n\t\t\t\t\t\t\t\t<div class=\"jet-toggle__content-inner\"><p>La recolecci\u00f3n de \u00f3vulos dura de 10 a 15 minutos, no es dolorosa, se realiza en estado de ebriedad y una vez finalizado el procedimiento se regresa a sus actividades.<\/p><\/div>\n\t\t\t\t\t\t\t<\/div>\n\t\t\t\t\t\t<\/div><div class=\"jet-accordion__item jet-toggle jet-toggle-fall-perspective-effect\">\n\t\t\t\t\t\t\t<div id=\"jet-toggle-control-1092\" class=\"jet-toggle__control elementor-menu-anchor\" data-toggle=\"2\" role=\"button\" tabindex=\"0\" aria-controls=\"jet-toggle-content-1092\" aria-expanded=\"false\" data-template-id=\"false\">\n\t\t\t\t\t\t\t\t<div class=\"jet-toggle__label-icon jet-toggle-icon-position-left\"><span class=\"jet-toggle__icon icon-normal jet-tabs-icon\"><i class=\"fas fa-plus\"><\/i><\/span><span class=\"jet-toggle__icon icon-active jet-tabs-icon\"><i class=\"fas fa-minus\"><\/i><\/span><\/div><div class=\"jet-toggle__label-text\">YA TENGO UN HIJO, AHORA QUE ESTOY INTENTANDO EMBARAZARSE OTRA VEZ NO PUEDO. \u00bfPODR\u00cdA YO O MI PAREJA TENER UN PROBLEMA?<\/div>\t\t\t\t\t\t\t<\/div>\n\t\t\t\t\t\t\t<div id=\"jet-toggle-content-1092\" class=\"jet-toggle__content\" data-toggle=\"2\" role=\"region\" data-template-id=\"false\">\n\t\t\t\t\t\t\t\t<div class=\"jet-toggle__content-inner\"><p>En general, los expertos coinciden en que el hecho de que una pareja ya haya tenido un hijo puede considerarse evidencia de que, en primer lugar, no existe ning\u00fan problema de infertilidad. Es como una peque\u00f1a prueba que se ha hecho y demuestra que &quot;lo lograron&quot; al menos una vez. Por otro lado, sin embargo, debemos ser conscientes de que mientras tanto las cosas pueden haber cambiado y puede haber surgido alg\u00fan problema (por ejemplo, el hombre puede haber tenido alg\u00fan tipo de inflamaci\u00f3n, que afecta la calidad de su esperma o ha intervenido algo que afecta fertilidad femenina: una inflamaci\u00f3n, una cirug\u00eda ginecol\u00f3gica, un aborto, etc.). En cualquier caso, si pasa un per\u00edodo de tiempo prudencial (un a\u00f1o) y una pareja no puede lograr un embarazo, entonces debe, con la ayuda de su m\u00e9dico, investigar si ha habido alg\u00fan problema causante de infertilidad.<\/p><\/div>\n\t\t\t\t\t\t\t<\/div>\n\t\t\t\t\t\t<\/div><div class=\"jet-accordion__item jet-toggle jet-toggle-fall-perspective-effect\">\n\t\t\t\t\t\t\t<div id=\"jet-toggle-control-1093\" class=\"jet-toggle__control elementor-menu-anchor\" data-toggle=\"3\" role=\"button\" tabindex=\"0\" aria-controls=\"jet-toggle-content-1093\" aria-expanded=\"false\" data-template-id=\"false\">\n\t\t\t\t\t\t\t\t<div class=\"jet-toggle__label-icon jet-toggle-icon-position-left\"><span class=\"jet-toggle__icon icon-normal jet-tabs-icon\"><i class=\"fas fa-plus\"><\/i><\/span><span class=\"jet-toggle__icon icon-active jet-tabs-icon\"><i class=\"fas fa-minus\"><\/i><\/span><\/div><div class=\"jet-toggle__label-text\">\u00bfES LA INFERTILIDAD S\u00d3LO UN PROBLEMA DE MUJERES?<\/div>\t\t\t\t\t\t\t<\/div>\n\t\t\t\t\t\t\t<div id=\"jet-toggle-content-1093\" class=\"jet-toggle__content\" data-toggle=\"3\" role=\"region\" data-template-id=\"false\">\n\t\t\t\t\t\t\t\t<div class=\"jet-toggle__content-inner\"><p>Por supuesto que no. En aproximadamente un tercio de los casos, la infertilidad se debe a la mujer (factor femenino), mientras que en un tercio de los casos se debe al hombre (factor masculino). En el tercio restante se debe a ambos (tanto masculinos como femeninos) o incluso a factores desconocidos.<\/p><\/div>\n\t\t\t\t\t\t\t<\/div>\n\t\t\t\t\t\t<\/div><div class=\"jet-accordion__item jet-toggle jet-toggle-fall-perspective-effect\">\n\t\t\t\t\t\t\t<div id=\"jet-toggle-control-1094\" class=\"jet-toggle__control elementor-menu-anchor\" data-toggle=\"4\" role=\"button\" tabindex=\"0\" aria-controls=\"jet-toggle-content-1094\" aria-expanded=\"false\" data-template-id=\"false\">\n\t\t\t\t\t\t\t\t<div class=\"jet-toggle__label-icon jet-toggle-icon-position-left\"><span class=\"jet-toggle__icon icon-normal jet-tabs-icon\"><i class=\"fas fa-plus\"><\/i><\/span><span class=\"jet-toggle__icon icon-active jet-tabs-icon\"><i class=\"fas fa-minus\"><\/i><\/span><\/div><div class=\"jet-toggle__label-text\">\u00bfPUEDO GUARDAR MIS \u00d3VULOS\/ESPERMA?<\/div>\t\t\t\t\t\t\t<\/div>\n\t\t\t\t\t\t\t<div id=\"jet-toggle-content-1094\" class=\"jet-toggle__content\" data-toggle=\"4\" role=\"region\" data-template-id=\"false\">\n\t\t\t\t\t\t\t\t<div class=\"jet-toggle__content-inner\"><p>En el Centro de Medicina Reproductiva Dr. Traianos ofrecemos servicios de criopreservaci\u00f3n de \u00f3vulos\/esperma para quienes necesitan este servicio por motivos personales o m\u00e9dicos. Utilizamos la m\u00e1s moderna t\u00e9cnica de vitrificaci\u00f3n en congelaci\u00f3n de espermatozoides y \u00f3vulos.<\/p><\/div>\n\t\t\t\t\t\t\t<\/div>\n\t\t\t\t\t\t<\/div><div class=\"jet-accordion__item jet-toggle jet-toggle-fall-perspective-effect\">\n\t\t\t\t\t\t\t<div id=\"jet-toggle-control-1095\" class=\"jet-toggle__control elementor-menu-anchor\" data-toggle=\"5\" role=\"button\" tabindex=\"0\" aria-controls=\"jet-toggle-content-1095\" aria-expanded=\"false\" data-template-id=\"false\">\n\t\t\t\t\t\t\t\t<div class=\"jet-toggle__label-icon jet-toggle-icon-position-left\"><span class=\"jet-toggle__icon icon-normal jet-tabs-icon\"><i class=\"fas fa-plus\"><\/i><\/span><span class=\"jet-toggle__icon icon-active jet-tabs-icon\"><i class=\"fas fa-minus\"><\/i><\/span><\/div><div class=\"jet-toggle__label-text\">\u00bfCU\u00c1L ES LA TASA DE \u00c9XITO DE LA FIV?<\/div>\t\t\t\t\t\t\t<\/div>\n\t\t\t\t\t\t\t<div id=\"jet-toggle-content-1095\" class=\"jet-toggle__content\" data-toggle=\"5\" role=\"region\" data-template-id=\"false\">\n\t\t\t\t\t\t\t\t<div class=\"jet-toggle__content-inner\"><p>Las tasas de \u00e9xito var\u00edan en cada Centro Extracorp\u00f3reo. Tambi\u00e9n son factores muy importantes la edad de la mujer, sus niveles hormonales y, por supuesto, el esperma del marido. En general las tarifas oscilan entre 45% o un poco m\u00e1s para mujeres de hasta 35 a\u00f1os.<\/p><\/div>\n\t\t\t\t\t\t\t<\/div>\n\t\t\t\t\t\t<\/div><div class=\"jet-accordion__item jet-toggle jet-toggle-fall-perspective-effect\">\n\t\t\t\t\t\t\t<div id=\"jet-toggle-control-1096\" class=\"jet-toggle__control elementor-menu-anchor\" data-toggle=\"6\" role=\"button\" tabindex=\"0\" aria-controls=\"jet-toggle-content-1096\" aria-expanded=\"false\" data-template-id=\"false\">\n\t\t\t\t\t\t\t\t<div class=\"jet-toggle__label-icon jet-toggle-icon-position-left\"><span class=\"jet-toggle__icon icon-normal jet-tabs-icon\"><i class=\"fas fa-plus\"><\/i><\/span><span class=\"jet-toggle__icon icon-active jet-tabs-icon\"><i class=\"fas fa-minus\"><\/i><\/span><\/div><div class=\"jet-toggle__label-text\">\u00bfCU\u00c1NTAS VECES PUEDE REALIZARSE UN TRATAMIENTO DE FIV UNA MUJER?<\/div>\t\t\t\t\t\t\t<\/div>\n\t\t\t\t\t\t\t<div id=\"jet-toggle-content-1096\" class=\"jet-toggle__content\" data-toggle=\"6\" role=\"region\" data-template-id=\"false\">\n\t\t\t\t\t\t\t\t<div class=\"jet-toggle__content-inner\"><p>El n\u00famero de ciclos de tratamiento que puede someterse a una mujer no es fijo. Lo cierto es que en nuestro pa\u00eds existen obstetras-ginec\u00f3logos de alto nivel y centros organizados de tratamiento de infertilidad que ofrecen excelentes servicios m\u00e9dicos de este nivel. Siempre que existan indicaciones correctas (por ejemplo, ovarios que responden a la terapia de estimulaci\u00f3n, endometrio de buena calidad, etc.), la tasa de \u00e9xito -especialmente con el uso de t\u00e9cnicas m\u00e1s nuevas y f\u00e1rmacos biotecnol\u00f3gicos, que muestran una mayor bioactividad en comparaci\u00f3n con los f\u00e1rmacos convencionales de la orina- asciende a aproximadamente 65%-70% despu\u00e9s de 4 ciclos de tratamiento.<\/p><\/div>\n\t\t\t\t\t\t\t<\/div>\n\t\t\t\t\t\t<\/div><div class=\"jet-accordion__item jet-toggle jet-toggle-fall-perspective-effect\">\n\t\t\t\t\t\t\t<div id=\"jet-toggle-control-1097\" class=\"jet-toggle__control elementor-menu-anchor\" data-toggle=\"7\" role=\"button\" tabindex=\"0\" aria-controls=\"jet-toggle-content-1097\" aria-expanded=\"false\" data-template-id=\"false\">\n\t\t\t\t\t\t\t\t<div class=\"jet-toggle__label-icon jet-toggle-icon-position-left\"><span class=\"jet-toggle__icon icon-normal jet-tabs-icon\"><i class=\"fas fa-plus\"><\/i><\/span><span class=\"jet-toggle__icon icon-active jet-tabs-icon\"><i class=\"fas fa-minus\"><\/i><\/span><\/div><div class=\"jet-toggle__label-text\">\u00bfCU\u00c1NDO SE CONSIDERA INFERTILIDAD EN UNA PAREJA?<\/div>\t\t\t\t\t\t\t<\/div>\n\t\t\t\t\t\t\t<div id=\"jet-toggle-content-1097\" class=\"jet-toggle__content\" data-toggle=\"7\" role=\"region\" data-template-id=\"false\">\n\t\t\t\t\t\t\t\t<div class=\"jet-toggle__content-inner\"><p>La infertilidad se define como la imposibilidad de concebir despu\u00e9s de un a\u00f1o (o 6 meses si una mujer tiene m\u00e1s de 35 a\u00f1os) de relaciones sexuales normales y regulares. Es decir, cuando pasa un a\u00f1o sin que la mujer quede embarazada, la pareja debe contactar con su m\u00e9dico tratante para saber cu\u00e1l es la causa de no lograr el embarazo y luego tratarlo. Sin embargo, todos debemos ser conscientes y no olvidar que el factor edad es el m\u00e1s cr\u00edtico para la fertilidad femenina y que el enfoque individualizado de cada pareja es la &quot;llave de oro&quot; que soluciona el problema.<\/p><\/div>\n\t\t\t\t\t\t\t<\/div>\n\t\t\t\t\t\t<\/div><div class=\"jet-accordion__item jet-toggle jet-toggle-fall-perspective-effect\">\n\t\t\t\t\t\t\t<div id=\"jet-toggle-control-1098\" class=\"jet-toggle__control elementor-menu-anchor\" data-toggle=\"8\" role=\"button\" tabindex=\"0\" aria-controls=\"jet-toggle-content-1098\" aria-expanded=\"false\" data-template-id=\"false\">\n\t\t\t\t\t\t\t\t<div class=\"jet-toggle__label-icon jet-toggle-icon-position-left\"><span class=\"jet-toggle__icon icon-normal jet-tabs-icon\"><i class=\"fas fa-plus\"><\/i><\/span><span class=\"jet-toggle__icon icon-active jet-tabs-icon\"><i class=\"fas fa-minus\"><\/i><\/span><\/div><div class=\"jet-toggle__label-text\">\u00bfLOS MEDICAMENTOS EXOS\u00d3MICOS PUEDEN PRODUCIR C\u00c1NCER?<\/div>\t\t\t\t\t\t\t<\/div>\n\t\t\t\t\t\t\t<div id=\"jet-toggle-content-1098\" class=\"jet-toggle__content\" data-toggle=\"8\" role=\"region\" data-template-id=\"false\">\n\t\t\t\t\t\t\t\t<div class=\"jet-toggle__content-inner\"><p>La asociaci\u00f3n de los medicamentos de FIV con el riesgo de c\u00e1ncer es la mayor preocupaci\u00f3n de las mujeres que se apuntan a estos programas. Pero numerosas referencias bibliogr\u00e1ficas recopiladas de estudios cient\u00edficos fiables y publicadas en revistas m\u00e9dicas autorizadas de todo el mundo son tranquilizadoras y no confirman esta preocupaci\u00f3n.<\/p><\/div>\n\t\t\t\t\t\t\t<\/div>\n\t\t\t\t\t\t<\/div><div class=\"jet-accordion__item jet-toggle jet-toggle-fall-perspective-effect\">\n\t\t\t\t\t\t\t<div id=\"jet-toggle-control-1099\" class=\"jet-toggle__control elementor-menu-anchor\" data-toggle=\"9\" role=\"button\" tabindex=\"0\" aria-controls=\"jet-toggle-content-1099\" aria-expanded=\"false\" data-template-id=\"false\">\n\t\t\t\t\t\t\t\t<div class=\"jet-toggle__label-icon jet-toggle-icon-position-left\"><span class=\"jet-toggle__icon icon-normal jet-tabs-icon\"><i class=\"fas fa-plus\"><\/i><\/span><span class=\"jet-toggle__icon icon-active jet-tabs-icon\"><i class=\"fas fa-minus\"><\/i><\/span><\/div><div class=\"jet-toggle__label-text\">\u00bfQU\u00c9 AUMENTA EL RIESGO DE INFERTILIDAD MASCULINA?<\/div>\t\t\t\t\t\t\t<\/div>\n\t\t\t\t\t\t\t<div id=\"jet-toggle-content-1099\" class=\"jet-toggle__content\" data-toggle=\"9\" role=\"region\" data-template-id=\"false\">\n\t\t\t\t\t\t\t\t<div class=\"jet-toggle__content-inner\"><ul><li>el alcohol<\/li><li>narc\u00f3ticos<\/li><li>toxinas ambientales, incluidos pesticidas y plomo;<\/li><li>de fumar<\/li><li>problemas de salud<\/li><li>medicamentos<\/li><li>radioterapia y quimioterapia<\/li><li>la edad<\/li><\/ul><\/div>\n\t\t\t\t\t\t\t<\/div>\n\t\t\t\t\t\t<\/div>\t\t\t<\/div>\n\t\t<\/div>\n\t\t\t\t\t\t<\/div>\n\t\t\t\t<\/div>\n\t\t\t\t<\/div>\n\t\t\t\t\t<\/div>\n\t\t\t\t<\/div>\n\t\t<div class=\"elementor-element elementor-element-212bd36 e-flex e-con-boxed e-con e-parent\" data-id=\"212bd36\" data-element_type=\"container\" data-e-type=\"container\" data-settings=\"{&quot;background_background&quot;:&quot;classic&quot;,&quot;shape_divider_top&quot;:&quot;triangle&quot;,&quot;shape_divider_bottom&quot;:&quot;triangle&quot;}\">\n\t\t\t\t\t<div class=\"e-con-inner\">\n\t\t\t\t<div class=\"elementor-shape elementor-shape-top\" aria-hidden=\"true\" data-negative=\"false\">\n\t\t\t<svg xmlns=\"http:\/\/www.w3.org\/2000\/svg\" viewbox=\"0 0 1000 100\" preserveaspectratio=\"none\">\n\t<path class=\"elementor-shape-fill\" d=\"M500,98.9L0,6.1V0h1000v6.1L500,98.9z\"\/>\n<\/svg>\t\t<\/div>\n\t\t\t\t<div class=\"elementor-shape elementor-shape-bottom\" aria-hidden=\"true\" data-negative=\"false\">\n\t\t\t<svg xmlns=\"http:\/\/www.w3.org\/2000\/svg\" viewbox=\"0 0 1000 100\" preserveaspectratio=\"none\">\n\t<path class=\"elementor-shape-fill\" d=\"M500,98.9L0,6.1V0h1000v6.1L500,98.9z\"\/>\n<\/svg>\t\t<\/div>\n\t\t<div class=\"elementor-element elementor-element-19a6e9d e-con-full e-flex e-con e-child\" data-id=\"19a6e9d\" data-element_type=\"container\" data-e-type=\"container\">\n\t\t\t\t<div class=\"elementor-element elementor-element-9090c55 elementor-widget elementor-widget-heading\" data-id=\"9090c55\" data-element_type=\"widget\" data-e-type=\"widget\" data-settings=\"{&quot;_animation&quot;:&quot;none&quot;}\" data-widget_type=\"heading.default\">\n\t\t\t\t<div class=\"elementor-widget-container\">\n\t\t\t\t\t<h2 class=\"elementor-heading-title elementor-size-default\">HAGA UNA CITA<\/h2>\t\t\t\t<\/div>\n\t\t\t\t<\/div>\n\t\t\t\t<div class=\"elementor-element elementor-element-d46bf4b elementor-widget elementor-widget-heading\" data-id=\"d46bf4b\" data-element_type=\"widget\" data-e-type=\"widget\" data-widget_type=\"heading.default\">\n\t\t\t\t<div class=\"elementor-widget-container\">\n\t\t\t\t\t<h3 class=\"elementor-heading-title elementor-size-default\">Dr. ALEXANDROS TRAIANOS<\/h3>\t\t\t\t<\/div>\n\t\t\t\t<\/div>\n\t\t\t\t<div class=\"elementor-element elementor-element-0b5cfa9 elementor-widget elementor-widget-text-editor\" data-id=\"0b5cfa9\" data-element_type=\"widget\" data-e-type=\"widget\" data-widget_type=\"text-editor.default\">\n\t\t\t\t<div class=\"elementor-widget-container\">\n\t\t\t\t\t\t\t\t\tCENTRO DE MEDICINA REPRODUCTIVA Y MEDICINA EMBRIONARIA\t\t\t\t\t\t\t\t<\/div>\n\t\t\t\t<\/div>\n\t\t\t\t<div class=\"jet-popup-target elementor-element elementor-element-e0a7647 elementor-align-center elementor-widget elementor-widget-button\" data-jet-popup=\"{&quot;attached-popup&quot;:&quot;jet-popup-6463&quot;,&quot;trigger-type&quot;:&quot;click-self&quot;,&quot;trigger-custom-selector&quot;:&quot;&quot;}\" data-id=\"e0a7647\" data-element_type=\"widget\" data-e-type=\"widget\" data-widget_type=\"button.default\">\n\t\t\t\t<div class=\"elementor-widget-container\">\n\t\t\t\t\t\t\t\t\t<div class=\"elementor-button-wrapper\">\n\t\t\t\t\t<a class=\"elementor-button elementor-size-xs elementor-animation-grow\" role=\"button\">\n\t\t\t\t\t\t<span class=\"elementor-button-content-wrapper\">\n\t\t\t\t\t\t<span class=\"elementor-button-icon\">\n\t\t\t\t<i aria-hidden=\"true\" class=\"far fa-calendar-alt\"><\/i>\t\t\t<\/span>\n\t\t\t\t\t\t\t\t\t<span class=\"elementor-button-text\">RESERVAR UNA CITA<\/span>\n\t\t\t\t\t<\/span>\n\t\t\t\t\t<\/a>\n\t\t\t\t<\/div>\n\t\t\t\t\t\t\t\t<\/div>\n\t\t\t\t<\/div>\n\t\t\t\t<\/div>\n\t\t\t\t\t<\/div>\n\t\t\t\t<\/div>\n\t\t\t\t<\/div>","protected":false},"excerpt":{"rendered":"<p>PREGUNTAS FRECUENTES \u00bfES DIF\u00cdCIL LA RECOLECCI\u00d3N DE \u00d3VULOS? La recolecci\u00f3n de \u00f3vulos toma de 10 a 15 minutos, no es dolorosa, se realiza bajo anestesia y, una vez finalizado el procedimiento, puede retomar sus actividades. YA TUVE UN HIJO, PERO AHORA, CUANDO ESTOY INTENTANDO EMBARAZARME DE NUEVO, NO PUEDO. \u00bfPODR\u00cdAMOS YO O MI PAREJA HABER [\u2026]<\/p>","protected":false},"author":9,"featured_media":0,"parent":0,"menu_order":0,"comment_status":"closed","ping_status":"closed","template":"","meta":{"footnotes":""},"class_list":["post-561","page","type-page","status-publish","hentry"],"_links":{"self":[{"href":"https:\/\/dralexandrostraianos.gr\/es\/wp-json\/wp\/v2\/pages\/561","targetHints":{"allow":["GET"]}}],"collection":[{"href":"https:\/\/dralexandrostraianos.gr\/es\/wp-json\/wp\/v2\/pages"}],"about":[{"href":"https:\/\/dralexandrostraianos.gr\/es\/wp-json\/wp\/v2\/types\/page"}],"author":[{"embeddable":true,"href":"https:\/\/dralexandrostraianos.gr\/es\/wp-json\/wp\/v2\/users\/9"}],"replies":[{"embeddable":true,"href":"https:\/\/dralexandrostraianos.gr\/es\/wp-json\/wp\/v2\/comments?post=561"}],"version-history":[{"count":0,"href":"https:\/\/dralexandrostraianos.gr\/es\/wp-json\/wp\/v2\/pages\/561\/revisions"}],"wp:attachment":[{"href":"https:\/\/dralexandrostraianos.gr\/es\/wp-json\/wp\/v2\/media?parent=561"}],"curies":[{"name":"gracias","href":"https:\/\/api.w.org\/{rel}","templated":true}]}}