{"id":561,"date":"2019-12-12T20:13:01","date_gmt":"2019-12-12T18:13:01","guid":{"rendered":"http:\/\/plethorathemes.com\/healthx\/?page_id=561"},"modified":"2025-11-26T14:17:11","modified_gmt":"2025-11-26T12:17:11","slug":"sixnes-erotisis","status":"publish","type":"page","link":"https:\/\/dralexandrostraianos.gr\/fr\/sixnes-erotisis\/","title":{"rendered":"QUESTIONS FR\u00c9QUENTES"},"content":{"rendered":"<div data-elementor-type=\"wp-page\" data-elementor-id=\"561\" class=\"elementor elementor-561\" data-elementor-post-type=\"page\">\n\t\t\t\t<div class=\"elementor-element elementor-element-3a17a60 e-flex e-con-boxed e-con e-parent\" data-id=\"3a17a60\" data-element_type=\"container\" data-e-type=\"container\" data-settings=\"{&quot;background_background&quot;:&quot;classic&quot;,&quot;shape_divider_bottom&quot;:&quot;triangle&quot;}\">\n\t\t\t\t\t<div class=\"e-con-inner\">\n\t\t\t\t<div class=\"elementor-shape elementor-shape-bottom\" aria-hidden=\"true\" data-negative=\"false\">\n\t\t\t<svg xmlns=\"http:\/\/www.w3.org\/2000\/svg\" viewbox=\"0 0 1000 100\" preserveaspectratio=\"none\">\n\t<path class=\"elementor-shape-fill\" d=\"M500,98.9L0,6.1V0h1000v6.1L500,98.9z\"\/>\n<\/svg>\t\t<\/div>\n\t\t<div class=\"elementor-element elementor-element-087238e e-con-full e-flex e-con e-child\" data-id=\"087238e\" data-element_type=\"container\" data-e-type=\"container\">\n\t\t\t\t<div class=\"elementor-element elementor-element-e69d4da elementor-widget elementor-widget-heading\" data-id=\"e69d4da\" data-element_type=\"widget\" data-e-type=\"widget\" data-widget_type=\"heading.default\">\n\t\t\t\t<div class=\"elementor-widget-container\">\n\t\t\t\t\t<h1 class=\"elementor-heading-title elementor-size-default\">QUESTIONS FR\u00c9QUENTES<\/h1>\t\t\t\t<\/div>\n\t\t\t\t<\/div>\n\t\t\t\t<div class=\"elementor-element elementor-element-2e0f6d8 elementor-widget elementor-widget-heading\" data-id=\"2e0f6d8\" data-element_type=\"widget\" data-e-type=\"widget\" data-widget_type=\"heading.default\">\n\t\t\t\t<div class=\"elementor-widget-container\">\n\t\t\t\t\t<h3 class=\"elementor-heading-title elementor-size-default\">Dr. ALEXANDROS TRAIANOS<\/h3>\t\t\t\t<\/div>\n\t\t\t\t<\/div>\n\t\t\t\t<div class=\"elementor-element elementor-element-88d3d68 elementor-widget elementor-widget-text-editor\" data-id=\"88d3d68\" data-element_type=\"widget\" data-e-type=\"widget\" data-widget_type=\"text-editor.default\">\n\t\t\t\t<div class=\"elementor-widget-container\">\n\t\t\t\t\t\t\t\t\tCENTRE DE M\u00c9DECINE DE LA REPRODUCTION ET DE M\u00c9DECINE DES EMBRYONS\t\t\t\t\t\t\t\t<\/div>\n\t\t\t\t<\/div>\n\t\t\t\t<\/div>\n\t\t\t\t\t<\/div>\n\t\t\t\t<\/div>\n\t\t<div class=\"elementor-element elementor-element-066f983 e-flex e-con-boxed e-con e-parent\" data-id=\"066f983\" data-element_type=\"container\" data-e-type=\"container\" data-settings=\"{&quot;background_background&quot;:&quot;classic&quot;}\">\n\t\t\t\t\t<div class=\"e-con-inner\">\n\t\t<div class=\"elementor-element elementor-element-92c653b e-con-full e-flex e-con e-child\" data-id=\"92c653b\" data-element_type=\"container\" data-e-type=\"container\" data-settings=\"{&quot;background_background&quot;:&quot;classic&quot;}\">\n\t\t\t\t<div class=\"elementor-element elementor-element-117d3d0 elementor-widget elementor-widget-heading\" data-id=\"117d3d0\" data-element_type=\"widget\" data-e-type=\"widget\" data-widget_type=\"heading.default\">\n\t\t\t\t<div class=\"elementor-widget-container\">\n\t\t\t\t\t<h2 class=\"elementor-heading-title elementor-size-default\">Questions fr\u00e9quentes<\/h2>\t\t\t\t<\/div>\n\t\t\t\t<\/div>\n\t\t\t\t<div class=\"elementor-element elementor-element-acbbd45 elementor-invisible elementor-widget elementor-widget-heading\" data-id=\"acbbd45\" data-element_type=\"widget\" data-e-type=\"widget\" data-settings=\"{&quot;_animation&quot;:&quot;fadeIn&quot;,&quot;_animation_delay&quot;:150}\" data-widget_type=\"heading.default\">\n\t\t\t\t<div class=\"elementor-widget-container\">\n\t\t\t\t\t<h2 class=\"elementor-heading-title elementor-size-default\">CENTRE DE M\u00c9DECINE DE LA REPRODUCTION ET DE M\u00c9DECINE DES EMBRYONS<\/h2>\t\t\t\t<\/div>\n\t\t\t\t<\/div>\n\t\t\t\t<div class=\"elementor-element elementor-element-6809eda elementor-widget elementor-widget-jet-accordion\" data-id=\"6809eda\" data-element_type=\"widget\" data-e-type=\"widget\" data-widget_type=\"jet-accordion.default\">\n\t\t\t\t<div class=\"elementor-widget-container\">\n\t\t\t\t\t\t\t\t\t<div class=\"jet-accordion\" data-settings=\"{&quot;collapsible&quot;:true,&quot;ajaxTemplate&quot;:false,&quot;switchScrolling&quot;:true,&quot;switchScrollingOffset&quot;:{&quot;unit&quot;:&quot;px&quot;,&quot;size&quot;:100,&quot;sizes&quot;:[]},&quot;switchScrollingDelay&quot;:500}\">\n\t\t\t<div class=\"jet-accordion__inner\">\n\t\t\t\t<div class=\"jet-accordion__item jet-toggle jet-toggle-fall-perspective-effect\">\n\t\t\t\t\t\t\t<div id=\"jet-toggle-control-1091\" class=\"jet-toggle__control elementor-menu-anchor\" data-toggle=\"1\" role=\"button\" tabindex=\"0\" aria-controls=\"jet-toggle-content-1091\" aria-expanded=\"false\" data-template-id=\"false\">\n\t\t\t\t\t\t\t\t<div class=\"jet-toggle__label-icon jet-toggle-icon-position-left\"><span class=\"jet-toggle__icon icon-normal jet-tabs-icon\"><i class=\"fas fa-plus\"><\/i><\/span><span class=\"jet-toggle__icon icon-active jet-tabs-icon\"><i class=\"fas fa-minus\"><\/i><\/span><\/div><div class=\"jet-toggle__label-text\">LA COLLECTE DES OEUFS EST-ELLE DOULOUREUSE\u00a0?<\/div>\t\t\t\t\t\t\t<\/div>\n\t\t\t\t\t\t\t<div id=\"jet-toggle-content-1091\" class=\"jet-toggle__content\" data-toggle=\"1\" role=\"region\" data-template-id=\"false\">\n\t\t\t\t\t\t\t\t<div class=\"jet-toggle__content-inner\"><p>La collecte des ovules prend 10 \u00e0 15 minutes, n&#039;est pas douloureuse, se fait sous intoxication et apr\u00e8s la fin de la proc\u00e9dure, vous retournez \u00e0 vos activit\u00e9s.<\/p><\/div>\n\t\t\t\t\t\t\t<\/div>\n\t\t\t\t\t\t<\/div><div class=\"jet-accordion__item jet-toggle jet-toggle-fall-perspective-effect\">\n\t\t\t\t\t\t\t<div id=\"jet-toggle-control-1092\" class=\"jet-toggle__control elementor-menu-anchor\" data-toggle=\"2\" role=\"button\" tabindex=\"0\" aria-controls=\"jet-toggle-content-1092\" aria-expanded=\"false\" data-template-id=\"false\">\n\t\t\t\t\t\t\t\t<div class=\"jet-toggle__label-icon jet-toggle-icon-position-left\"><span class=\"jet-toggle__icon icon-normal jet-tabs-icon\"><i class=\"fas fa-plus\"><\/i><\/span><span class=\"jet-toggle__icon icon-active jet-tabs-icon\"><i class=\"fas fa-minus\"><\/i><\/span><\/div><div class=\"jet-toggle__label-text\">J&#039;AI D\u00c9J\u00c0 EU UN ENFANT, MAINTENANT, COMME J&#039;ESSAYE DE RETOURNER ENCEINTE, JE NE PEUX PAS. MON PARTENAIRE ET MOI POUVONS-ILS AVOIR UN PROBL\u00c8ME ENTRE EUX\u00a0?<\/div>\t\t\t\t\t\t\t<\/div>\n\t\t\t\t\t\t\t<div id=\"jet-toggle-content-1092\" class=\"jet-toggle__content\" data-toggle=\"2\" role=\"region\" data-template-id=\"false\">\n\t\t\t\t\t\t\t\t<div class=\"jet-toggle__content-inner\"><p>En g\u00e9n\u00e9ral, les experts s&#039;accordent \u00e0 dire que le fait qu&#039;un couple ait d\u00e9j\u00e0 eu un enfant peut \u00eatre consid\u00e9r\u00e9 comme une preuve qu&#039;il n&#039;y a pas de probl\u00e8me d&#039;infertilit\u00e9. C&#039;est comme un petit test qui a \u00e9t\u00e9 fait et qui prouve qu&#039;ils ont &quot;r\u00e9ussi&quot; au moins une fois. D&#039;un autre c\u00f4t\u00e9, cependant, nous devons \u00eatre conscients qu&#039;entre-temps les choses peuvent avoir chang\u00e9 et qu&#039;un probl\u00e8me peut survenir (par exemple, l&#039;homme peut avoir eu une sorte d&#039;inflammation, qui affecte la qualit\u00e9 de son sperme ou est intervenu quelque chose qui affecte fertilit\u00e9 f\u00e9minine : une inflammation, une chirurgie gyn\u00e9cologique, un avortement, etc.). Dans tous les cas, si un d\u00e9lai raisonnable (un an) s&#039;\u00e9coule et qu&#039;un couple ne parvient pas \u00e0 obtenir une grossesse, il doit alors, avec l&#039;aide de son m\u00e9decin, rechercher s&#039;il y a eu un probl\u00e8me provoquant l&#039;infertilit\u00e9.<\/p><\/div>\n\t\t\t\t\t\t\t<\/div>\n\t\t\t\t\t\t<\/div><div class=\"jet-accordion__item jet-toggle jet-toggle-fall-perspective-effect\">\n\t\t\t\t\t\t\t<div id=\"jet-toggle-control-1093\" class=\"jet-toggle__control elementor-menu-anchor\" data-toggle=\"3\" role=\"button\" tabindex=\"0\" aria-controls=\"jet-toggle-content-1093\" aria-expanded=\"false\" data-template-id=\"false\">\n\t\t\t\t\t\t\t\t<div class=\"jet-toggle__label-icon jet-toggle-icon-position-left\"><span class=\"jet-toggle__icon icon-normal jet-tabs-icon\"><i class=\"fas fa-plus\"><\/i><\/span><span class=\"jet-toggle__icon icon-active jet-tabs-icon\"><i class=\"fas fa-minus\"><\/i><\/span><\/div><div class=\"jet-toggle__label-text\">L&#039;INFERTILIT\u00c9 EST-ELLE UNIQUEMENT UN PROBL\u00c8ME DE FEMMES ?<\/div>\t\t\t\t\t\t\t<\/div>\n\t\t\t\t\t\t\t<div id=\"jet-toggle-content-1093\" class=\"jet-toggle__content\" data-toggle=\"3\" role=\"region\" data-template-id=\"false\">\n\t\t\t\t\t\t\t\t<div class=\"jet-toggle__content-inner\"><p>Bien s\u00fbr que non. Dans environ un tiers des cas, l\u2019infertilit\u00e9 est due \u00e0 la femme (facteur f\u00e9minin), tandis que dans un tiers des cas, elle est due \u00e0 l\u2019homme (facteur masculin). Dans le tiers restant, cela est d\u00fb \u00e0 la fois \u00e0 des facteurs (masculins et f\u00e9minins) ou m\u00eame \u00e0 des facteurs inconnus.<\/p><\/div>\n\t\t\t\t\t\t\t<\/div>\n\t\t\t\t\t\t<\/div><div class=\"jet-accordion__item jet-toggle jet-toggle-fall-perspective-effect\">\n\t\t\t\t\t\t\t<div id=\"jet-toggle-control-1094\" class=\"jet-toggle__control elementor-menu-anchor\" data-toggle=\"4\" role=\"button\" tabindex=\"0\" aria-controls=\"jet-toggle-content-1094\" aria-expanded=\"false\" data-template-id=\"false\">\n\t\t\t\t\t\t\t\t<div class=\"jet-toggle__label-icon jet-toggle-icon-position-left\"><span class=\"jet-toggle__icon icon-normal jet-tabs-icon\"><i class=\"fas fa-plus\"><\/i><\/span><span class=\"jet-toggle__icon icon-active jet-tabs-icon\"><i class=\"fas fa-minus\"><\/i><\/span><\/div><div class=\"jet-toggle__label-text\">PUIS-JE SAUVER MES OVULES\/SPERME\u00a0?<\/div>\t\t\t\t\t\t\t<\/div>\n\t\t\t\t\t\t\t<div id=\"jet-toggle-content-1094\" class=\"jet-toggle__content\" data-toggle=\"4\" role=\"region\" data-template-id=\"false\">\n\t\t\t\t\t\t\t\t<div class=\"jet-toggle__content-inner\"><p>Au Centre Dr Traianos de m\u00e9decine de la reproduction, nous proposons des services de cryoconservation d&#039;ovules\/sperme \u00e0 ceux qui ont besoin de ce service pour des raisons personnelles ou m\u00e9dicales. Nous utilisons la technique de vitrification la plus moderne en mati\u00e8re de cong\u00e9lation des spermatozo\u00efdes et des ovules.<\/p><\/div>\n\t\t\t\t\t\t\t<\/div>\n\t\t\t\t\t\t<\/div><div class=\"jet-accordion__item jet-toggle jet-toggle-fall-perspective-effect\">\n\t\t\t\t\t\t\t<div id=\"jet-toggle-control-1095\" class=\"jet-toggle__control elementor-menu-anchor\" data-toggle=\"5\" role=\"button\" tabindex=\"0\" aria-controls=\"jet-toggle-content-1095\" aria-expanded=\"false\" data-template-id=\"false\">\n\t\t\t\t\t\t\t\t<div class=\"jet-toggle__label-icon jet-toggle-icon-position-left\"><span class=\"jet-toggle__icon icon-normal jet-tabs-icon\"><i class=\"fas fa-plus\"><\/i><\/span><span class=\"jet-toggle__icon icon-active jet-tabs-icon\"><i class=\"fas fa-minus\"><\/i><\/span><\/div><div class=\"jet-toggle__label-text\">QUEL EST LE TAUX DE R\u00c9USSITE DE LA FIV ?<\/div>\t\t\t\t\t\t\t<\/div>\n\t\t\t\t\t\t\t<div id=\"jet-toggle-content-1095\" class=\"jet-toggle__content\" data-toggle=\"5\" role=\"region\" data-template-id=\"false\">\n\t\t\t\t\t\t\t\t<div class=\"jet-toggle__content-inner\"><p>Les taux de r\u00e9ussite varient dans chaque centre extracorporel. Des facteurs tr\u00e8s importants sont \u00e9galement l&#039;\u00e2ge de la femme, son taux d&#039;hormones et bien s\u00fbr le sperme du mari. En g\u00e9n\u00e9ral, les tarifs s&#039;\u00e9chelonnent de 45% ou un peu plus pour les femmes jusqu&#039;\u00e0 35 ans.<\/p><\/div>\n\t\t\t\t\t\t\t<\/div>\n\t\t\t\t\t\t<\/div><div class=\"jet-accordion__item jet-toggle jet-toggle-fall-perspective-effect\">\n\t\t\t\t\t\t\t<div id=\"jet-toggle-control-1096\" class=\"jet-toggle__control elementor-menu-anchor\" data-toggle=\"6\" role=\"button\" tabindex=\"0\" aria-controls=\"jet-toggle-content-1096\" aria-expanded=\"false\" data-template-id=\"false\">\n\t\t\t\t\t\t\t\t<div class=\"jet-toggle__label-icon jet-toggle-icon-position-left\"><span class=\"jet-toggle__icon icon-normal jet-tabs-icon\"><i class=\"fas fa-plus\"><\/i><\/span><span class=\"jet-toggle__icon icon-active jet-tabs-icon\"><i class=\"fas fa-minus\"><\/i><\/span><\/div><div class=\"jet-toggle__label-text\">COMBIEN DE FOIS UNE FEMME PEUT-ELLE SUIVRE UN TRAITEMENT DE FIV\u00a0?<\/div>\t\t\t\t\t\t\t<\/div>\n\t\t\t\t\t\t\t<div id=\"jet-toggle-content-1096\" class=\"jet-toggle__content\" data-toggle=\"6\" role=\"region\" data-template-id=\"false\">\n\t\t\t\t\t\t\t\t<div class=\"jet-toggle__content-inner\"><p>Le nombre de cycles de traitement qu\u2019une femme peut suivre n\u2019est pas fixe. Il est certain que dans notre pays il existe des obst\u00e9triciens-gyn\u00e9cologues de haut niveau et des centres organis\u00e9s de traitement de l&#039;infertilit\u00e9 qui offrent d&#039;excellents services m\u00e9dicaux \u00e0 ce niveau. Tant qu&#039;il existe des indications correctes (par exemple, les ovaires r\u00e9pondent \u00e0 la th\u00e9rapie de stimulation, l&#039;endom\u00e8tre de bonne qualit\u00e9, etc.), le taux de r\u00e9ussite - en particulier avec l&#039;utilisation de techniques plus r\u00e9centes et de m\u00e9dicaments biotechnologiques, qui pr\u00e9sentent une bioactivit\u00e9 accrue par rapport aux m\u00e9dicaments conventionnels provenant de l&#039;urine - totalisant environ 65%-70% apr\u00e8s 4 cycles de traitement.<\/p><\/div>\n\t\t\t\t\t\t\t<\/div>\n\t\t\t\t\t\t<\/div><div class=\"jet-accordion__item jet-toggle jet-toggle-fall-perspective-effect\">\n\t\t\t\t\t\t\t<div id=\"jet-toggle-control-1097\" class=\"jet-toggle__control elementor-menu-anchor\" data-toggle=\"7\" role=\"button\" tabindex=\"0\" aria-controls=\"jet-toggle-content-1097\" aria-expanded=\"false\" data-template-id=\"false\">\n\t\t\t\t\t\t\t\t<div class=\"jet-toggle__label-icon jet-toggle-icon-position-left\"><span class=\"jet-toggle__icon icon-normal jet-tabs-icon\"><i class=\"fas fa-plus\"><\/i><\/span><span class=\"jet-toggle__icon icon-active jet-tabs-icon\"><i class=\"fas fa-minus\"><\/i><\/span><\/div><div class=\"jet-toggle__label-text\">QUAND UN COUPLE EST-IL CONSID\u00c9R\u00c9 COMME INFERTILIT\u00c9\u00a0?<\/div>\t\t\t\t\t\t\t<\/div>\n\t\t\t\t\t\t\t<div id=\"jet-toggle-content-1097\" class=\"jet-toggle__content\" data-toggle=\"7\" role=\"region\" data-template-id=\"false\">\n\t\t\t\t\t\t\t\t<div class=\"jet-toggle__content-inner\"><p>L&#039;infertilit\u00e9 est d\u00e9finie comme l&#039;incapacit\u00e9 de concevoir apr\u00e8s un an (ou 6 mois si une femme a plus de 35 ans) de rapports sexuels normaux et r\u00e9guliers. En d\u2019autres termes, lorsqu\u2019un an s\u2019est \u00e9coul\u00e9 sans que la femme ne tombe enceinte, le couple doit contacter son m\u00e9decin traitant pour conna\u00eetre la cause de l\u2019\u00e9chec de la grossesse et ensuite la traiter. Cependant, nous devons tous \u00eatre conscients et ne pas oublier que le facteur \u00e2ge est le facteur le plus critique pour la fertilit\u00e9 f\u00e9minine et que l&#039;approche individualis\u00e9e de chaque couple est la \u00ab cl\u00e9 d&#039;or \u00bb qui r\u00e9sout le probl\u00e8me.<\/p><\/div>\n\t\t\t\t\t\t\t<\/div>\n\t\t\t\t\t\t<\/div><div class=\"jet-accordion__item jet-toggle jet-toggle-fall-perspective-effect\">\n\t\t\t\t\t\t\t<div id=\"jet-toggle-control-1098\" class=\"jet-toggle__control elementor-menu-anchor\" data-toggle=\"8\" role=\"button\" tabindex=\"0\" aria-controls=\"jet-toggle-content-1098\" aria-expanded=\"false\" data-template-id=\"false\">\n\t\t\t\t\t\t\t\t<div class=\"jet-toggle__label-icon jet-toggle-icon-position-left\"><span class=\"jet-toggle__icon icon-normal jet-tabs-icon\"><i class=\"fas fa-plus\"><\/i><\/span><span class=\"jet-toggle__icon icon-active jet-tabs-icon\"><i class=\"fas fa-minus\"><\/i><\/span><\/div><div class=\"jet-toggle__label-text\">LES M\u00c9DICAMENTS EXOSOMAUX PEUVENT-ILS ME PROVOQUER LE CANCER\u00a0?<\/div>\t\t\t\t\t\t\t<\/div>\n\t\t\t\t\t\t\t<div id=\"jet-toggle-content-1098\" class=\"jet-toggle__content\" data-toggle=\"8\" role=\"region\" data-template-id=\"false\">\n\t\t\t\t\t\t\t\t<div class=\"jet-toggle__content-inner\"><p>L&#039;association des m\u00e9dicaments de FIV avec le risque de cancer est la plus grande pr\u00e9occupation des femmes qui rejoignent ces programmes. Mais de nombreuses r\u00e9f\u00e9rences documentaires recueillies \u00e0 partir d\u2019\u00e9tudes scientifiques fiables et publi\u00e9es dans des revues m\u00e9dicales faisant autorit\u00e9 \u00e0 travers le monde sont rassurantes et ne confirment pas cette pr\u00e9occupation.<\/p><\/div>\n\t\t\t\t\t\t\t<\/div>\n\t\t\t\t\t\t<\/div><div class=\"jet-accordion__item jet-toggle jet-toggle-fall-perspective-effect\">\n\t\t\t\t\t\t\t<div id=\"jet-toggle-control-1099\" class=\"jet-toggle__control elementor-menu-anchor\" data-toggle=\"9\" role=\"button\" tabindex=\"0\" aria-controls=\"jet-toggle-content-1099\" aria-expanded=\"false\" data-template-id=\"false\">\n\t\t\t\t\t\t\t\t<div class=\"jet-toggle__label-icon jet-toggle-icon-position-left\"><span class=\"jet-toggle__icon icon-normal jet-tabs-icon\"><i class=\"fas fa-plus\"><\/i><\/span><span class=\"jet-toggle__icon icon-active jet-tabs-icon\"><i class=\"fas fa-minus\"><\/i><\/span><\/div><div class=\"jet-toggle__label-text\">QU&#039;EST-CE QUI AUGMENTE LE RISQUE D&#039;INFERTILIT\u00c9 MASCULINE ?<\/div>\t\t\t\t\t\t\t<\/div>\n\t\t\t\t\t\t\t<div id=\"jet-toggle-content-1099\" class=\"jet-toggle__content\" data-toggle=\"9\" role=\"region\" data-template-id=\"false\">\n\t\t\t\t\t\t\t\t<div class=\"jet-toggle__content-inner\"><ul><li>l&#039;alcool<\/li><li>substances stup\u00e9fiantes<\/li><li>les toxines environnementales, notamment les pesticides et le plomb ;<\/li><li>fumeur<\/li><li>probl\u00e8mes de sant\u00e9<\/li><li>m\u00e9dicaments<\/li><li>radioth\u00e9rapie et chimioth\u00e9rapie<\/li><li>l&#039;\u00e2ge<\/li><\/ul><\/div>\n\t\t\t\t\t\t\t<\/div>\n\t\t\t\t\t\t<\/div>\t\t\t<\/div>\n\t\t<\/div>\n\t\t\t\t\t\t<\/div>\n\t\t\t\t<\/div>\n\t\t\t\t<\/div>\n\t\t\t\t\t<\/div>\n\t\t\t\t<\/div>\n\t\t<div class=\"elementor-element elementor-element-212bd36 e-flex e-con-boxed e-con e-parent\" data-id=\"212bd36\" data-element_type=\"container\" data-e-type=\"container\" data-settings=\"{&quot;background_background&quot;:&quot;classic&quot;,&quot;shape_divider_top&quot;:&quot;triangle&quot;,&quot;shape_divider_bottom&quot;:&quot;triangle&quot;}\">\n\t\t\t\t\t<div class=\"e-con-inner\">\n\t\t\t\t<div class=\"elementor-shape elementor-shape-top\" aria-hidden=\"true\" data-negative=\"false\">\n\t\t\t<svg xmlns=\"http:\/\/www.w3.org\/2000\/svg\" viewbox=\"0 0 1000 100\" preserveaspectratio=\"none\">\n\t<path class=\"elementor-shape-fill\" d=\"M500,98.9L0,6.1V0h1000v6.1L500,98.9z\"\/>\n<\/svg>\t\t<\/div>\n\t\t\t\t<div class=\"elementor-shape elementor-shape-bottom\" aria-hidden=\"true\" data-negative=\"false\">\n\t\t\t<svg xmlns=\"http:\/\/www.w3.org\/2000\/svg\" viewbox=\"0 0 1000 100\" preserveaspectratio=\"none\">\n\t<path class=\"elementor-shape-fill\" d=\"M500,98.9L0,6.1V0h1000v6.1L500,98.9z\"\/>\n<\/svg>\t\t<\/div>\n\t\t<div class=\"elementor-element elementor-element-19a6e9d e-con-full e-flex e-con e-child\" data-id=\"19a6e9d\" data-element_type=\"container\" data-e-type=\"container\">\n\t\t\t\t<div class=\"elementor-element elementor-element-9090c55 elementor-widget elementor-widget-heading\" data-id=\"9090c55\" data-element_type=\"widget\" data-e-type=\"widget\" data-settings=\"{&quot;_animation&quot;:&quot;none&quot;}\" data-widget_type=\"heading.default\">\n\t\t\t\t<div class=\"elementor-widget-container\">\n\t\t\t\t\t<h2 class=\"elementor-heading-title elementor-size-default\">PRENDRE RENDEZ-VOUS<\/h2>\t\t\t\t<\/div>\n\t\t\t\t<\/div>\n\t\t\t\t<div class=\"elementor-element elementor-element-d46bf4b elementor-widget elementor-widget-heading\" data-id=\"d46bf4b\" data-element_type=\"widget\" data-e-type=\"widget\" data-widget_type=\"heading.default\">\n\t\t\t\t<div class=\"elementor-widget-container\">\n\t\t\t\t\t<h3 class=\"elementor-heading-title elementor-size-default\">Dr. ALEXANDROS TRAIANOS<\/h3>\t\t\t\t<\/div>\n\t\t\t\t<\/div>\n\t\t\t\t<div class=\"elementor-element elementor-element-0b5cfa9 elementor-widget elementor-widget-text-editor\" data-id=\"0b5cfa9\" data-element_type=\"widget\" data-e-type=\"widget\" data-widget_type=\"text-editor.default\">\n\t\t\t\t<div class=\"elementor-widget-container\">\n\t\t\t\t\t\t\t\t\tCENTRE DE M\u00c9DECINE DE LA REPRODUCTION ET DE M\u00c9DECINE DES EMBRYONS\t\t\t\t\t\t\t\t<\/div>\n\t\t\t\t<\/div>\n\t\t\t\t<div class=\"jet-popup-target elementor-element elementor-element-e0a7647 elementor-align-center elementor-widget elementor-widget-button\" data-jet-popup=\"{&quot;attached-popup&quot;:&quot;jet-popup-6463&quot;,&quot;trigger-type&quot;:&quot;click-self&quot;,&quot;trigger-custom-selector&quot;:&quot;&quot;}\" data-id=\"e0a7647\" data-element_type=\"widget\" data-e-type=\"widget\" data-widget_type=\"button.default\">\n\t\t\t\t<div class=\"elementor-widget-container\">\n\t\t\t\t\t\t\t\t\t<div class=\"elementor-button-wrapper\">\n\t\t\t\t\t<a class=\"elementor-button elementor-size-xs elementor-animation-grow\" role=\"button\">\n\t\t\t\t\t\t<span class=\"elementor-button-content-wrapper\">\n\t\t\t\t\t\t<span class=\"elementor-button-icon\">\n\t\t\t\t<i aria-hidden=\"true\" class=\"far fa-calendar-alt\"><\/i>\t\t\t<\/span>\n\t\t\t\t\t\t\t\t\t<span class=\"elementor-button-text\">PRENEZ RENDEZ-VOUS<\/span>\n\t\t\t\t\t<\/span>\n\t\t\t\t\t<\/a>\n\t\t\t\t<\/div>\n\t\t\t\t\t\t\t\t<\/div>\n\t\t\t\t<\/div>\n\t\t\t\t<\/div>\n\t\t\t\t\t<\/div>\n\t\t\t\t<\/div>\n\t\t\t\t<\/div>","protected":false},"excerpt":{"rendered":"<p>QUESTIONS FR\u00c9QUEMMENT POS\u00c9ES Le pr\u00e9l\u00e8vement d&#039;ovocytes est-il difficile\u00a0? Le pr\u00e9l\u00e8vement dure 10 \u00e0 15 minutes, n&#039;est pas douloureux et se fait sous anesth\u00e9sie. Une fois l&#039;intervention termin\u00e9e, vous pouvez reprendre vos activit\u00e9s. J&#039;ai d\u00e9j\u00e0 eu un enfant, mais maintenant que j&#039;essaie de tomber enceinte, je n&#039;y arrive pas. Mon partenaire ou moi-m\u00eame pourrions-nous [\u2026]<\/p>","protected":false},"author":9,"featured_media":0,"parent":0,"menu_order":0,"comment_status":"closed","ping_status":"closed","template":"","meta":{"footnotes":""},"class_list":["post-561","page","type-page","status-publish","hentry"],"_links":{"self":[{"href":"https:\/\/dralexandrostraianos.gr\/fr\/wp-json\/wp\/v2\/pages\/561","targetHints":{"allow":["GET"]}}],"collection":[{"href":"https:\/\/dralexandrostraianos.gr\/fr\/wp-json\/wp\/v2\/pages"}],"about":[{"href":"https:\/\/dralexandrostraianos.gr\/fr\/wp-json\/wp\/v2\/types\/page"}],"author":[{"embeddable":true,"href":"https:\/\/dralexandrostraianos.gr\/fr\/wp-json\/wp\/v2\/users\/9"}],"replies":[{"embeddable":true,"href":"https:\/\/dralexandrostraianos.gr\/fr\/wp-json\/wp\/v2\/comments?post=561"}],"version-history":[{"count":0,"href":"https:\/\/dralexandrostraianos.gr\/fr\/wp-json\/wp\/v2\/pages\/561\/revisions"}],"wp:attachment":[{"href":"https:\/\/dralexandrostraianos.gr\/fr\/wp-json\/wp\/v2\/media?parent=561"}],"curies":[{"name":"wp","href":"https:\/\/api.w.org\/{rel}","templated":true}]}}