{"id":2975,"date":"2019-12-12T20:13:19","date_gmt":"2019-12-12T18:13:19","guid":{"rendered":"https:\/\/dralexandrostraianos.gr\/?page_id=2975"},"modified":"2023-05-23T12:38:32","modified_gmt":"2023-05-23T09:38:32","slug":"cookie-policy","status":"publish","type":"page","link":"https:\/\/dralexandrostraianos.gr\/it\/cookie-policy\/","title":{"rendered":"POLITICA SUI COOKIE"},"content":{"rendered":"<div data-elementor-type=\"wp-page\" data-elementor-id=\"2975\" class=\"elementor elementor-2975\" data-elementor-post-type=\"page\">\n\t\t\t\t\t\t<section class=\"elementor-section elementor-top-section elementor-element elementor-element-38181dcf elementor-section-full_width elementor-section-height-min-height elementor-section-items-bottom elementor-section-stretched elementor-section-height-default\" data-id=\"38181dcf\" data-element_type=\"section\" data-e-type=\"section\" data-settings=\"{&quot;stretch_section&quot;:&quot;section-stretched&quot;,&quot;background_background&quot;:&quot;classic&quot;}\">\n\t\t\t\t\t\t<div class=\"elementor-container elementor-column-gap-no\">\n\t\t\t\t\t<div class=\"elementor-column elementor-col-100 elementor-top-column elementor-element elementor-element-e30d4e0\" data-id=\"e30d4e0\" data-element_type=\"column\" data-e-type=\"column\" data-settings=\"{&quot;background_background&quot;:&quot;classic&quot;}\">\n\t\t\t<div class=\"elementor-widget-wrap elementor-element-populated\">\n\t\t\t\t\t\t<section class=\"elementor-section elementor-inner-section elementor-element elementor-element-44b9b74b elementor-section-full_width elementor-section-height-default elementor-section-height-default\" data-id=\"44b9b74b\" data-element_type=\"section\" data-e-type=\"section\">\n\t\t\t\t\t\t<div class=\"elementor-container elementor-column-gap-default\">\n\t\t\t\t\t<div class=\"elementor-column elementor-col-100 elementor-inner-column elementor-element elementor-element-1e920814\" data-id=\"1e920814\" data-element_type=\"column\" data-e-type=\"column\" data-settings=\"{&quot;background_background&quot;:&quot;classic&quot;}\">\n\t\t\t<div class=\"elementor-widget-wrap elementor-element-populated\">\n\t\t\t\t\t\t<div class=\"elementor-element elementor-element-3213a1c8 elementor-widget elementor-widget-heading\" data-id=\"3213a1c8\" data-element_type=\"widget\" data-e-type=\"widget\" data-widget_type=\"heading.default\">\n\t\t\t\t<div class=\"elementor-widget-container\">\n\t\t\t\t\t<h1 class=\"elementor-heading-title elementor-size-default\">POLITICA SUI COOKIE<\/h1>\t\t\t\t<\/div>\n\t\t\t\t<\/div>\n\t\t\t\t\t<\/div>\n\t\t<\/div>\n\t\t\t\t\t<\/div>\n\t\t<\/section>\n\t\t\t\t<section class=\"elementor-section elementor-inner-section elementor-element elementor-element-11edad39 elementor-section-full_width elementor-section-height-default elementor-section-height-default\" data-id=\"11edad39\" data-element_type=\"section\" data-e-type=\"section\">\n\t\t\t\t\t\t<div class=\"elementor-container elementor-column-gap-default\">\n\t\t\t\t\t<div class=\"elementor-column elementor-col-100 elementor-inner-column elementor-element elementor-element-39cbf53a\" data-id=\"39cbf53a\" data-element_type=\"column\" data-e-type=\"column\" data-settings=\"{&quot;background_background&quot;:&quot;classic&quot;}\">\n\t\t\t<div class=\"elementor-widget-wrap elementor-element-populated\">\n\t\t\t\t\t\t<div class=\"elementor-element elementor-element-6664f6e8 elementor-widget elementor-widget-heading\" data-id=\"6664f6e8\" data-element_type=\"widget\" data-e-type=\"widget\" data-widget_type=\"heading.default\">\n\t\t\t\t<div class=\"elementor-widget-container\">\n\t\t\t\t\t<p class=\"elementor-heading-title elementor-size-default\">Centro di Medicina Riproduttiva e Medicina Fetale Alexandros V. Traianos <\/p>\t\t\t\t<\/div>\n\t\t\t\t<\/div>\n\t\t\t\t\t<\/div>\n\t\t<\/div>\n\t\t\t\t\t<\/div>\n\t\t<\/section>\n\t\t\t\t\t<\/div>\n\t\t<\/div>\n\t\t\t\t\t<\/div>\n\t\t<\/section>\n\t\t\t\t<section class=\"elementor-section elementor-top-section elementor-element elementor-element-433e35bb elementor-section-full_width elementor-section-stretched elementor-section-height-default elementor-section-height-default\" data-id=\"433e35bb\" data-element_type=\"section\" data-e-type=\"section\" data-settings=\"{&quot;stretch_section&quot;:&quot;section-stretched&quot;}\">\n\t\t\t\t\t\t<div class=\"elementor-container elementor-column-gap-default\">\n\t\t\t\t\t<div class=\"elementor-column elementor-col-66 elementor-top-column elementor-element elementor-element-13be7144\" data-id=\"13be7144\" data-element_type=\"column\" data-e-type=\"column\">\n\t\t\t<div class=\"elementor-widget-wrap elementor-element-populated\">\n\t\t\t\t\t\t<div class=\"elementor-element elementor-element-1ad900a7 elementor-widget elementor-widget-text-editor\" data-id=\"1ad900a7\" data-element_type=\"widget\" data-e-type=\"widget\" data-widget_type=\"text-editor.default\">\n\t\t\t\t<div class=\"elementor-widget-container\">\n\t\t\t\t\t\t\t\t\t<div><div><div><div><div><div><div><div><div><div><div><div><p>I cookie sono piccoli file di testo che vengono memorizzati da un sito web in un browser (browser internet) durante la nostra navigazione e poi recuperati in modo che possa riconoscerlo alla successiva visita.<br \/>Ma i cookie non contengono mai informazioni personali, che potrebbero consentire a chiunque di contattare il visitatore del sito web, come ad esempio posta elettronica, ecc.<br \/>Nella &quot;Informativa sulla privacy di Dralexandrostraianos.gr&quot;, disponibile sul sito web\u00a0 <a href=\"https:\/\/dralexandrostraianos.gr\/it\/privacy-policy\/\">https:\/\/dralexandrostraianos.gr\/privacy-policy\/<\/a>\u00a0, puoi conoscere i dati personali che raccogliamo su di te.<\/p><p>1. Tipologie di cookie<br \/>La Societ\u00e0 pu\u00f2 utilizzare cookie delle seguenti tipologie per favorire un migliore servizio ai visitatori del sito web, la personalizzazione delle informazioni e delle preferenze di ciascun browser.<\/p><p>1.1 Cookie necessari<br \/>Sono i cookie necessari per il funzionamento di un sito web. Senza cookie il sito web non pu\u00f2 funzionare correttamente. Non chiediamo il tuo consenso specifico per questa specifica categoria di cookie. Tutti gli altri cookie richiedono il tuo consenso.<\/p><p>1.2 Cookie di funzionalit\u00e0<br \/>Sono cookie che migliorano la funzionalit\u00e0 del sito web. Grazie all&#039;uso di questi cookie, la navigazione si adatta ai tuoi interessi e quindi possiamo risparmiare il tempo che perderesti inserendo nuovamente le informazioni.<\/p><p>1.3 Cookie di terze parti<br \/>1.3.1 Google Analytics: il sito web della Societ\u00e0 utilizza le \u201cfunzioni di remarketing e pubblicit\u00e0\u201d di Google Analytics, attraverso le quali la nostra Societ\u00e0 raccoglie informazioni. Queste informazioni aiutano la nostra Azienda a migliorare il proprio sito web in base alle preferenze dei suoi visitatori. Le informazioni raccolte vengono inviate e archiviate su un server di propriet\u00e0 di Google negli Stati Uniti. Per ulteriori informazioni sulla Privacy Policy di Google, visitare il seguente sito web\u00a0<a href=\"https:\/\/policies.google.com\/privacy?hl=en\" target=\"_blank\" rel=\"noopener noreferrer\">https:\/\/policies.google.com\/privacy?hl=en<\/a>\u00a0e soprattutto il collegamento\u00a0<a href=\"https:\/\/support.google.com\/analytics\/answer\/6004245\" target=\"_blank\" rel=\"noopener noreferrer\">https:\/\/support.google.com\/analytics\/answer\/6004245<\/a>.<br \/>Nel caso in cui non desideri che i tuoi dati vengano raccolti da Google Analytics, puoi scaricare e installare il programma di disattivazione di Google Analytics nel tuo browser al link sottostante:<br \/><a href=\"https:\/\/tools.google.com\/dlpage\/gaoptout\/\" target=\"_blank\" rel=\"noopener noreferrer\">https:\/\/tools.google.com\/dlpage\/gaoptout\/<\/a><br \/>1.3.2 Facebook: il sito web della Societ\u00e0 dispone di pulsanti per promuovere o condividere pagine sui social media. Questi pulsanti funzionano tramite un codice messo a disposizione da Facebook. Questo codice, tra le altre cose, inserisce un cookie. Si prega di leggere l&#039;informativa sulla privacy di Facebook (che pu\u00f2 cambiare periodicamente) per vedere cosa fa con i dati raccolti con questo codice. La societ\u00e0 non ha alcuna influenza su questo.<br \/>1.3.3 YouTube: il sito web della Societ\u00e0 utilizza file video da YouTube. Questi file contengono cookie. Ti invitiamo a leggere l&#039;informativa sulla privacy di YouTube (che pu\u00f2 cambiare periodicamente) se desideri maggiori informazioni sui cookie che utilizza e su cosa fa con i dati raccolti con questi cookie. La societ\u00e0 non ha alcuna influenza su questo.<\/p><p>2 Controllo dei cookie<br \/>Puoi controllare e\/o eliminare i cookie secondo i tuoi desideri. Puoi anche eliminare tutti i cookie gi\u00e0 presenti sul tuo computer (o qualsiasi dispositivo utilizzato per navigare in Internet), nonch\u00e9 impostare la maggior parte dei browser Web per impedire l&#039;installazione dei cookie.<br \/>Tuttavia, in questo caso, potresti dover modificare personalmente alcune preferenze ogni volta che visiti un sito web (Sito web). Inoltre, eliminando i cookie, alcuni servizi potrebbero non funzionare.<\/p><p>3 Accettazione dell&#039;installazione dei cookie<br \/>Il visitatore che naviga sul sito dralexandrostraianos.gr viene informato la prima volta che accede allo stesso con un riferimento pertinente in fondo alla pagina che accetta e comprende che l&#039;uso dei cookie \u00e8 necessario per il suo buon funzionamento.<br \/>In caso contrario dovr\u00e0 interrompere la navigazione sul sito o disattivare l&#039;uso dei cookie nelle impostazioni del browser. Se i cookie non vengono installati, potrebbe esserci un impatto significativo sia sulla funzionalit\u00e0 del sito web che sulla capacit\u00e0 di ricevere informazioni o servizi da dralexandrostraianos.gr<\/p><p>4 Disattivazione\/attivazione di cookie specifici<br \/>La societ\u00e0 sta lavorando per fornirti la possibilit\u00e0 di gestire l&#039;installazione dei cookie che preferisci sul nostro sito web, ma questa funzionalit\u00e0 \u00e8 attualmente in fase di sviluppo. Come passaggio intermedio, di seguito forniamo informazioni dettagliate su tutti i cookie inseriti sul tuo computer dai nostri siti Web e sulla loro utilit\u00e0, nonch\u00e9 dettagli su come possono essere disabilitati laddove questa opzione \u00e8 disponibile.<br \/>La tabella seguente mostra i cookie che utilizziamo e i motivi per cui lo facciamo. Queste informazioni vengono aggiornate regolarmente, tuttavia, se notate delle incongruenze, vi preghiamo di contattarci.<\/p><\/div><\/div><\/div><\/div><\/div><\/div><\/div><\/div><\/div><\/div><\/div><\/div>\t\t\t\t\t\t\t\t<\/div>\n\t\t\t\t<\/div>\n\t\t\t\t\t<\/div>\n\t\t<\/div>\n\t\t\t\t<div class=\"elementor-column elementor-col-33 elementor-top-column elementor-element elementor-element-7c00476\" data-id=\"7c00476\" data-element_type=\"column\" data-e-type=\"column\">\n\t\t\t<div class=\"elementor-widget-wrap elementor-element-populated\">\n\t\t\t\t\t\t<div class=\"elementor-element elementor-element-157cdebf elementor-widget elementor-widget-image\" data-id=\"157cdebf\" data-element_type=\"widget\" data-e-type=\"widget\" data-settings=\"{&quot;sticky&quot;:&quot;top&quot;,&quot;sticky_offset&quot;:100,&quot;sticky_parent&quot;:&quot;yes&quot;,&quot;sticky_on&quot;:[&quot;desktop&quot;,&quot;tablet&quot;,&quot;mobile&quot;],&quot;sticky_effects_offset&quot;:0,&quot;sticky_anchor_link_offset&quot;:0}\" data-widget_type=\"image.default\">\n\t\t\t\t<div class=\"elementor-widget-container\">\n\t\t\t\t\t\t\t\t\t\t\t\t<figure class=\"wp-caption\">\n\t\t\t\t\t\t\t\t\t\t<img decoding=\"async\" width=\"800\" height=\"533\" src=\"https:\/\/dralexandrostraianos.gr\/wp-content\/uploads\/2023\/03\/artificial-insemination-fertilization-of-human-egg-cell-by-sper-1024x682.jpg\" class=\"attachment-large size-large wp-image-7292\" alt=\"\" srcset=\"https:\/\/dralexandrostraianos.gr\/wp-content\/uploads\/2023\/03\/artificial-insemination-fertilization-of-human-egg-cell-by-sper-1024x682.jpg 1024w, https:\/\/dralexandrostraianos.gr\/wp-content\/uploads\/2023\/03\/artificial-insemination-fertilization-of-human-egg-cell-by-sper-300x200.jpg 300w, https:\/\/dralexandrostraianos.gr\/wp-content\/uploads\/2023\/03\/artificial-insemination-fertilization-of-human-egg-cell-by-sper-768x512.jpg 768w, https:\/\/dralexandrostraianos.gr\/wp-content\/uploads\/2023\/03\/artificial-insemination-fertilization-of-human-egg-cell-by-sper-1536x1024.jpg 1536w, https:\/\/dralexandrostraianos.gr\/wp-content\/uploads\/2023\/03\/artificial-insemination-fertilization-of-human-egg-cell-by-sper-18x12.jpg 18w, https:\/\/dralexandrostraianos.gr\/wp-content\/uploads\/2023\/03\/artificial-insemination-fertilization-of-human-egg-cell-by-sper.jpg 2000w\" sizes=\"(max-width: 800px) 100vw, 800px\" \/>\t\t\t\t\t\t\t\t\t\t\t<figcaption class=\"widget-image-caption wp-caption-text\">dralexandrostraianos.gr<\/figcaption>\n\t\t\t\t\t\t\t\t\t\t<\/figure>\n\t\t\t\t\t\t\t\t\t<\/div>\n\t\t\t\t<\/div>\n\t\t\t\t\t<\/div>\n\t\t<\/div>\n\t\t\t\t\t<\/div>\n\t\t<\/section>\n\t\t\t\t<\/div>","protected":false},"excerpt":{"rendered":"<p>Centro di Medicina Riproduttiva e Fetale Alexandros V. Traianos I cookie sono piccoli file di testo che vengono memorizzati da un sito web in un browser internet durante la navigazione e poi recuperati per riconoscerlo la prossima volta che lo visitiamo. Tuttavia, i cookie non contengono mai informazioni personali, il [\u2026]<\/p>","protected":false},"author":9,"featured_media":2966,"parent":0,"menu_order":0,"comment_status":"closed","ping_status":"open","template":"elementor_header_footer","meta":{"footnotes":""},"class_list":["post-2975","page","type-page","status-publish","has-post-thumbnail","hentry"],"_links":{"self":[{"href":"https:\/\/dralexandrostraianos.gr\/it\/wp-json\/wp\/v2\/pages\/2975","targetHints":{"allow":["GET"]}}],"collection":[{"href":"https:\/\/dralexandrostraianos.gr\/it\/wp-json\/wp\/v2\/pages"}],"about":[{"href":"https:\/\/dralexandrostraianos.gr\/it\/wp-json\/wp\/v2\/types\/page"}],"author":[{"embeddable":true,"href":"https:\/\/dralexandrostraianos.gr\/it\/wp-json\/wp\/v2\/users\/9"}],"replies":[{"embeddable":true,"href":"https:\/\/dralexandrostraianos.gr\/it\/wp-json\/wp\/v2\/comments?post=2975"}],"version-history":[{"count":0,"href":"https:\/\/dralexandrostraianos.gr\/it\/wp-json\/wp\/v2\/pages\/2975\/revisions"}],"wp:featuredmedia":[{"embeddable":true,"href":"https:\/\/dralexandrostraianos.gr\/it\/wp-json\/wp\/v2\/media\/2966"}],"wp:attachment":[{"href":"https:\/\/dralexandrostraianos.gr\/it\/wp-json\/wp\/v2\/media?parent=2975"}],"curies":[{"name":"wp","href":"https:\/\/api.w.org\/{rel}","templated":true}]}}