{"id":561,"date":"2019-12-12T20:13:01","date_gmt":"2019-12-12T18:13:01","guid":{"rendered":"http:\/\/plethorathemes.com\/healthx\/?page_id=561"},"modified":"2025-11-26T14:17:11","modified_gmt":"2025-11-26T12:17:11","slug":"sixnes-erotisis","status":"publish","type":"page","link":"https:\/\/dralexandrostraianos.gr\/it\/sixnes-erotisis\/","title":{"rendered":"DOMANDE FREQUENTI"},"content":{"rendered":"<div data-elementor-type=\"wp-page\" data-elementor-id=\"561\" class=\"elementor elementor-561\" data-elementor-post-type=\"page\">\n\t\t\t\t<div class=\"elementor-element elementor-element-3a17a60 e-flex e-con-boxed e-con e-parent\" data-id=\"3a17a60\" data-element_type=\"container\" data-e-type=\"container\" data-settings=\"{&quot;background_background&quot;:&quot;classic&quot;,&quot;shape_divider_bottom&quot;:&quot;triangle&quot;}\">\n\t\t\t\t\t<div class=\"e-con-inner\">\n\t\t\t\t<div class=\"elementor-shape elementor-shape-bottom\" aria-hidden=\"true\" data-negative=\"false\">\n\t\t\t<svg xmlns=\"http:\/\/www.w3.org\/2000\/svg\" viewbox=\"0 0 1000 100\" preserveaspectratio=\"none\">\n\t<path class=\"elementor-shape-fill\" d=\"M500,98.9L0,6.1V0h1000v6.1L500,98.9z\"\/>\n<\/svg>\t\t<\/div>\n\t\t<div class=\"elementor-element elementor-element-087238e e-con-full e-flex e-con e-child\" data-id=\"087238e\" data-element_type=\"container\" data-e-type=\"container\">\n\t\t\t\t<div class=\"elementor-element elementor-element-e69d4da elementor-widget elementor-widget-heading\" data-id=\"e69d4da\" data-element_type=\"widget\" data-e-type=\"widget\" data-widget_type=\"heading.default\">\n\t\t\t\t<div class=\"elementor-widget-container\">\n\t\t\t\t\t<h1 class=\"elementor-heading-title elementor-size-default\">DOMANDE FREQUENTI<\/h1>\t\t\t\t<\/div>\n\t\t\t\t<\/div>\n\t\t\t\t<div class=\"elementor-element elementor-element-2e0f6d8 elementor-widget elementor-widget-heading\" data-id=\"2e0f6d8\" data-element_type=\"widget\" data-e-type=\"widget\" data-widget_type=\"heading.default\">\n\t\t\t\t<div class=\"elementor-widget-container\">\n\t\t\t\t\t<h3 class=\"elementor-heading-title elementor-size-default\">Dr. ALEXANDROS TRAIANOS<\/h3>\t\t\t\t<\/div>\n\t\t\t\t<\/div>\n\t\t\t\t<div class=\"elementor-element elementor-element-88d3d68 elementor-widget elementor-widget-text-editor\" data-id=\"88d3d68\" data-element_type=\"widget\" data-e-type=\"widget\" data-widget_type=\"text-editor.default\">\n\t\t\t\t<div class=\"elementor-widget-container\">\n\t\t\t\t\t\t\t\t\tCENTRO DI MEDICINA RIPRODUTTIVA E MEDICINA DELL&#039;EMBRIONE\t\t\t\t\t\t\t\t<\/div>\n\t\t\t\t<\/div>\n\t\t\t\t<\/div>\n\t\t\t\t\t<\/div>\n\t\t\t\t<\/div>\n\t\t<div class=\"elementor-element elementor-element-066f983 e-flex e-con-boxed e-con e-parent\" data-id=\"066f983\" data-element_type=\"container\" data-e-type=\"container\" data-settings=\"{&quot;background_background&quot;:&quot;classic&quot;}\">\n\t\t\t\t\t<div class=\"e-con-inner\">\n\t\t<div class=\"elementor-element elementor-element-92c653b e-con-full e-flex e-con e-child\" data-id=\"92c653b\" data-element_type=\"container\" data-e-type=\"container\" data-settings=\"{&quot;background_background&quot;:&quot;classic&quot;}\">\n\t\t\t\t<div class=\"elementor-element elementor-element-117d3d0 elementor-widget elementor-widget-heading\" data-id=\"117d3d0\" data-element_type=\"widget\" data-e-type=\"widget\" data-widget_type=\"heading.default\">\n\t\t\t\t<div class=\"elementor-widget-container\">\n\t\t\t\t\t<h2 class=\"elementor-heading-title elementor-size-default\">Domande frequenti<\/h2>\t\t\t\t<\/div>\n\t\t\t\t<\/div>\n\t\t\t\t<div class=\"elementor-element elementor-element-acbbd45 elementor-invisible elementor-widget elementor-widget-heading\" data-id=\"acbbd45\" data-element_type=\"widget\" data-e-type=\"widget\" data-settings=\"{&quot;_animation&quot;:&quot;fadeIn&quot;,&quot;_animation_delay&quot;:150}\" data-widget_type=\"heading.default\">\n\t\t\t\t<div class=\"elementor-widget-container\">\n\t\t\t\t\t<h2 class=\"elementor-heading-title elementor-size-default\">CENTRO DI MEDICINA RIPRODUTTIVA E MEDICINA DELL&#039;EMBRIONE<\/h2>\t\t\t\t<\/div>\n\t\t\t\t<\/div>\n\t\t\t\t<div class=\"elementor-element elementor-element-6809eda elementor-widget elementor-widget-jet-accordion\" data-id=\"6809eda\" data-element_type=\"widget\" data-e-type=\"widget\" data-widget_type=\"jet-accordion.default\">\n\t\t\t\t<div class=\"elementor-widget-container\">\n\t\t\t\t\t\t\t\t\t<div class=\"jet-accordion\" data-settings=\"{&quot;collapsible&quot;:true,&quot;ajaxTemplate&quot;:false,&quot;switchScrolling&quot;:true,&quot;switchScrollingOffset&quot;:{&quot;unit&quot;:&quot;px&quot;,&quot;size&quot;:100,&quot;sizes&quot;:[]},&quot;switchScrollingDelay&quot;:500}\">\n\t\t\t<div class=\"jet-accordion__inner\">\n\t\t\t\t<div class=\"jet-accordion__item jet-toggle jet-toggle-fall-perspective-effect\">\n\t\t\t\t\t\t\t<div id=\"jet-toggle-control-1091\" class=\"jet-toggle__control elementor-menu-anchor\" data-toggle=\"1\" role=\"button\" tabindex=\"0\" aria-controls=\"jet-toggle-content-1091\" aria-expanded=\"false\" data-template-id=\"false\">\n\t\t\t\t\t\t\t\t<div class=\"jet-toggle__label-icon jet-toggle-icon-position-left\"><span class=\"jet-toggle__icon icon-normal jet-tabs-icon\"><i class=\"fas fa-plus\"><\/i><\/span><span class=\"jet-toggle__icon icon-active jet-tabs-icon\"><i class=\"fas fa-minus\"><\/i><\/span><\/div><div class=\"jet-toggle__label-text\">LA RACCOLTA DELLE UOVA \u00c8 DOLOROSO?<\/div>\t\t\t\t\t\t\t<\/div>\n\t\t\t\t\t\t\t<div id=\"jet-toggle-content-1091\" class=\"jet-toggle__content\" data-toggle=\"1\" role=\"region\" data-template-id=\"false\">\n\t\t\t\t\t\t\t\t<div class=\"jet-toggle__content-inner\"><p>La raccolta degli ovuli dura 10-15 minuti, non \u00e8 dolorosa, viene effettuata in stato di ebbrezza e al termine della procedura si ritorna alle proprie attivit\u00e0.<\/p><\/div>\n\t\t\t\t\t\t\t<\/div>\n\t\t\t\t\t\t<\/div><div class=\"jet-accordion__item jet-toggle jet-toggle-fall-perspective-effect\">\n\t\t\t\t\t\t\t<div id=\"jet-toggle-control-1092\" class=\"jet-toggle__control elementor-menu-anchor\" data-toggle=\"2\" role=\"button\" tabindex=\"0\" aria-controls=\"jet-toggle-content-1092\" aria-expanded=\"false\" data-template-id=\"false\">\n\t\t\t\t\t\t\t\t<div class=\"jet-toggle__label-icon jet-toggle-icon-position-left\"><span class=\"jet-toggle__icon icon-normal jet-tabs-icon\"><i class=\"fas fa-plus\"><\/i><\/span><span class=\"jet-toggle__icon icon-active jet-tabs-icon\"><i class=\"fas fa-minus\"><\/i><\/span><\/div><div class=\"jet-toggle__label-text\">HO GI\u00c0 AVUTO UN BAMBINO, ORA CHE CERCO DI RIMANERE INCINTA NON POSSO. IO E IL MIO PARTNER POSSIAMO AVERE UN PROBLEMA TRA LORO?<\/div>\t\t\t\t\t\t\t<\/div>\n\t\t\t\t\t\t\t<div id=\"jet-toggle-content-1092\" class=\"jet-toggle__content\" data-toggle=\"2\" role=\"region\" data-template-id=\"false\">\n\t\t\t\t\t\t\t\t<div class=\"jet-toggle__content-inner\"><p>In generale, gli esperti concordano nel ritenere che il fatto che una coppia abbia gi\u00e0 avuto un figlio pu\u00f2 essere considerato la prova che non esiste alcun problema di infertilit\u00e0. \u00c8 come un piccolo test che \u00e8 stato fatto e dimostra che ce l&#039;hanno fatta almeno una volta. D&#039;altra parte, per\u00f2, bisogna essere consapevoli che nel frattempo le cose potrebbero essere cambiate e potrebbe essere sorto qualche problema (ad esempio l&#039;uomo potrebbe aver avuto qualche tipo di infiammazione, che incide sulla qualit\u00e0 del suo sperma o \u00e8 intervenuto qualcosa che incide fertilit\u00e0 femminile: un\u2019infiammazione, un intervento ginecologico, un aborto, ecc.). In ogni caso, se passa un ragionevole periodo di tempo (un anno) e la coppia non riesce a ottenere una gravidanza, allora deve, con l&#039;aiuto del proprio medico, indagare se c&#039;\u00e8 stato un problema che causa l&#039;infertilit\u00e0.<\/p><\/div>\n\t\t\t\t\t\t\t<\/div>\n\t\t\t\t\t\t<\/div><div class=\"jet-accordion__item jet-toggle jet-toggle-fall-perspective-effect\">\n\t\t\t\t\t\t\t<div id=\"jet-toggle-control-1093\" class=\"jet-toggle__control elementor-menu-anchor\" data-toggle=\"3\" role=\"button\" tabindex=\"0\" aria-controls=\"jet-toggle-content-1093\" aria-expanded=\"false\" data-template-id=\"false\">\n\t\t\t\t\t\t\t\t<div class=\"jet-toggle__label-icon jet-toggle-icon-position-left\"><span class=\"jet-toggle__icon icon-normal jet-tabs-icon\"><i class=\"fas fa-plus\"><\/i><\/span><span class=\"jet-toggle__icon icon-active jet-tabs-icon\"><i class=\"fas fa-minus\"><\/i><\/span><\/div><div class=\"jet-toggle__label-text\">L&#039;INFERTILIT\u00c0 \u00c8 UN PROBLEMA SOLO DELLE DONNE?<\/div>\t\t\t\t\t\t\t<\/div>\n\t\t\t\t\t\t\t<div id=\"jet-toggle-content-1093\" class=\"jet-toggle__content\" data-toggle=\"3\" role=\"region\" data-template-id=\"false\">\n\t\t\t\t\t\t\t\t<div class=\"jet-toggle__content-inner\"><p>Ovviamente no. In circa un terzo dei casi l\u2019infertilit\u00e0 \u00e8 dovuta alla donna (fattore femminile), mentre in un terzo dei casi \u00e8 dovuta all\u2019uomo (fattore maschile). Nel restante terzo ci\u00f2 \u00e8 dovuto a fattori entrambi (sia maschili che femminili) o addirittura sconosciuti.<\/p><\/div>\n\t\t\t\t\t\t\t<\/div>\n\t\t\t\t\t\t<\/div><div class=\"jet-accordion__item jet-toggle jet-toggle-fall-perspective-effect\">\n\t\t\t\t\t\t\t<div id=\"jet-toggle-control-1094\" class=\"jet-toggle__control elementor-menu-anchor\" data-toggle=\"4\" role=\"button\" tabindex=\"0\" aria-controls=\"jet-toggle-content-1094\" aria-expanded=\"false\" data-template-id=\"false\">\n\t\t\t\t\t\t\t\t<div class=\"jet-toggle__label-icon jet-toggle-icon-position-left\"><span class=\"jet-toggle__icon icon-normal jet-tabs-icon\"><i class=\"fas fa-plus\"><\/i><\/span><span class=\"jet-toggle__icon icon-active jet-tabs-icon\"><i class=\"fas fa-minus\"><\/i><\/span><\/div><div class=\"jet-toggle__label-text\">POSSO SALVARE I MIEI OVULI\/SPERMA?<\/div>\t\t\t\t\t\t\t<\/div>\n\t\t\t\t\t\t\t<div id=\"jet-toggle-content-1094\" class=\"jet-toggle__content\" data-toggle=\"4\" role=\"region\" data-template-id=\"false\">\n\t\t\t\t\t\t\t\t<div class=\"jet-toggle__content-inner\"><p>Presso il Centro di Medicina Riproduttiva Dr. Traianos offriamo servizi di crioconservazione di ovuli\/sperma per coloro che necessitano di questo servizio per motivi personali o medici. Utilizziamo la pi\u00f9 moderna tecnica di vitrificazione nel congelamento dello sperma e degli ovuli.<\/p><\/div>\n\t\t\t\t\t\t\t<\/div>\n\t\t\t\t\t\t<\/div><div class=\"jet-accordion__item jet-toggle jet-toggle-fall-perspective-effect\">\n\t\t\t\t\t\t\t<div id=\"jet-toggle-control-1095\" class=\"jet-toggle__control elementor-menu-anchor\" data-toggle=\"5\" role=\"button\" tabindex=\"0\" aria-controls=\"jet-toggle-content-1095\" aria-expanded=\"false\" data-template-id=\"false\">\n\t\t\t\t\t\t\t\t<div class=\"jet-toggle__label-icon jet-toggle-icon-position-left\"><span class=\"jet-toggle__icon icon-normal jet-tabs-icon\"><i class=\"fas fa-plus\"><\/i><\/span><span class=\"jet-toggle__icon icon-active jet-tabs-icon\"><i class=\"fas fa-minus\"><\/i><\/span><\/div><div class=\"jet-toggle__label-text\">QUAL \u00c8 IL TASSO DI SUCCESSO DELLA FIV?<\/div>\t\t\t\t\t\t\t<\/div>\n\t\t\t\t\t\t\t<div id=\"jet-toggle-content-1095\" class=\"jet-toggle__content\" data-toggle=\"5\" role=\"region\" data-template-id=\"false\">\n\t\t\t\t\t\t\t\t<div class=\"jet-toggle__content-inner\"><p>Le percentuali di successo variano in ciascun centro extracorporeo. Fattori molto importanti sono anche l&#039;et\u00e0 della donna, i suoi livelli ormonali e ovviamente lo sperma del marito. In generale le tariffe vanno da 45% o poco pi\u00f9 per le donne fino a 35 anni.<\/p><\/div>\n\t\t\t\t\t\t\t<\/div>\n\t\t\t\t\t\t<\/div><div class=\"jet-accordion__item jet-toggle jet-toggle-fall-perspective-effect\">\n\t\t\t\t\t\t\t<div id=\"jet-toggle-control-1096\" class=\"jet-toggle__control elementor-menu-anchor\" data-toggle=\"6\" role=\"button\" tabindex=\"0\" aria-controls=\"jet-toggle-content-1096\" aria-expanded=\"false\" data-template-id=\"false\">\n\t\t\t\t\t\t\t\t<div class=\"jet-toggle__label-icon jet-toggle-icon-position-left\"><span class=\"jet-toggle__icon icon-normal jet-tabs-icon\"><i class=\"fas fa-plus\"><\/i><\/span><span class=\"jet-toggle__icon icon-active jet-tabs-icon\"><i class=\"fas fa-minus\"><\/i><\/span><\/div><div class=\"jet-toggle__label-text\">QUANTE VOLTE PU\u00d2 SOTTOPORRE UNA DONNA AL TRATTAMENTO DI FIV?<\/div>\t\t\t\t\t\t\t<\/div>\n\t\t\t\t\t\t\t<div id=\"jet-toggle-content-1096\" class=\"jet-toggle__content\" data-toggle=\"6\" role=\"region\" data-template-id=\"false\">\n\t\t\t\t\t\t\t\t<div class=\"jet-toggle__content-inner\"><p>Il numero di cicli di trattamento a cui una donna pu\u00f2 sottoporsi non \u00e8 fisso. \u00c8 certo che nel nostro Paese esistono ostetrici-ginecologi di alto livello e centri organizzati per la cura dell&#039;infertilit\u00e0 che offrono eccellenti servizi medici di questo livello. Se esistono indicazioni corrette (ad es. ovaie che rispondono alla terapia di stimolazione, endometrio di buona qualit\u00e0, ecc.), la percentuale di successo - soprattutto con l&#039;uso di tecniche pi\u00f9 recenti e farmaci biotecnologici, che mostrano una maggiore bioattivit\u00e0 rispetto ai farmaci convenzionali contenuti nell&#039;urina - ammonta complessivamente a circa 65%-70% dopo 4 cicli di trattamento.<\/p><\/div>\n\t\t\t\t\t\t\t<\/div>\n\t\t\t\t\t\t<\/div><div class=\"jet-accordion__item jet-toggle jet-toggle-fall-perspective-effect\">\n\t\t\t\t\t\t\t<div id=\"jet-toggle-control-1097\" class=\"jet-toggle__control elementor-menu-anchor\" data-toggle=\"7\" role=\"button\" tabindex=\"0\" aria-controls=\"jet-toggle-content-1097\" aria-expanded=\"false\" data-template-id=\"false\">\n\t\t\t\t\t\t\t\t<div class=\"jet-toggle__label-icon jet-toggle-icon-position-left\"><span class=\"jet-toggle__icon icon-normal jet-tabs-icon\"><i class=\"fas fa-plus\"><\/i><\/span><span class=\"jet-toggle__icon icon-active jet-tabs-icon\"><i class=\"fas fa-minus\"><\/i><\/span><\/div><div class=\"jet-toggle__label-text\">QUANDO UNA COPPIA VIENE CONSIDERATA INFERTILIT\u00c0?<\/div>\t\t\t\t\t\t\t<\/div>\n\t\t\t\t\t\t\t<div id=\"jet-toggle-content-1097\" class=\"jet-toggle__content\" data-toggle=\"7\" role=\"region\" data-template-id=\"false\">\n\t\t\t\t\t\t\t\t<div class=\"jet-toggle__content-inner\"><p>L\u2019infertilit\u00e0 \u00e8 definita come il mancato concepimento dopo un anno (o 6 mesi se una donna ha pi\u00f9 di 35 anni) di rapporti sessuali normali e regolari. In altre parole, quando \u00e8 trascorso un anno senza che la donna sia rimasta incinta, la coppia dovrebbe contattare il proprio medico curante per scoprire qual \u00e8 la causa del mancato raggiungimento della gravidanza e poi curarla. Tuttavia, dobbiamo essere tutti consapevoli e non dimenticare che il fattore et\u00e0 \u00e8 il pi\u00f9 critico per la fertilit\u00e0 femminile e che l&#039;approccio individualizzato di ciascuna coppia \u00e8 la &quot;chiave d&#039;oro&quot; che risolve il problema.<\/p><\/div>\n\t\t\t\t\t\t\t<\/div>\n\t\t\t\t\t\t<\/div><div class=\"jet-accordion__item jet-toggle jet-toggle-fall-perspective-effect\">\n\t\t\t\t\t\t\t<div id=\"jet-toggle-control-1098\" class=\"jet-toggle__control elementor-menu-anchor\" data-toggle=\"8\" role=\"button\" tabindex=\"0\" aria-controls=\"jet-toggle-content-1098\" aria-expanded=\"false\" data-template-id=\"false\">\n\t\t\t\t\t\t\t\t<div class=\"jet-toggle__label-icon jet-toggle-icon-position-left\"><span class=\"jet-toggle__icon icon-normal jet-tabs-icon\"><i class=\"fas fa-plus\"><\/i><\/span><span class=\"jet-toggle__icon icon-active jet-tabs-icon\"><i class=\"fas fa-minus\"><\/i><\/span><\/div><div class=\"jet-toggle__label-text\">I FARMACI ESOSOMICI POSSONO PROVOCARE IL CANCRO?<\/div>\t\t\t\t\t\t\t<\/div>\n\t\t\t\t\t\t\t<div id=\"jet-toggle-content-1098\" class=\"jet-toggle__content\" data-toggle=\"8\" role=\"region\" data-template-id=\"false\">\n\t\t\t\t\t\t\t\t<div class=\"jet-toggle__content-inner\"><p>L\u2019associazione dei farmaci per la fecondazione in vitro con il rischio di cancro \u00e8 la pi\u00f9 grande preoccupazione delle donne che aderiscono a questi programmi. Ma numerosi riferimenti bibliografici raccolti da studi scientifici attendibili e pubblicati su autorevoli riviste mediche di tutto il mondo sono rassicuranti e non confermano questa preoccupazione.<\/p><\/div>\n\t\t\t\t\t\t\t<\/div>\n\t\t\t\t\t\t<\/div><div class=\"jet-accordion__item jet-toggle jet-toggle-fall-perspective-effect\">\n\t\t\t\t\t\t\t<div id=\"jet-toggle-control-1099\" class=\"jet-toggle__control elementor-menu-anchor\" data-toggle=\"9\" role=\"button\" tabindex=\"0\" aria-controls=\"jet-toggle-content-1099\" aria-expanded=\"false\" data-template-id=\"false\">\n\t\t\t\t\t\t\t\t<div class=\"jet-toggle__label-icon jet-toggle-icon-position-left\"><span class=\"jet-toggle__icon icon-normal jet-tabs-icon\"><i class=\"fas fa-plus\"><\/i><\/span><span class=\"jet-toggle__icon icon-active jet-tabs-icon\"><i class=\"fas fa-minus\"><\/i><\/span><\/div><div class=\"jet-toggle__label-text\">COSA AUMENTA IL RISCHIO DI INFERTILIT\u00c0 MASCHILE?<\/div>\t\t\t\t\t\t\t<\/div>\n\t\t\t\t\t\t\t<div id=\"jet-toggle-content-1099\" class=\"jet-toggle__content\" data-toggle=\"9\" role=\"region\" data-template-id=\"false\">\n\t\t\t\t\t\t\t\t<div class=\"jet-toggle__content-inner\"><ul><li>l&#039;alcol<\/li><li>sostanze stupefacenti<\/li><li>tossine ambientali, inclusi pesticidi e piombo;<\/li><li>fumare<\/li><li>problemi di salute<\/li><li>medicinali<\/li><li>radioterapia e chemioterapia<\/li><li>l&#039;et\u00e0<\/li><\/ul><\/div>\n\t\t\t\t\t\t\t<\/div>\n\t\t\t\t\t\t<\/div>\t\t\t<\/div>\n\t\t<\/div>\n\t\t\t\t\t\t<\/div>\n\t\t\t\t<\/div>\n\t\t\t\t<\/div>\n\t\t\t\t\t<\/div>\n\t\t\t\t<\/div>\n\t\t<div class=\"elementor-element elementor-element-212bd36 e-flex e-con-boxed e-con e-parent\" data-id=\"212bd36\" data-element_type=\"container\" data-e-type=\"container\" data-settings=\"{&quot;background_background&quot;:&quot;classic&quot;,&quot;shape_divider_top&quot;:&quot;triangle&quot;,&quot;shape_divider_bottom&quot;:&quot;triangle&quot;}\">\n\t\t\t\t\t<div class=\"e-con-inner\">\n\t\t\t\t<div class=\"elementor-shape elementor-shape-top\" aria-hidden=\"true\" data-negative=\"false\">\n\t\t\t<svg xmlns=\"http:\/\/www.w3.org\/2000\/svg\" viewbox=\"0 0 1000 100\" preserveaspectratio=\"none\">\n\t<path class=\"elementor-shape-fill\" d=\"M500,98.9L0,6.1V0h1000v6.1L500,98.9z\"\/>\n<\/svg>\t\t<\/div>\n\t\t\t\t<div class=\"elementor-shape elementor-shape-bottom\" aria-hidden=\"true\" data-negative=\"false\">\n\t\t\t<svg xmlns=\"http:\/\/www.w3.org\/2000\/svg\" viewbox=\"0 0 1000 100\" preserveaspectratio=\"none\">\n\t<path class=\"elementor-shape-fill\" d=\"M500,98.9L0,6.1V0h1000v6.1L500,98.9z\"\/>\n<\/svg>\t\t<\/div>\n\t\t<div class=\"elementor-element elementor-element-19a6e9d e-con-full e-flex e-con e-child\" data-id=\"19a6e9d\" data-element_type=\"container\" data-e-type=\"container\">\n\t\t\t\t<div class=\"elementor-element elementor-element-9090c55 elementor-widget elementor-widget-heading\" data-id=\"9090c55\" data-element_type=\"widget\" data-e-type=\"widget\" data-settings=\"{&quot;_animation&quot;:&quot;none&quot;}\" data-widget_type=\"heading.default\">\n\t\t\t\t<div class=\"elementor-widget-container\">\n\t\t\t\t\t<h2 class=\"elementor-heading-title elementor-size-default\">PRENDI UN APPUNTAMENTO<\/h2>\t\t\t\t<\/div>\n\t\t\t\t<\/div>\n\t\t\t\t<div class=\"elementor-element elementor-element-d46bf4b elementor-widget elementor-widget-heading\" data-id=\"d46bf4b\" data-element_type=\"widget\" data-e-type=\"widget\" data-widget_type=\"heading.default\">\n\t\t\t\t<div class=\"elementor-widget-container\">\n\t\t\t\t\t<h3 class=\"elementor-heading-title elementor-size-default\">Dr. ALEXANDROS TRAIANOS<\/h3>\t\t\t\t<\/div>\n\t\t\t\t<\/div>\n\t\t\t\t<div class=\"elementor-element elementor-element-0b5cfa9 elementor-widget elementor-widget-text-editor\" data-id=\"0b5cfa9\" data-element_type=\"widget\" data-e-type=\"widget\" data-widget_type=\"text-editor.default\">\n\t\t\t\t<div class=\"elementor-widget-container\">\n\t\t\t\t\t\t\t\t\tCENTRO DI MEDICINA RIPRODUTTIVA E MEDICINA DELL&#039;EMBRIONE\t\t\t\t\t\t\t\t<\/div>\n\t\t\t\t<\/div>\n\t\t\t\t<div class=\"jet-popup-target elementor-element elementor-element-e0a7647 elementor-align-center elementor-widget elementor-widget-button\" data-jet-popup=\"{&quot;attached-popup&quot;:&quot;jet-popup-6463&quot;,&quot;trigger-type&quot;:&quot;click-self&quot;,&quot;trigger-custom-selector&quot;:&quot;&quot;}\" data-id=\"e0a7647\" data-element_type=\"widget\" data-e-type=\"widget\" data-widget_type=\"button.default\">\n\t\t\t\t<div class=\"elementor-widget-container\">\n\t\t\t\t\t\t\t\t\t<div class=\"elementor-button-wrapper\">\n\t\t\t\t\t<a class=\"elementor-button elementor-size-xs elementor-animation-grow\" role=\"button\">\n\t\t\t\t\t\t<span class=\"elementor-button-content-wrapper\">\n\t\t\t\t\t\t<span class=\"elementor-button-icon\">\n\t\t\t\t<i aria-hidden=\"true\" class=\"far fa-calendar-alt\"><\/i>\t\t\t<\/span>\n\t\t\t\t\t\t\t\t\t<span class=\"elementor-button-text\">PRENOTARE UN APPUNTAMENTO<\/span>\n\t\t\t\t\t<\/span>\n\t\t\t\t\t<\/a>\n\t\t\t\t<\/div>\n\t\t\t\t\t\t\t\t<\/div>\n\t\t\t\t<\/div>\n\t\t\t\t<\/div>\n\t\t\t\t\t<\/div>\n\t\t\t\t<\/div>\n\t\t\t\t<\/div>","protected":false},"excerpt":{"rendered":"<p>DOMANDE FREQUENTI Domande frequenti IL PRELIEVO DEGLI OVULI \u00c8 DIFFICILE? Il prelievo degli ovociti dura 10-15 minuti, non \u00e8 doloroso, viene eseguito in anestesia e al termine della procedura \u00e8 possibile riprendere le proprie attivit\u00e0. HO GI\u00c0 AVUTO UN FIGLIO, MA ORA, QUANDO STO CERCANDO DI RIMANERE INCINTA DI NUOVO, NON CI POSSO. IO O IL MIO PARTNER POTREI [\u2026]<\/p>","protected":false},"author":9,"featured_media":0,"parent":0,"menu_order":0,"comment_status":"closed","ping_status":"closed","template":"","meta":{"footnotes":""},"class_list":["post-561","page","type-page","status-publish","hentry"],"_links":{"self":[{"href":"https:\/\/dralexandrostraianos.gr\/it\/wp-json\/wp\/v2\/pages\/561","targetHints":{"allow":["GET"]}}],"collection":[{"href":"https:\/\/dralexandrostraianos.gr\/it\/wp-json\/wp\/v2\/pages"}],"about":[{"href":"https:\/\/dralexandrostraianos.gr\/it\/wp-json\/wp\/v2\/types\/page"}],"author":[{"embeddable":true,"href":"https:\/\/dralexandrostraianos.gr\/it\/wp-json\/wp\/v2\/users\/9"}],"replies":[{"embeddable":true,"href":"https:\/\/dralexandrostraianos.gr\/it\/wp-json\/wp\/v2\/comments?post=561"}],"version-history":[{"count":0,"href":"https:\/\/dralexandrostraianos.gr\/it\/wp-json\/wp\/v2\/pages\/561\/revisions"}],"wp:attachment":[{"href":"https:\/\/dralexandrostraianos.gr\/it\/wp-json\/wp\/v2\/media?parent=561"}],"curies":[{"name":"wp","href":"https:\/\/api.w.org\/{rel}","templated":true}]}}